{"id":2392,"date":"2023-12-26T20:51:48","date_gmt":"2023-12-26T20:51:48","guid":{"rendered":"https:\/\/1.musictravels.pl\/?page_id=2392"},"modified":"2024-01-07T16:05:11","modified_gmt":"2024-01-07T16:05:11","slug":"oferta-wspolpracy-music-travels","status":"publish","type":"page","link":"https:\/\/1.musictravels.pl\/en\/https-musictravels-pl-oferta-wspolpracy-music-travels\/","title":{"rendered":"For Travel Agencies"},"content":{"rendered":"<div data-elementor-type=\"wp-page\" data-elementor-id=\"2392\" class=\"elementor elementor-2392\">\n\t\t\t\t\t\t<div class=\"elementor-inner\">\n\t\t\t\t<div class=\"elementor-section-wrap\">\n\t\t\t\t\t\t\t\t\t<section class=\"elementor-section elementor-top-section elementor-element elementor-element-027b947 elementor-section-full_width elementor-section-height-default elementor-section-height-default row-top\" data-id=\"027b947\" data-element_type=\"section\">\n\t\t\t\t\t\t<div class=\"elementor-container elementor-column-gap-default\">\n\t\t\t\t\t\t\t<div class=\"elementor-row\">\n\t\t\t\t\t<div class=\"elementor-column elementor-col-100 elementor-top-column elementor-element elementor-element-d0bf791\" data-id=\"d0bf791\" data-element_type=\"column\">\n\t\t\t<div class=\"elementor-column-wrap elementor-element-populated\">\n\t\t\t\t\t\t\t<div class=\"elementor-widget-wrap\">\n\t\t\t\t\t\t<section class=\"elementor-section elementor-inner-section elementor-element elementor-element-01bc3a9 elementor-section-boxed elementor-section-height-default elementor-section-height-default row-top\" data-id=\"01bc3a9\" data-element_type=\"section\">\n\t\t\t\t\t\t<div class=\"elementor-container elementor-column-gap-default\">\n\t\t\t\t\t\t\t<div class=\"elementor-row\">\n\t\t\t\t\t<div class=\"elementor-column elementor-col-100 elementor-inner-column elementor-element elementor-element-639c088\" data-id=\"639c088\" data-element_type=\"column\">\n\t\t\t<div class=\"elementor-column-wrap elementor-element-populated\">\n\t\t\t\t\t\t\t<div class=\"elementor-widget-wrap\">\n\t\t\t\t\t\t<div class=\"elementor-element elementor-element-7938ee5 elementor-widget elementor-widget-gva-heading-block\" data-id=\"7938ee5\" data-element_type=\"widget\" data-widget_type=\"gva-heading-block.default\">\n\t\t\t\t<div class=\"elementor-widget-container\">\n\t\t\t<div class=\"gva-element-gva-heading-block gva-element\">   <div class=\"align-center style-1 widget gsc-heading box-align-center auto-responsive\">\r\n      <div class=\"content-inner\">\r\n         \r\n                  \r\n                     <div class=\"sub-title\"><span>Music Travels<\/span><\/div>\r\n           \r\n         \r\n                     <h2 class=\"title\">\r\n               <span>Offer for travel agencies<\/span>\r\n            <\/h2>\r\n                  \r\n         \r\n      <\/div>\r\n   <\/div>\r\n<\/div>\t\t<\/div>\n\t\t\t\t<\/div>\n\t\t\t\t\t\t<\/div>\n\t\t\t\t\t<\/div>\n\t\t<\/div>\n\t\t\t\t\t\t\t\t<\/div>\n\t\t\t\t\t<\/div>\n\t\t<\/section>\n\t\t\t\t\t\t<\/div>\n\t\t\t\t\t<\/div>\n\t\t<\/div>\n\t\t\t\t\t\t\t\t<\/div>\n\t\t\t\t\t<\/div>\n\t\t<\/section>\n\t\t\t\t<section class=\"elementor-section elementor-top-section elementor-element elementor-element-9b17c7d elementor-section-boxed elementor-section-height-default elementor-section-height-default row-top\" data-id=\"9b17c7d\" data-element_type=\"section\">\n\t\t\t\t\t\t<div class=\"elementor-container elementor-column-gap-default\">\n\t\t\t\t\t\t\t<div class=\"elementor-row\">\n\t\t\t\t\t<div class=\"elementor-column elementor-col-100 elementor-top-column elementor-element elementor-element-2224a28\" data-id=\"2224a28\" data-element_type=\"column\">\n\t\t\t<div class=\"elementor-column-wrap elementor-element-populated\">\n\t\t\t\t\t\t\t<div class=\"elementor-widget-wrap\">\n\t\t\t\t\t\t<div class=\"elementor-element elementor-element-97e6425 elementor-widget elementor-widget-text-editor\" data-id=\"97e6425\" data-element_type=\"widget\" data-widget_type=\"text-editor.default\">\n\t\t\t\t<div class=\"elementor-widget-container\">\n\t\t\t<style>\/*! elementor - v3.16.0 - 17-10-2023 *\/\n.elementor-widget-text-editor.elementor-drop-cap-view-stacked .elementor-drop-cap{background-color:#69727d;color:#fff}.elementor-widget-text-editor.elementor-drop-cap-view-framed .elementor-drop-cap{color:#69727d;border:3px solid;background-color:transparent}.elementor-widget-text-editor:not(.elementor-drop-cap-view-default) .elementor-drop-cap{margin-top:8px}.elementor-widget-text-editor:not(.elementor-drop-cap-view-default) .elementor-drop-cap-letter{width:1em;height:1em}.elementor-widget-text-editor .elementor-drop-cap{float:left;text-align:center;line-height:1;font-size:50px}.elementor-widget-text-editor .elementor-drop-cap-letter{display:inline-block}<\/style>\t\t\t\t\t<div class=\"elementor-text-editor elementor-clearfix\">\n\t\t\t\t<p><span style=\"font-weight: 400;\">We would like to invite you to take a look at our offer addressed to Travel Agents specialising in organising trips to Poland with their own transport. The offer was created in close cooperation with the Wojan\u00f3w Palace, the Valley of Palaces and Gardens Foundation, the Manor and Farmstead in Bukowiec, the Karkonosze National Park, the Lower Silesian Philharmonic Orchestra and the town of Jelenia G\u00f3ra.<br \/><br \/>The project is described in detail and illustrated on our website <strong><em>https:\/\/1.musictravels.pl<\/em><\/strong><br \/><br \/>In the first year, we have prepared four dates, which may ultimately be more in subsequent years, as well as this year if necessary.<\/span><\/p><p><span style=\"font-weight: 400;\">We offer: <\/span><span style=\"font-weight: 400;\"><br \/><\/span><span style=\"font-weight: 400;\">- An attractive travel package tailored to the expectations of clients interested in experiencing a romantic trip, presented in the Travel Dates and Destinations section,<\/span><\/p><p><span style=\"font-weight: 400;\">- a specially selected menu with a choice of options and comfortable conditions for your stay,<\/span><\/p><p><span style=\"font-weight: 400;\">- professional assistance of tour guides and hotel staff,<\/span><\/p><p><span style=\"font-weight: 400;\">- a package of additional services tailored to the individual needs of your guests.<\/span><\/p><p><span style=\"font-weight: 400;\">We are convinced that our cooperation will be mutually beneficial and will allow your customers to discover the beauty and history of the Valley of Palaces and Gardens and its neighbouring region in an original way.<\/span><\/p><p><span style=\"font-weight: 400;\">If our offer interests you, please contact us at our e-mail address: <strong><em>info@1.musictravels.pl<\/em><\/strong> in order to establish the terms and conditions of cooperation and to provide you with the materials and information you need to acquire customers.<\/span><\/p><p><em><span style=\"font-weight: 400;\">Yours sincerely,<\/span><\/em><span style=\"font-weight: 400;\"><br \/><\/span><em><span style=\"font-weight: 400;\">Wies\u0142aw Ma\u0142ucha - Project Manager<\/span><\/em><span style=\"font-weight: 400;\"><br \/><\/span><em><span style=\"font-weight: 400;\">Mi-Studio Wroc\u0142aw - partner<br \/>Foundation for Cultural Development in Wroc\u0142aw - Founder, Member of the Management Board<\/span><\/em><\/p>\t\t\t\t\t<\/div>\n\t\t\t\t\t\t<\/div>\n\t\t\t\t<\/div>\n\t\t\t\t\t\t<\/div>\n\t\t\t\t\t<\/div>\n\t\t<\/div>\n\t\t\t\t\t\t\t\t<\/div>\n\t\t\t\t\t<\/div>\n\t\t<\/section>\n\t\t\t\t\t\t\t\t\t<\/div>\n\t\t\t<\/div>\n\t\t\t\t\t<\/div>","protected":false},"excerpt":{"rendered":"<p>Music Travels Oferta dla Biur Podr\u00f3\u017cy Zapraszamy Pa\u0144stwa do zapoznania si\u0119 z ofert\u0105 adresowan\u0105 do Biur Podr\u00f3\u017cy, specjalizuj\u0105cych si\u0119 w organizacji wycieczek do Polski w\u0142asnym transportem. Oferta powsta\u0142a w \u015bcis\u0142ej wsp\u00f3\u0142pracy z Pa\u0142acem Wojan\u00f3w, Fundacj\u0105 Doliny Pa\u0142ac\u00f3w i Ogrod\u00f3w, Folwarkiem i Dworem w Bukowcu, Karkonoskim Parkiem Narodowym, Filharmoni\u0105 Dolno\u015bl\u0105sk\u0105 i miastem Jelenia G\u00f3ra. Projekt jest [&hellip;]<\/p>","protected":false},"author":1,"featured_media":0,"parent":0,"menu_order":0,"comment_status":"closed","ping_status":"closed","template":"","meta":{"_monsterinsights_skip_tracking":false,"_monsterinsights_sitenote_active":false,"_monsterinsights_sitenote_note":"","_monsterinsights_sitenote_category":0,"footnotes":""},"class_list":["post-2392","page","type-page","status-publish","hentry"],"yoast_head":"<!-- This site is optimized with the Yoast SEO plugin v21.4 - https:\/\/yoast.com\/wordpress\/plugins\/seo\/ -->\n<title>Oferta Wsp\u00f3\u0142pracy - MusicTravels<\/title>\n<meta name=\"robots\" content=\"index, follow, max-snippet:-1, max-image-preview:large, max-video-preview:-1\" \/>\n<link rel=\"canonical\" href=\"https:\/\/1.musictravels.pl\/en\/https-musictravels-pl-oferta-wspolpracy-music-travels\/\" \/>\n<meta property=\"og:locale\" content=\"en_GB\" \/>\n<meta property=\"og:type\" content=\"article\" \/>\n<meta property=\"og:title\" content=\"Oferta Wsp\u00f3\u0142pracy - MusicTravels\" \/>\n<meta property=\"og:description\" content=\"Music Travels Oferta dla Biur Podr\u00f3\u017cy Zapraszamy Pa\u0144stwa do zapoznania si\u0119 z ofert\u0105 adresowan\u0105 do Biur Podr\u00f3\u017cy, specjalizuj\u0105cych si\u0119 w organizacji wycieczek do Polski w\u0142asnym transportem. Oferta powsta\u0142a w \u015bcis\u0142ej wsp\u00f3\u0142pracy z Pa\u0142acem Wojan\u00f3w, Fundacj\u0105 Doliny Pa\u0142ac\u00f3w i Ogrod\u00f3w, Folwarkiem i Dworem w Bukowcu, Karkonoskim Parkiem Narodowym, Filharmoni\u0105 Dolno\u015bl\u0105sk\u0105 i miastem Jelenia G\u00f3ra. Projekt jest [&hellip;]\" \/>\n<meta property=\"og:url\" content=\"https:\/\/1.musictravels.pl\/en\/https-musictravels-pl-oferta-wspolpracy-music-travels\/\" \/>\n<meta property=\"og:site_name\" content=\"My Blog\" \/>\n<meta property=\"article:modified_time\" content=\"2024-01-07T16:05:11+00:00\" \/>\n<meta name=\"twitter:card\" content=\"summary_large_image\" \/>\n<meta name=\"twitter:label1\" content=\"Estimated reading time\" \/>\n\t<meta name=\"twitter:data1\" content=\"2 minutes\" \/>\n<script type=\"application\/ld+json\" class=\"yoast-schema-graph\">{\"@context\":\"https:\/\/schema.org\",\"@graph\":[{\"@type\":\"WebPage\",\"@id\":\"https:\/\/1.musictravels.pl\/oferta-wspolpracy-music-travels\/\",\"url\":\"https:\/\/1.musictravels.pl\/oferta-wspolpracy-music-travels\/\",\"name\":\"Oferta Wsp\u00f3\u0142pracy - MusicTravels\",\"isPartOf\":{\"@id\":\"https:\/\/1.musictravels.pl\/#website\"},\"datePublished\":\"2023-12-26T20:51:48+00:00\",\"dateModified\":\"2024-01-07T16:05:11+00:00\",\"breadcrumb\":{\"@id\":\"https:\/\/1.musictravels.pl\/oferta-wspolpracy-music-travels\/#breadcrumb\"},\"inLanguage\":\"en-GB\",\"potentialAction\":[{\"@type\":\"ReadAction\",\"target\":[\"https:\/\/1.musictravels.pl\/oferta-wspolpracy-music-travels\/\"]}]},{\"@type\":\"BreadcrumbList\",\"@id\":\"https:\/\/1.musictravels.pl\/oferta-wspolpracy-music-travels\/#breadcrumb\",\"itemListElement\":[{\"@type\":\"ListItem\",\"position\":1,\"name\":\"Strona g\u0142\u00f3wna\",\"item\":\"https:\/\/1.musictravels.pl\/\"},{\"@type\":\"ListItem\",\"position\":2,\"name\":\"Dla Biur Podr\u00f3\u017cy\"}]},{\"@type\":\"WebSite\",\"@id\":\"https:\/\/1.musictravels.pl\/#website\",\"url\":\"https:\/\/1.musictravels.pl\/\",\"name\":\"My Blog\",\"description\":\"My WordPress Blog\",\"potentialAction\":[{\"@type\":\"SearchAction\",\"target\":{\"@type\":\"EntryPoint\",\"urlTemplate\":\"https:\/\/1.musictravels.pl\/?s={search_term_string}\"},\"query-input\":\"required name=search_term_string\"}],\"inLanguage\":\"en-GB\"}]}<\/script>\n<!-- \/ Yoast SEO plugin. -->","yoast_head_json":{"title":"Oferta Wsp\u00f3\u0142pracy - MusicTravels","robots":{"index":"index","follow":"follow","max-snippet":"max-snippet:-1","max-image-preview":"max-image-preview:large","max-video-preview":"max-video-preview:-1"},"canonical":"https:\/\/1.musictravels.pl\/en\/https-musictravels-pl-oferta-wspolpracy-music-travels\/","og_locale":"en_GB","og_type":"article","og_title":"Oferta Wsp\u00f3\u0142pracy - MusicTravels","og_description":"Music Travels Oferta dla Biur Podr\u00f3\u017cy Zapraszamy Pa\u0144stwa do zapoznania si\u0119 z ofert\u0105 adresowan\u0105 do Biur Podr\u00f3\u017cy, specjalizuj\u0105cych si\u0119 w organizacji wycieczek do Polski w\u0142asnym transportem. Oferta powsta\u0142a w \u015bcis\u0142ej wsp\u00f3\u0142pracy z Pa\u0142acem Wojan\u00f3w, Fundacj\u0105 Doliny Pa\u0142ac\u00f3w i Ogrod\u00f3w, Folwarkiem i Dworem w Bukowcu, Karkonoskim Parkiem Narodowym, Filharmoni\u0105 Dolno\u015bl\u0105sk\u0105 i miastem Jelenia G\u00f3ra. Projekt jest [&hellip;]","og_url":"https:\/\/1.musictravels.pl\/en\/https-musictravels-pl-oferta-wspolpracy-music-travels\/","og_site_name":"My Blog","article_modified_time":"2024-01-07T16:05:11+00:00","twitter_card":"summary_large_image","twitter_misc":{"Estimated reading time":"2 minutes"},"schema":{"@context":"https:\/\/schema.org","@graph":[{"@type":"WebPage","@id":"https:\/\/1.musictravels.pl\/oferta-wspolpracy-music-travels\/","url":"https:\/\/1.musictravels.pl\/oferta-wspolpracy-music-travels\/","name":"Oferta Wsp\u00f3\u0142pracy - MusicTravels","isPartOf":{"@id":"https:\/\/1.musictravels.pl\/#website"},"datePublished":"2023-12-26T20:51:48+00:00","dateModified":"2024-01-07T16:05:11+00:00","breadcrumb":{"@id":"https:\/\/1.musictravels.pl\/oferta-wspolpracy-music-travels\/#breadcrumb"},"inLanguage":"en-GB","potentialAction":[{"@type":"ReadAction","target":["https:\/\/1.musictravels.pl\/oferta-wspolpracy-music-travels\/"]}]},{"@type":"BreadcrumbList","@id":"https:\/\/1.musictravels.pl\/oferta-wspolpracy-music-travels\/#breadcrumb","itemListElement":[{"@type":"ListItem","position":1,"name":"Strona g\u0142\u00f3wna","item":"https:\/\/1.musictravels.pl\/"},{"@type":"ListItem","position":2,"name":"Dla Biur Podr\u00f3\u017cy"}]},{"@type":"WebSite","@id":"https:\/\/1.musictravels.pl\/#website","url":"https:\/\/1.musictravels.pl\/","name":"My Blog","description":"My WordPress Blog","potentialAction":[{"@type":"SearchAction","target":{"@type":"EntryPoint","urlTemplate":"https:\/\/1.musictravels.pl\/?s={search_term_string}"},"query-input":"required name=search_term_string"}],"inLanguage":"en-GB"}]}},"_links":{"self":[{"href":"https:\/\/1.musictravels.pl\/en\/wp-json\/wp\/v2\/pages\/2392","targetHints":{"allow":["GET"]}}],"collection":[{"href":"https:\/\/1.musictravels.pl\/en\/wp-json\/wp\/v2\/pages"}],"about":[{"href":"https:\/\/1.musictravels.pl\/en\/wp-json\/wp\/v2\/types\/page"}],"author":[{"embeddable":true,"href":"https:\/\/1.musictravels.pl\/en\/wp-json\/wp\/v2\/users\/1"}],"replies":[{"embeddable":true,"href":"https:\/\/1.musictravels.pl\/en\/wp-json\/wp\/v2\/comments?post=2392"}],"version-history":[{"count":18,"href":"https:\/\/1.musictravels.pl\/en\/wp-json\/wp\/v2\/pages\/2392\/revisions"}],"predecessor-version":[{"id":2584,"href":"https:\/\/1.musictravels.pl\/en\/wp-json\/wp\/v2\/pages\/2392\/revisions\/2584"}],"wp:attachment":[{"href":"https:\/\/1.musictravels.pl\/en\/wp-json\/wp\/v2\/media?parent=2392"}],"curies":[{"name":"wp","href":"https:\/\/api.w.org\/{rel}","templated":true}]}}