{"id":1478,"date":"2023-12-05T08:56:07","date_gmt":"2023-12-05T08:56:07","guid":{"rendered":"https:\/\/1.musictravels.pl\/?page_id=1478"},"modified":"2023-12-25T13:09:13","modified_gmt":"2023-12-25T13:09:13","slug":"jelenia-gora","status":"publish","type":"page","link":"https:\/\/1.musictravels.pl\/en\/jelenia-gora\/","title":{"rendered":"Jelenia G\u00f3ra"},"content":{"rendered":"<div data-elementor-type=\"wp-page\" data-elementor-id=\"1478\" class=\"elementor elementor-1478\">\n\t\t\t\t\t\t<div class=\"elementor-inner\">\n\t\t\t\t<div class=\"elementor-section-wrap\">\n\t\t\t\t\t\t\t\t\t<section class=\"elementor-section elementor-top-section elementor-element elementor-element-027b947 elementor-section-full_width elementor-section-height-default elementor-section-height-default row-top\" data-id=\"027b947\" data-element_type=\"section\">\n\t\t\t\t\t\t<div class=\"elementor-container elementor-column-gap-default\">\n\t\t\t\t\t\t\t<div class=\"elementor-row\">\n\t\t\t\t\t<div class=\"elementor-column elementor-col-100 elementor-top-column elementor-element elementor-element-d0bf791\" data-id=\"d0bf791\" data-element_type=\"column\">\n\t\t\t<div class=\"elementor-column-wrap elementor-element-populated\">\n\t\t\t\t\t\t\t<div class=\"elementor-widget-wrap\">\n\t\t\t\t\t\t<section class=\"elementor-section elementor-inner-section elementor-element elementor-element-01bc3a9 elementor-section-boxed elementor-section-height-default elementor-section-height-default row-top\" data-id=\"01bc3a9\" data-element_type=\"section\">\n\t\t\t\t\t\t<div class=\"elementor-container elementor-column-gap-default\">\n\t\t\t\t\t\t\t<div class=\"elementor-row\">\n\t\t\t\t\t<div class=\"elementor-column elementor-col-100 elementor-inner-column elementor-element elementor-element-639c088\" data-id=\"639c088\" data-element_type=\"column\">\n\t\t\t<div class=\"elementor-column-wrap elementor-element-populated\">\n\t\t\t\t\t\t\t<div class=\"elementor-widget-wrap\">\n\t\t\t\t\t\t<div class=\"elementor-element elementor-element-7938ee5 elementor-widget elementor-widget-gva-heading-block\" data-id=\"7938ee5\" data-element_type=\"widget\" data-widget_type=\"gva-heading-block.default\">\n\t\t\t\t<div class=\"elementor-widget-container\">\n\t\t\t<div class=\"gva-element-gva-heading-block gva-element\">   <div class=\"align-center style-1 widget gsc-heading box-align-center auto-responsive\">\r\n      <div class=\"content-inner\">\r\n         \r\n                  \r\n                     <div class=\"sub-title\"><span>Sites<\/span><\/div>\r\n           \r\n         \r\n                     <h2 class=\"title\">\r\n               <span>Jelenia G\u00f3ra<\/span>\r\n            <\/h2>\r\n                  \r\n         \r\n      <\/div>\r\n   <\/div>\r\n<\/div>\t\t<\/div>\n\t\t\t\t<\/div>\n\t\t\t\t\t\t<\/div>\n\t\t\t\t\t<\/div>\n\t\t<\/div>\n\t\t\t\t\t\t\t\t<\/div>\n\t\t\t\t\t<\/div>\n\t\t<\/section>\n\t\t\t\t<div class=\"elementor-element elementor-element-b92a5d5 elementor-widget elementor-widget-video\" data-id=\"b92a5d5\" data-element_type=\"widget\" data-settings=\"{&quot;video_type&quot;:&quot;hosted&quot;,&quot;autoplay&quot;:&quot;yes&quot;,&quot;play_on_mobile&quot;:&quot;yes&quot;,&quot;controls&quot;:&quot;yes&quot;}\" data-widget_type=\"video.default\">\n\t\t\t\t<div class=\"elementor-widget-container\">\n\t\t\t<style>\/*! elementor - v3.16.0 - 17-10-2023 *\/\n.elementor-widget-video .elementor-widget-container{overflow:hidden;transform:translateZ(0)}.elementor-widget-video .elementor-wrapper{aspect-ratio:var(--video-aspect-ratio)}.elementor-widget-video .elementor-wrapper iframe,.elementor-widget-video .elementor-wrapper video{height:100%;width:100%;display:flex;border:none;background-color:#000}@supports not (aspect-ratio:1\/1){.elementor-widget-video .elementor-wrapper{position:relative;overflow:hidden;height:0;padding-bottom:calc(100% \/ var(--video-aspect-ratio))}.elementor-widget-video .elementor-wrapper iframe,.elementor-widget-video .elementor-wrapper video{position:absolute;top:0;right:0;bottom:0;left:0}}.elementor-widget-video .elementor-open-inline .elementor-custom-embed-image-overlay{position:absolute;top:0;right:0;bottom:0;left:0;background-size:cover;background-position:50%}.elementor-widget-video .elementor-custom-embed-image-overlay{cursor:pointer;text-align:center}.elementor-widget-video .elementor-custom-embed-image-overlay:hover .elementor-custom-embed-play i{opacity:1}.elementor-widget-video .elementor-custom-embed-image-overlay img{display:block;width:100%;aspect-ratio:var(--video-aspect-ratio);-o-object-fit:cover;object-fit:cover;-o-object-position:center center;object-position:center center}@supports not (aspect-ratio:1\/1){.elementor-widget-video .elementor-custom-embed-image-overlay{position:relative;overflow:hidden;height:0;padding-bottom:calc(100% \/ var(--video-aspect-ratio))}.elementor-widget-video .elementor-custom-embed-image-overlay img{position:absolute;top:0;right:0;bottom:0;left:0}}.elementor-widget-video .e-hosted-video .elementor-video{-o-object-fit:cover;object-fit:cover}.e-con-inner>.elementor-widget-video,.e-con>.elementor-widget-video{width:var(--container-widget-width);--flex-grow:var(--container-widget-flex-grow)}<\/style>\t\t<div class=\"e-hosted-video elementor-wrapper elementor-open-inline\">\n\t\t\t\t\t<video class=\"elementor-video\" src=\"https:\/\/1.musictravels.pl\/wp-content\/uploads\/2023\/12\/Jelenia-gora.mp4\" autoplay=\"\" controls=\"\" playsinline=\"\" controlslist=\"nodownload\"><\/video>\n\t\t\t\t<\/div>\n\t\t\t\t<\/div>\n\t\t\t\t<\/div>\n\t\t\t\t\t\t<\/div>\n\t\t\t\t\t<\/div>\n\t\t<\/div>\n\t\t\t\t\t\t\t\t<\/div>\n\t\t\t\t\t<\/div>\n\t\t<\/section>\n\t\t\t\t<section class=\"elementor-section elementor-top-section elementor-element elementor-element-cfe9709 elementor-section-boxed elementor-section-height-default elementor-section-height-default row-top\" data-id=\"cfe9709\" data-element_type=\"section\">\n\t\t\t\t\t\t<div class=\"elementor-container elementor-column-gap-default\">\n\t\t\t\t\t\t\t<div class=\"elementor-row\">\n\t\t\t\t\t<div class=\"elementor-column elementor-col-100 elementor-top-column elementor-element elementor-element-b600727\" data-id=\"b600727\" data-element_type=\"column\">\n\t\t\t<div class=\"elementor-column-wrap elementor-element-populated\">\n\t\t\t\t\t\t\t<div class=\"elementor-widget-wrap\">\n\t\t\t\t\t\t<div class=\"elementor-element elementor-element-3ce9dddb elementor-widget elementor-widget-gva-heading-block\" data-id=\"3ce9dddb\" data-element_type=\"widget\" data-widget_type=\"gva-heading-block.default\">\n\t\t\t\t<div class=\"elementor-widget-container\">\n\t\t\t<div class=\"gva-element-gva-heading-block gva-element\">   <div class=\"align-left style-1 widget gsc-heading box-align-center auto-responsive\">\r\n      <div class=\"content-inner\">\r\n         \r\n                  \r\n           \r\n         \r\n                              <div class=\"title-desc\">Jelenia G\u00f3ra is the largest city of the Western Sudety Mountains, with a magnificent view of the Karkonosze, and not without reason it is called the Pearl of the Karkonosze. It is the administrative, tourist and economic centre of the region as well as the capital of the Euroregion \"NYSA\", bringing together the border areas of Poland, Germany and the Czech Republic. <br> <br>\nJelenia G\u00f3ra lies at an average altitude of approximately 330 - 370 metres above sea level and covers an area of 108.4 km\u00b2. It stretches for 30 km, on the border of the Karkonosze National Park. The town is surrounded on all sides by mountain ranges: the Izera Mountains to the west, the Kaczawskie Mountains to the north, the Rudawy Janowickie Mountains to the east and the highest range of the Sudety Mountains, the Karkonosze, to the south. It is 60 km from the nearest border crossing with Germany and only 25 km from the Czech Republic. <br> <br>\nJelenia G\u00f3ra is a city with centuries of tradition and numerous historical monuments. It was first mentioned in the 12th century when the first fortified town was built here by Boles\u0142aw Krzywousty in 1108. The town was granted town rights before 1281. It was not destroyed during World War II. A number of architectural monuments have survived to the present day. These include the Grodzka Tower from the 15th century and the Castle Tower from the 16th century. In the centre of the old town is the Town Hall Square with the Town Hall from the mid-18th century. In the centre of Jelenia G\u00f3ra there are also historic sacral buildings: the Church of St. Erasmus and Pankracy - the oldest sacral building in Jelenia G\u00f3ra (1552), the Church of the Elevation of the Holy Cross from the beginning of the 18th century - the largest church in the city, the Church of the Blessed Virgin Mary, now the Orthodox Church of St. Peter and Paul also from the 18th century, St Anne's chapel, located inside the medieval tower, or the Evangelical church complex from 1709-1718: the cantour house, now the parish house. <br> <br>\nJelenia G\u00f3ra is also a cultural centre. Two theatres function here. The Lower Silesian Philharmonic, as well as many museums with and galleries where exhibitions by renowned European artists can be seen. Every year Jelenia G\u00f3ra hosts, among others, the International Avant-Garde Theatre Festival, the International Street Theatre Festival, the Jazz Festival, the ZOOM International Film Festival and the Art &amp; Glass Festival.<\/div>\r\n         \r\n         \r\n      <\/div>\r\n   <\/div>\r\n<\/div>\t\t<\/div>\n\t\t\t\t<\/div>\n\t\t\t\t\t\t<\/div>\n\t\t\t\t\t<\/div>\n\t\t<\/div>\n\t\t\t\t\t\t\t\t<\/div>\n\t\t\t\t\t<\/div>\n\t\t<\/section>\n\t\t\t\t\t\t\t\t\t<\/div>\n\t\t\t<\/div>\n\t\t\t\t\t<\/div>","protected":false},"excerpt":{"rendered":"<p>Miejsca Jelenia G\u00f3ra https:\/\/1.musictravels.pl\/wp-content\/uploads\/2023\/12\/Jelenia-gora.mp4 Jelenia G\u00f3ra to najwi\u0119ksze miasto Sudet\u00f3w Zachodnich, ze wspania\u0142ym widokiem na Karkonosze, nie bez powodu zwana jest Per\u0142\u0105 Karkonoszy. Jest centrum administracyjnym, turystycznym i gospodarczym regionu oraz stolic\u0105 Euroregionu \u201eNYSA\u201d, skupiaj\u0105cego przygraniczne tereny Polski, Niemiec i Czech. Jelenia G\u00f3ra le\u017cy \u015brednio na wysoko\u015bci ok. 330 \u2013 370 m n.p.m. i zajmuje [&hellip;]<\/p>","protected":false},"author":1,"featured_media":0,"parent":0,"menu_order":0,"comment_status":"closed","ping_status":"closed","template":"","meta":{"_monsterinsights_skip_tracking":false,"_monsterinsights_sitenote_active":false,"_monsterinsights_sitenote_note":"","_monsterinsights_sitenote_category":0,"footnotes":""},"class_list":["post-1478","page","type-page","status-publish","hentry"],"yoast_head":"<!-- This site is optimized with the Yoast SEO plugin v21.4 - https:\/\/yoast.com\/wordpress\/plugins\/seo\/ -->\n<title>Jelenia G\u00f3ra - MusicTravels<\/title>\n<meta name=\"robots\" content=\"index, follow, max-snippet:-1, max-image-preview:large, max-video-preview:-1\" \/>\n<link rel=\"canonical\" href=\"https:\/\/1.musictravels.pl\/en\/jelenia-gora\/\" \/>\n<meta property=\"og:locale\" content=\"en_GB\" \/>\n<meta property=\"og:type\" content=\"article\" \/>\n<meta property=\"og:title\" content=\"Jelenia G\u00f3ra - MusicTravels\" \/>\n<meta property=\"og:description\" content=\"Miejsca Jelenia G\u00f3ra https:\/\/1.musictravels.pl\/wp-content\/uploads\/2023\/12\/Jelenia-gora.mp4 Jelenia G\u00f3ra to najwi\u0119ksze miasto Sudet\u00f3w Zachodnich, ze wspania\u0142ym widokiem na Karkonosze, nie bez powodu zwana jest Per\u0142\u0105 Karkonoszy. Jest centrum administracyjnym, turystycznym i gospodarczym regionu oraz stolic\u0105 Euroregionu \u201eNYSA\u201d, skupiaj\u0105cego przygraniczne tereny Polski, Niemiec i Czech. Jelenia G\u00f3ra le\u017cy \u015brednio na wysoko\u015bci ok. 330 \u2013 370 m n.p.m. i zajmuje [&hellip;]\" \/>\n<meta property=\"og:url\" content=\"https:\/\/1.musictravels.pl\/en\/jelenia-gora\/\" \/>\n<meta property=\"og:site_name\" content=\"My Blog\" \/>\n<meta property=\"article:modified_time\" content=\"2023-12-25T13:09:13+00:00\" \/>\n<meta name=\"twitter:card\" content=\"summary_large_image\" \/>\n<meta name=\"twitter:label1\" content=\"Estimated reading time\" \/>\n\t<meta name=\"twitter:data1\" content=\"2 minutes\" \/>\n<script type=\"application\/ld+json\" class=\"yoast-schema-graph\">{\"@context\":\"https:\/\/schema.org\",\"@graph\":[{\"@type\":\"WebPage\",\"@id\":\"https:\/\/1.musictravels.pl\/jelenia-gora\/\",\"url\":\"https:\/\/1.musictravels.pl\/jelenia-gora\/\",\"name\":\"Jelenia G\u00f3ra - MusicTravels\",\"isPartOf\":{\"@id\":\"https:\/\/1.musictravels.pl\/#website\"},\"datePublished\":\"2023-12-05T08:56:07+00:00\",\"dateModified\":\"2023-12-25T13:09:13+00:00\",\"breadcrumb\":{\"@id\":\"https:\/\/1.musictravels.pl\/jelenia-gora\/#breadcrumb\"},\"inLanguage\":\"en-GB\",\"potentialAction\":[{\"@type\":\"ReadAction\",\"target\":[\"https:\/\/1.musictravels.pl\/jelenia-gora\/\"]}]},{\"@type\":\"BreadcrumbList\",\"@id\":\"https:\/\/1.musictravels.pl\/jelenia-gora\/#breadcrumb\",\"itemListElement\":[{\"@type\":\"ListItem\",\"position\":1,\"name\":\"Strona g\u0142\u00f3wna\",\"item\":\"https:\/\/1.musictravels.pl\/\"},{\"@type\":\"ListItem\",\"position\":2,\"name\":\"Jelenia G\u00f3ra\"}]},{\"@type\":\"WebSite\",\"@id\":\"https:\/\/1.musictravels.pl\/#website\",\"url\":\"https:\/\/1.musictravels.pl\/\",\"name\":\"My Blog\",\"description\":\"My WordPress Blog\",\"potentialAction\":[{\"@type\":\"SearchAction\",\"target\":{\"@type\":\"EntryPoint\",\"urlTemplate\":\"https:\/\/1.musictravels.pl\/?s={search_term_string}\"},\"query-input\":\"required name=search_term_string\"}],\"inLanguage\":\"en-GB\"}]}<\/script>\n<!-- \/ Yoast SEO plugin. -->","yoast_head_json":{"title":"Jelenia G\u00f3ra - MusicTravels","robots":{"index":"index","follow":"follow","max-snippet":"max-snippet:-1","max-image-preview":"max-image-preview:large","max-video-preview":"max-video-preview:-1"},"canonical":"https:\/\/1.musictravels.pl\/en\/jelenia-gora\/","og_locale":"en_GB","og_type":"article","og_title":"Jelenia G\u00f3ra - MusicTravels","og_description":"Miejsca Jelenia G\u00f3ra https:\/\/1.musictravels.pl\/wp-content\/uploads\/2023\/12\/Jelenia-gora.mp4 Jelenia G\u00f3ra to najwi\u0119ksze miasto Sudet\u00f3w Zachodnich, ze wspania\u0142ym widokiem na Karkonosze, nie bez powodu zwana jest Per\u0142\u0105 Karkonoszy. Jest centrum administracyjnym, turystycznym i gospodarczym regionu oraz stolic\u0105 Euroregionu \u201eNYSA\u201d, skupiaj\u0105cego przygraniczne tereny Polski, Niemiec i Czech. Jelenia G\u00f3ra le\u017cy \u015brednio na wysoko\u015bci ok. 330 \u2013 370 m n.p.m. i zajmuje [&hellip;]","og_url":"https:\/\/1.musictravels.pl\/en\/jelenia-gora\/","og_site_name":"My Blog","article_modified_time":"2023-12-25T13:09:13+00:00","twitter_card":"summary_large_image","twitter_misc":{"Estimated reading time":"2 minutes"},"schema":{"@context":"https:\/\/schema.org","@graph":[{"@type":"WebPage","@id":"https:\/\/1.musictravels.pl\/jelenia-gora\/","url":"https:\/\/1.musictravels.pl\/jelenia-gora\/","name":"Jelenia G\u00f3ra - MusicTravels","isPartOf":{"@id":"https:\/\/1.musictravels.pl\/#website"},"datePublished":"2023-12-05T08:56:07+00:00","dateModified":"2023-12-25T13:09:13+00:00","breadcrumb":{"@id":"https:\/\/1.musictravels.pl\/jelenia-gora\/#breadcrumb"},"inLanguage":"en-GB","potentialAction":[{"@type":"ReadAction","target":["https:\/\/1.musictravels.pl\/jelenia-gora\/"]}]},{"@type":"BreadcrumbList","@id":"https:\/\/1.musictravels.pl\/jelenia-gora\/#breadcrumb","itemListElement":[{"@type":"ListItem","position":1,"name":"Strona g\u0142\u00f3wna","item":"https:\/\/1.musictravels.pl\/"},{"@type":"ListItem","position":2,"name":"Jelenia G\u00f3ra"}]},{"@type":"WebSite","@id":"https:\/\/1.musictravels.pl\/#website","url":"https:\/\/1.musictravels.pl\/","name":"My Blog","description":"My WordPress Blog","potentialAction":[{"@type":"SearchAction","target":{"@type":"EntryPoint","urlTemplate":"https:\/\/1.musictravels.pl\/?s={search_term_string}"},"query-input":"required name=search_term_string"}],"inLanguage":"en-GB"}]}},"_links":{"self":[{"href":"https:\/\/1.musictravels.pl\/en\/wp-json\/wp\/v2\/pages\/1478","targetHints":{"allow":["GET"]}}],"collection":[{"href":"https:\/\/1.musictravels.pl\/en\/wp-json\/wp\/v2\/pages"}],"about":[{"href":"https:\/\/1.musictravels.pl\/en\/wp-json\/wp\/v2\/types\/page"}],"author":[{"embeddable":true,"href":"https:\/\/1.musictravels.pl\/en\/wp-json\/wp\/v2\/users\/1"}],"replies":[{"embeddable":true,"href":"https:\/\/1.musictravels.pl\/en\/wp-json\/wp\/v2\/comments?post=1478"}],"version-history":[{"count":26,"href":"https:\/\/1.musictravels.pl\/en\/wp-json\/wp\/v2\/pages\/1478\/revisions"}],"predecessor-version":[{"id":2373,"href":"https:\/\/1.musictravels.pl\/en\/wp-json\/wp\/v2\/pages\/1478\/revisions\/2373"}],"wp:attachment":[{"href":"https:\/\/1.musictravels.pl\/en\/wp-json\/wp\/v2\/media?parent=1478"}],"curies":[{"name":"wp","href":"https:\/\/api.w.org\/{rel}","templated":true}]}}