{"id":1471,"date":"2023-12-05T08:47:32","date_gmt":"2023-12-05T08:47:32","guid":{"rendered":"https:\/\/1.musictravels.pl\/?page_id=1471"},"modified":"2023-12-25T13:08:19","modified_gmt":"2023-12-25T13:08:19","slug":"ornamental-farm-bukowiec","status":"publish","type":"page","link":"https:\/\/1.musictravels.pl\/en\/ornamental-farm-beech\/","title":{"rendered":"Ornamental Farm Bukowiec"},"content":{"rendered":"<div data-elementor-type=\"wp-page\" data-elementor-id=\"1471\" class=\"elementor elementor-1471\">\n\t\t\t\t\t\t<div class=\"elementor-inner\">\n\t\t\t\t<div class=\"elementor-section-wrap\">\n\t\t\t\t\t\t\t\t\t<section class=\"elementor-section elementor-top-section elementor-element elementor-element-027b947 elementor-section-full_width elementor-section-height-default elementor-section-height-default row-top\" data-id=\"027b947\" data-element_type=\"section\">\n\t\t\t\t\t\t<div class=\"elementor-container elementor-column-gap-default\">\n\t\t\t\t\t\t\t<div class=\"elementor-row\">\n\t\t\t\t\t<div class=\"elementor-column elementor-col-100 elementor-top-column elementor-element elementor-element-d0bf791\" data-id=\"d0bf791\" data-element_type=\"column\">\n\t\t\t<div class=\"elementor-column-wrap elementor-element-populated\">\n\t\t\t\t\t\t\t<div class=\"elementor-widget-wrap\">\n\t\t\t\t\t\t<section class=\"elementor-section elementor-inner-section elementor-element elementor-element-01bc3a9 elementor-section-boxed elementor-section-height-default elementor-section-height-default row-top\" data-id=\"01bc3a9\" data-element_type=\"section\">\n\t\t\t\t\t\t<div class=\"elementor-container elementor-column-gap-default\">\n\t\t\t\t\t\t\t<div class=\"elementor-row\">\n\t\t\t\t\t<div class=\"elementor-column elementor-col-100 elementor-inner-column elementor-element elementor-element-639c088\" data-id=\"639c088\" data-element_type=\"column\">\n\t\t\t<div class=\"elementor-column-wrap elementor-element-populated\">\n\t\t\t\t\t\t\t<div class=\"elementor-widget-wrap\">\n\t\t\t\t\t\t<div class=\"elementor-element elementor-element-7938ee5 elementor-widget elementor-widget-gva-heading-block\" data-id=\"7938ee5\" data-element_type=\"widget\" data-widget_type=\"gva-heading-block.default\">\n\t\t\t\t<div class=\"elementor-widget-container\">\n\t\t\t<div class=\"gva-element-gva-heading-block gva-element\">   <div class=\"align-center style-1 widget gsc-heading box-align-center auto-responsive\">\r\n      <div class=\"content-inner\">\r\n         \r\n                  \r\n                     <div class=\"sub-title\"><span>Sites<\/span><\/div>\r\n           \r\n         \r\n                     <h2 class=\"title\">\r\n               <span>Bukowiec. Farmstead and park.\n<\/span>\r\n            <\/h2>\r\n                  \r\n         \r\n      <\/div>\r\n   <\/div>\r\n<\/div>\t\t<\/div>\n\t\t\t\t<\/div>\n\t\t\t\t\t\t<\/div>\n\t\t\t\t\t<\/div>\n\t\t<\/div>\n\t\t\t\t\t\t\t\t<\/div>\n\t\t\t\t\t<\/div>\n\t\t<\/section>\n\t\t\t\t<div class=\"elementor-element elementor-element-b92a5d5 elementor-widget elementor-widget-video\" data-id=\"b92a5d5\" data-element_type=\"widget\" data-settings=\"{&quot;video_type&quot;:&quot;hosted&quot;,&quot;autoplay&quot;:&quot;yes&quot;,&quot;play_on_mobile&quot;:&quot;yes&quot;,&quot;controls&quot;:&quot;yes&quot;}\" data-widget_type=\"video.default\">\n\t\t\t\t<div class=\"elementor-widget-container\">\n\t\t\t<style>\/*! elementor - v3.16.0 - 17-10-2023 *\/\n.elementor-widget-video .elementor-widget-container{overflow:hidden;transform:translateZ(0)}.elementor-widget-video .elementor-wrapper{aspect-ratio:var(--video-aspect-ratio)}.elementor-widget-video .elementor-wrapper iframe,.elementor-widget-video .elementor-wrapper video{height:100%;width:100%;display:flex;border:none;background-color:#000}@supports not (aspect-ratio:1\/1){.elementor-widget-video .elementor-wrapper{position:relative;overflow:hidden;height:0;padding-bottom:calc(100% \/ var(--video-aspect-ratio))}.elementor-widget-video .elementor-wrapper iframe,.elementor-widget-video .elementor-wrapper video{position:absolute;top:0;right:0;bottom:0;left:0}}.elementor-widget-video .elementor-open-inline .elementor-custom-embed-image-overlay{position:absolute;top:0;right:0;bottom:0;left:0;background-size:cover;background-position:50%}.elementor-widget-video .elementor-custom-embed-image-overlay{cursor:pointer;text-align:center}.elementor-widget-video .elementor-custom-embed-image-overlay:hover .elementor-custom-embed-play i{opacity:1}.elementor-widget-video .elementor-custom-embed-image-overlay img{display:block;width:100%;aspect-ratio:var(--video-aspect-ratio);-o-object-fit:cover;object-fit:cover;-o-object-position:center center;object-position:center center}@supports not (aspect-ratio:1\/1){.elementor-widget-video .elementor-custom-embed-image-overlay{position:relative;overflow:hidden;height:0;padding-bottom:calc(100% \/ var(--video-aspect-ratio))}.elementor-widget-video .elementor-custom-embed-image-overlay img{position:absolute;top:0;right:0;bottom:0;left:0}}.elementor-widget-video .e-hosted-video .elementor-video{-o-object-fit:cover;object-fit:cover}.e-con-inner>.elementor-widget-video,.e-con>.elementor-widget-video{width:var(--container-widget-width);--flex-grow:var(--container-widget-flex-grow)}<\/style>\t\t<div class=\"e-hosted-video elementor-wrapper elementor-open-inline\">\n\t\t\t\t\t<video class=\"elementor-video\" src=\"https:\/\/1.musictravels.pl\/wp-content\/uploads\/2023\/12\/Bukowiec.mp4\" autoplay=\"\" controls=\"\" playsinline=\"\" controlslist=\"nodownload\"><\/video>\n\t\t\t\t<\/div>\n\t\t\t\t<\/div>\n\t\t\t\t<\/div>\n\t\t\t\t\t\t<\/div>\n\t\t\t\t\t<\/div>\n\t\t<\/div>\n\t\t\t\t\t\t\t\t<\/div>\n\t\t\t\t\t<\/div>\n\t\t<\/section>\n\t\t\t\t<section class=\"elementor-section elementor-top-section elementor-element elementor-element-cfe9709 elementor-section-boxed elementor-section-height-default elementor-section-height-default row-top\" data-id=\"cfe9709\" data-element_type=\"section\">\n\t\t\t\t\t\t<div class=\"elementor-container elementor-column-gap-default\">\n\t\t\t\t\t\t\t<div class=\"elementor-row\">\n\t\t\t\t\t<div class=\"elementor-column elementor-col-100 elementor-top-column elementor-element elementor-element-b600727\" data-id=\"b600727\" data-element_type=\"column\">\n\t\t\t<div class=\"elementor-column-wrap elementor-element-populated\">\n\t\t\t\t\t\t\t<div class=\"elementor-widget-wrap\">\n\t\t\t\t\t\t<div class=\"elementor-element elementor-element-3ce9dddb elementor-widget elementor-widget-gva-heading-block\" data-id=\"3ce9dddb\" data-element_type=\"widget\" data-widget_type=\"gva-heading-block.default\">\n\t\t\t\t<div class=\"elementor-widget-container\">\n\t\t\t<div class=\"gva-element-gva-heading-block gva-element\">   <div class=\"align-left style-1 widget gsc-heading box-align-center auto-responsive\">\r\n      <div class=\"content-inner\">\r\n         \r\n                  \r\n           \r\n         \r\n                     <h2 class=\"title\">\r\n               <span>Bukowiec. Farmstead and park.<\/span>\r\n            <\/h2>\r\n                              <div class=\"title-desc\">It is an extraordinary cultural and educational centre, located in a historic manor house in Bukowiec, in a picturesque valley at the foot of the Karkonosze Mountains, in the heart of the Valley of Palaces and Gardens. It is listed as a Historic Monument. The classicist manor and palace are surrounded by a romantic landscape park of over 120 ha.<br><br> It is one of the first and largest of its kind in Poland. It is widely regarded as a precursor work of the English Ornamental Farm idea in this part of Europe. It is an idea combining the qualities of a natural landscape with the economic function of a landed estate.<br><br> The farm has a concert hall and a multimedia exhibition about the Valley of Palaces and Gardens, which presents the cultural potential of the region. It features lithographs, photographs, films, descriptions, historical plans, models of castles, palaces and manors and the most interesting examples of sacred and regional architecture. Part of the exhibition is dedicated to the creators of Ornamental Farm - Count Friedrich von Reden and his wife Friedrich.<br><br> The former Brewery building houses a multimedia, interactive exhibition entitled 'Mysterious Forest' presenting the natural values of the Jelenia G\u00f3ra Valley and the hunting traditions of the area. In the former Sheepfold building, as of the second quarter of 2019, there are 10 fully equipped art rooms and studios, including painting, sculpture, music, dance, photography, computer and nature studios. There is also a large conference and exhibition room. The former management building houses one- and two-bedroom flats with kitchenettes. One of these was used in the past by Count von Reden to manage the estate.<\/div>\r\n         \r\n         \r\n      <\/div>\r\n   <\/div>\r\n<\/div>\t\t<\/div>\n\t\t\t\t<\/div>\n\t\t\t\t<div class=\"elementor-element elementor-element-d16ddd7 elementor-widget elementor-widget-gva-heading-block\" data-id=\"d16ddd7\" data-element_type=\"widget\" data-widget_type=\"gva-heading-block.default\">\n\t\t\t\t<div class=\"elementor-widget-container\">\n\t\t\t<div class=\"gva-element-gva-heading-block gva-element\">   <div class=\"align-left style-1 widget gsc-heading box-align-center auto-responsive\">\r\n      <div class=\"content-inner\">\r\n         \r\n                  \r\n           \r\n         \r\n                     <h2 class=\"title\">\r\n               <span>Historical background of the park establishment<\/span>\r\n            <\/h2>\r\n                              <div class=\"title-desc\">The landscape park is undoubtedly the biggest attraction of Bukowiec. It was established at the turn of the 18th and 19th\nat the turn of the 18th and 19th centuries by Count Friedrich von Reden, was created as the first romantic landscape in Silesia.\nin Silesia. To this day, it is regarded as a unique work of art, combining the qualities of a natural submontane\nof the natural foothills landscape with architecture and nature.\nThe natural landscape was conducive to achieving a magnificent landscape effect: strong\ndeforestation of the hilly surroundings, its irrigation, the nearby forest, small groves, clusters of ponds and the panorama of the Krkono\u0161e Mountains.\nponds and the panorama of the Krkono\u0161e Mountains. Today, the park covers an area of more than 120 ha. On its territory\nthere are 10 ponds and numerous natural rock formations.\nThe park is the Count's tribute to his wife Friedrichka, n\u00e9e von Massov, for whom he ordered the following to be built\nto erect a pavilion with an open columned portico, later known as the Belvedere, or Temple of\nAthena, as well as a number of other allegorical structures enriching the space of the landscape\nlandscape. These included: Gardener's House, Theresa's Seat, Fisherman's House, Meadow House\nMeadow House, the Blue House, the lookout tower, the artificial ruins of the amphitheatre and, finally, the built for\nthe Abbey built for the family mausoleum. Count von Reden was the author of the design for the park, assisted in the design work by Hans Carl Walther, a renowned garden designer of the time, after whom one of the\none of the magnificent buildings in the complex is named after him.\nAfter the death of her husband, Frederica took over the management of the estate in 1815 and for the next 39 years successfully ran the manor, overseeing the brewing of beer, the rearing of cows, sheep and fish, and the\nthe production of linen cloth for the army. She also cultivated trees and shrubs and\nexperimented with new types of cereals. In addition, she was a patron of the arts, kept an open\nsalon and was friends with the most famous personalities of Prussia at the time. In 1841, she had the Wang Lake Church, purchased in southern Norway and originally intended for a museum in Berlin, transported to Karpacz.<\/div>\r\n         \r\n         \r\n      <\/div>\r\n   <\/div>\r\n<\/div>\t\t<\/div>\n\t\t\t\t<\/div>\n\t\t\t\t\t\t<\/div>\n\t\t\t\t\t<\/div>\n\t\t<\/div>\n\t\t\t\t\t\t\t\t<\/div>\n\t\t\t\t\t<\/div>\n\t\t<\/section>\n\t\t\t\t\t\t\t\t\t<\/div>\n\t\t\t<\/div>\n\t\t\t\t\t<\/div>","protected":false},"excerpt":{"rendered":"<p>Miejsca Bukowiec. Folwark i park. https:\/\/1.musictravels.pl\/wp-content\/uploads\/2023\/12\/Bukowiec.mp4 Bukowiec. Folwark i park. To niezwyk\u0142y os\u0301rodek kulturalno-edukacyjny, zlokalizowany w zabytkowym folwarku w Bukowcu, w malowniczej dolinie u podno\u0301z\u0307a Karkonoszy, w sercu Doliny Pa\u0142aco\u0301w i Ogrodo\u0301w. Jest obiektem wpisanym na List\u0119 Pomnik\u00f3w Historycznych. Klasycystyczny folwark i pa\u0142ac otacza romantyczny park krajobrazowy o powierzchni ponad 120 ha. To jedno z [&hellip;]<\/p>","protected":false},"author":1,"featured_media":0,"parent":0,"menu_order":0,"comment_status":"closed","ping_status":"closed","template":"","meta":{"_monsterinsights_skip_tracking":false,"_monsterinsights_sitenote_active":false,"_monsterinsights_sitenote_note":"","_monsterinsights_sitenote_category":0,"footnotes":""},"class_list":["post-1471","page","type-page","status-publish","hentry"],"yoast_head":"<!-- This site is optimized with the Yoast SEO plugin v21.4 - https:\/\/yoast.com\/wordpress\/plugins\/seo\/ -->\n<title>Ornamental Farm Bukowiec - MusicTravels<\/title>\n<meta name=\"robots\" content=\"index, follow, max-snippet:-1, max-image-preview:large, max-video-preview:-1\" \/>\n<link rel=\"canonical\" href=\"https:\/\/1.musictravels.pl\/en\/ornamental-farm-beech\/\" \/>\n<meta property=\"og:locale\" content=\"en_GB\" \/>\n<meta property=\"og:type\" content=\"article\" \/>\n<meta property=\"og:title\" content=\"Ornamental Farm Bukowiec - MusicTravels\" \/>\n<meta property=\"og:description\" content=\"Miejsca Bukowiec. Folwark i park. https:\/\/1.musictravels.pl\/wp-content\/uploads\/2023\/12\/Bukowiec.mp4 Bukowiec. Folwark i park. To niezwyk\u0142y os\u0301rodek kulturalno-edukacyjny, zlokalizowany w zabytkowym folwarku w Bukowcu, w malowniczej dolinie u podno\u0301z\u0307a Karkonoszy, w sercu Doliny Pa\u0142aco\u0301w i Ogrodo\u0301w. Jest obiektem wpisanym na List\u0119 Pomnik\u00f3w Historycznych. Klasycystyczny folwark i pa\u0142ac otacza romantyczny park krajobrazowy o powierzchni ponad 120 ha. To jedno z [&hellip;]\" \/>\n<meta property=\"og:url\" content=\"https:\/\/1.musictravels.pl\/en\/ornamental-farm-beech\/\" \/>\n<meta property=\"og:site_name\" content=\"My Blog\" \/>\n<meta property=\"article:modified_time\" content=\"2023-12-25T13:08:19+00:00\" \/>\n<meta name=\"twitter:card\" content=\"summary_large_image\" \/>\n<meta name=\"twitter:label1\" content=\"Estimated reading time\" \/>\n\t<meta name=\"twitter:data1\" content=\"3 minutes\" \/>\n<script type=\"application\/ld+json\" class=\"yoast-schema-graph\">{\"@context\":\"https:\/\/schema.org\",\"@graph\":[{\"@type\":\"WebPage\",\"@id\":\"https:\/\/1.musictravels.pl\/ornamental-farm-bukowiec\/\",\"url\":\"https:\/\/1.musictravels.pl\/ornamental-farm-bukowiec\/\",\"name\":\"Ornamental Farm Bukowiec - MusicTravels\",\"isPartOf\":{\"@id\":\"https:\/\/1.musictravels.pl\/#website\"},\"datePublished\":\"2023-12-05T08:47:32+00:00\",\"dateModified\":\"2023-12-25T13:08:19+00:00\",\"breadcrumb\":{\"@id\":\"https:\/\/1.musictravels.pl\/ornamental-farm-bukowiec\/#breadcrumb\"},\"inLanguage\":\"en-GB\",\"potentialAction\":[{\"@type\":\"ReadAction\",\"target\":[\"https:\/\/1.musictravels.pl\/ornamental-farm-bukowiec\/\"]}]},{\"@type\":\"BreadcrumbList\",\"@id\":\"https:\/\/1.musictravels.pl\/ornamental-farm-bukowiec\/#breadcrumb\",\"itemListElement\":[{\"@type\":\"ListItem\",\"position\":1,\"name\":\"Strona g\u0142\u00f3wna\",\"item\":\"https:\/\/1.musictravels.pl\/\"},{\"@type\":\"ListItem\",\"position\":2,\"name\":\"Ornamental Farm Bukowiec\"}]},{\"@type\":\"WebSite\",\"@id\":\"https:\/\/1.musictravels.pl\/#website\",\"url\":\"https:\/\/1.musictravels.pl\/\",\"name\":\"My Blog\",\"description\":\"My WordPress Blog\",\"potentialAction\":[{\"@type\":\"SearchAction\",\"target\":{\"@type\":\"EntryPoint\",\"urlTemplate\":\"https:\/\/1.musictravels.pl\/?s={search_term_string}\"},\"query-input\":\"required name=search_term_string\"}],\"inLanguage\":\"en-GB\"}]}<\/script>\n<!-- \/ Yoast SEO plugin. -->","yoast_head_json":{"title":"Ornamental Farm Bukowiec - MusicTravels","robots":{"index":"index","follow":"follow","max-snippet":"max-snippet:-1","max-image-preview":"max-image-preview:large","max-video-preview":"max-video-preview:-1"},"canonical":"https:\/\/1.musictravels.pl\/en\/ornamental-farm-beech\/","og_locale":"en_GB","og_type":"article","og_title":"Ornamental Farm Bukowiec - MusicTravels","og_description":"Miejsca Bukowiec. Folwark i park. https:\/\/1.musictravels.pl\/wp-content\/uploads\/2023\/12\/Bukowiec.mp4 Bukowiec. Folwark i park. To niezwyk\u0142y os\u0301rodek kulturalno-edukacyjny, zlokalizowany w zabytkowym folwarku w Bukowcu, w malowniczej dolinie u podno\u0301z\u0307a Karkonoszy, w sercu Doliny Pa\u0142aco\u0301w i Ogrodo\u0301w. Jest obiektem wpisanym na List\u0119 Pomnik\u00f3w Historycznych. Klasycystyczny folwark i pa\u0142ac otacza romantyczny park krajobrazowy o powierzchni ponad 120 ha. To jedno z [&hellip;]","og_url":"https:\/\/1.musictravels.pl\/en\/ornamental-farm-beech\/","og_site_name":"My Blog","article_modified_time":"2023-12-25T13:08:19+00:00","twitter_card":"summary_large_image","twitter_misc":{"Estimated reading time":"3 minutes"},"schema":{"@context":"https:\/\/schema.org","@graph":[{"@type":"WebPage","@id":"https:\/\/1.musictravels.pl\/ornamental-farm-bukowiec\/","url":"https:\/\/1.musictravels.pl\/ornamental-farm-bukowiec\/","name":"Ornamental Farm Bukowiec - MusicTravels","isPartOf":{"@id":"https:\/\/1.musictravels.pl\/#website"},"datePublished":"2023-12-05T08:47:32+00:00","dateModified":"2023-12-25T13:08:19+00:00","breadcrumb":{"@id":"https:\/\/1.musictravels.pl\/ornamental-farm-bukowiec\/#breadcrumb"},"inLanguage":"en-GB","potentialAction":[{"@type":"ReadAction","target":["https:\/\/1.musictravels.pl\/ornamental-farm-bukowiec\/"]}]},{"@type":"BreadcrumbList","@id":"https:\/\/1.musictravels.pl\/ornamental-farm-bukowiec\/#breadcrumb","itemListElement":[{"@type":"ListItem","position":1,"name":"Strona g\u0142\u00f3wna","item":"https:\/\/1.musictravels.pl\/"},{"@type":"ListItem","position":2,"name":"Ornamental Farm Bukowiec"}]},{"@type":"WebSite","@id":"https:\/\/1.musictravels.pl\/#website","url":"https:\/\/1.musictravels.pl\/","name":"My Blog","description":"My WordPress Blog","potentialAction":[{"@type":"SearchAction","target":{"@type":"EntryPoint","urlTemplate":"https:\/\/1.musictravels.pl\/?s={search_term_string}"},"query-input":"required name=search_term_string"}],"inLanguage":"en-GB"}]}},"_links":{"self":[{"href":"https:\/\/1.musictravels.pl\/en\/wp-json\/wp\/v2\/pages\/1471","targetHints":{"allow":["GET"]}}],"collection":[{"href":"https:\/\/1.musictravels.pl\/en\/wp-json\/wp\/v2\/pages"}],"about":[{"href":"https:\/\/1.musictravels.pl\/en\/wp-json\/wp\/v2\/types\/page"}],"author":[{"embeddable":true,"href":"https:\/\/1.musictravels.pl\/en\/wp-json\/wp\/v2\/users\/1"}],"replies":[{"embeddable":true,"href":"https:\/\/1.musictravels.pl\/en\/wp-json\/wp\/v2\/comments?post=1471"}],"version-history":[{"count":55,"href":"https:\/\/1.musictravels.pl\/en\/wp-json\/wp\/v2\/pages\/1471\/revisions"}],"predecessor-version":[{"id":2371,"href":"https:\/\/1.musictravels.pl\/en\/wp-json\/wp\/v2\/pages\/1471\/revisions\/2371"}],"wp:attachment":[{"href":"https:\/\/1.musictravels.pl\/en\/wp-json\/wp\/v2\/media?parent=1471"}],"curies":[{"name":"wp","href":"https:\/\/api.w.org\/{rel}","templated":true}]}}