{"id":2011,"date":"2023-12-23T06:56:14","date_gmt":"2023-12-23T06:56:14","guid":{"rendered":"https:\/\/1.musictravels.pl\/?page_id=2011"},"modified":"2023-12-23T06:57:26","modified_gmt":"2023-12-23T06:57:26","slug":"polityka-prywatnosci","status":"publish","type":"page","link":"https:\/\/1.musictravels.pl\/de\/datenschutzbestimmungen\/","title":{"rendered":"Datenschutzbestimmungen"},"content":{"rendered":"<div data-elementor-type=\"wp-page\" data-elementor-id=\"2011\" class=\"elementor elementor-2011\">\n\t\t\t\t\t\t<div class=\"elementor-inner\">\n\t\t\t\t<div class=\"elementor-section-wrap\">\n\t\t\t\t\t\t\t\t\t<section class=\"elementor-section elementor-top-section elementor-element elementor-element-027b947 elementor-section-full_width elementor-section-height-default elementor-section-height-default row-top\" data-id=\"027b947\" data-element_type=\"section\">\n\t\t\t\t\t\t<div class=\"elementor-container elementor-column-gap-default\">\n\t\t\t\t\t\t\t<div class=\"elementor-row\">\n\t\t\t\t\t<div class=\"elementor-column elementor-col-100 elementor-top-column elementor-element elementor-element-d0bf791\" data-id=\"d0bf791\" data-element_type=\"column\">\n\t\t\t<div class=\"elementor-column-wrap elementor-element-populated\">\n\t\t\t\t\t\t\t<div class=\"elementor-widget-wrap\">\n\t\t\t\t\t\t<section class=\"elementor-section elementor-inner-section elementor-element elementor-element-01bc3a9 elementor-section-boxed elementor-section-height-default elementor-section-height-default row-top\" data-id=\"01bc3a9\" data-element_type=\"section\">\n\t\t\t\t\t\t<div class=\"elementor-container elementor-column-gap-default\">\n\t\t\t\t\t\t\t<div class=\"elementor-row\">\n\t\t\t\t\t<div class=\"elementor-column elementor-col-100 elementor-inner-column elementor-element elementor-element-639c088\" data-id=\"639c088\" data-element_type=\"column\">\n\t\t\t<div class=\"elementor-column-wrap elementor-element-populated\">\n\t\t\t\t\t\t\t<div class=\"elementor-widget-wrap\">\n\t\t\t\t\t\t<div class=\"elementor-element elementor-element-7938ee5 elementor-widget elementor-widget-gva-heading-block\" data-id=\"7938ee5\" data-element_type=\"widget\" data-widget_type=\"gva-heading-block.default\">\n\t\t\t\t<div class=\"elementor-widget-container\">\n\t\t\t<div class=\"gva-element-gva-heading-block gva-element\">   <div class=\"align-center style-1 widget gsc-heading box-align-center auto-responsive\">\r\n      <div class=\"content-inner\">\r\n         \r\n                  \r\n           \r\n         \r\n                     <h2 class=\"title\">\r\n               <span>Datenschutzbestimmungen<\/span>\r\n            <\/h2>\r\n                  \r\n         \r\n      <\/div>\r\n   <\/div>\r\n<\/div>\t\t<\/div>\n\t\t\t\t<\/div>\n\t\t\t\t<div class=\"elementor-element elementor-element-a5e6c8c elementor-widget elementor-widget-text-editor\" data-id=\"a5e6c8c\" data-element_type=\"widget\" data-widget_type=\"text-editor.default\">\n\t\t\t\t<div class=\"elementor-widget-container\">\n\t\t\t<style>\/*! elementor - v3.16.0 - 17-10-2023 *\/\n.elementor-widget-text-editor.elementor-drop-cap-view-stacked .elementor-drop-cap{background-color:#69727d;color:#fff}.elementor-widget-text-editor.elementor-drop-cap-view-framed .elementor-drop-cap{color:#69727d;border:3px solid;background-color:transparent}.elementor-widget-text-editor:not(.elementor-drop-cap-view-default) .elementor-drop-cap{margin-top:8px}.elementor-widget-text-editor:not(.elementor-drop-cap-view-default) .elementor-drop-cap-letter{width:1em;height:1em}.elementor-widget-text-editor .elementor-drop-cap{float:left;text-align:center;line-height:1;font-size:50px}.elementor-widget-text-editor .elementor-drop-cap-letter{display:inline-block}<\/style>\t\t\t\t\t<div class=\"elementor-text-editor elementor-clearfix\">\n\t\t\t\t<p style=\"text-align: center;\"><strong>1 Einleitung:<\/strong><\/p><p>1.1 Die vorliegende Datenschutzerkl\u00e4rung regelt die Erhebung, Verarbeitung und Speicherung personenbezogener Daten durch das Reiseb\u00fcro MI STUDIO S.C. im Zusammenhang mit der Buchung von Pl\u00e4tzen auf 5-Tage-Reisen durch andere Reiseb\u00fcros.<\/p><p style=\"text-align: center;\"><strong>2 Verantwortlicher f\u00fcr die Datenverarbeitung:<\/strong><\/p><p>2.1 Der Verwalter der personenbezogenen Daten ist MI STUDIO S.C., NIP: 8992490766, REGON: 932956027, mit Sitz in der ul. Orzechowa 45\/12, 50-540 Wroc\u0142aw, Woiwodschaft Niederschlesien.<\/p><p style=\"text-align: center;\"><strong>3 Arten von personenbezogenen Daten:<\/strong><\/p><p>3.1 Bei der Buchung von Reisepl\u00e4tzen kann das Fremdenverkehrsamt die folgenden Arten von personenbezogenen Daten erfassen:<\/p><ul><li>Name des Vertreters des Reiseb\u00fcros,<\/li><li>E-Mail Adresse,<\/li><li>Telefonnummer der Kontaktperson,<\/li><li>Angaben zum Unternehmen (TIN, REGON, Anschrift des eingetragenen Sitzes).<\/li><\/ul><p style=\"text-align: center;\"><strong>4 Zweck und Rechtsgrundlage der Datenverarbeitung:<\/strong><\/p><p>4.1 Die personenbezogenen Daten werden verarbeitet, um die Buchung von Pl\u00e4tzen auf 5-Tage-Reisen durch andere Reiseb\u00fcros zu erm\u00f6glichen.<\/p><p>4.2 Die Rechtsgrundlage f\u00fcr die Verarbeitung der Daten ist die Einwilligung des Vertreters des Reiseb\u00fcros und die Notwendigkeit der Verarbeitung der Daten f\u00fcr die Erf\u00fcllung des Vertrags.<\/p><p style=\"text-align: center;\"><strong>5 Aufbewahrungsfrist der Daten:<\/strong><\/p><p>5.1 Personenbezogene Daten werden f\u00fcr den Zeitraum gespeichert, der f\u00fcr die Durchf\u00fchrung der Buchung erforderlich ist, und in \u00dcbereinstimmung mit den geltenden Rechtsvorschriften.<\/p><p style=\"text-align: center;\"><strong>6 Weitergabe von personenbezogenen Daten:<\/strong><\/p><p>6.1 Personenbezogene Daten werden ohne ausdr\u00fcckliche Zustimmung des Vertreters des Reiseb\u00fcros nicht an Dritte weitergegeben, es sei denn, dies ist f\u00fcr die Abwicklung der Buchung erforderlich.<\/p><p><strong>7 Datensicherheit:<\/strong><\/p><p>7.1 Das Fremdenverkehrsamt MI STUDIO S.C. ergreift alle erforderlichen Ma\u00dfnahmen, um die Sicherheit der verarbeiteten personenbezogenen Daten zu gew\u00e4hrleisten, einschlie\u00dflich technischer und organisatorischer Sicherheitsvorkehrungen.<\/p><p style=\"text-align: center;\"><strong>8 Rechte der betroffenen Personen:<\/strong><\/p><p>8.1 Die betroffenen Personen haben das Recht auf Auskunft, Berichtigung, L\u00f6schung, Einschr\u00e4nkung der Verarbeitung und auf Widerspruch gegen die Verarbeitung ihrer Daten.<\/p><p style=\"text-align: center;\"><strong>9 Kontakt:<\/strong><\/p><p>9.1 Fragen zu den Datenschutzbestimmungen k\u00f6nnen an die folgende E-Mail-Adresse gerichtet werden: <a target=\"_new\">mistudio@mi-studio.com<\/a> oder an die Postanschrift der MI STUDIO S.C. Tourist Agency.<\/p><p><strong>10 \u00c4nderungen an der Datenschutzrichtlinie:<\/strong><\/p><p>10.1 MI STUDIO Tourist Agency S.C. beh\u00e4lt sich das Recht vor, \u00c4nderungen an dieser Datenschutzrichtlinie vorzunehmen. Aktualisierungen werden auf der Website der Agentur ver\u00f6ffentlicht.<\/p><p>Zuletzt aktualisiert: [Datum der Aktualisierung].<\/p><p><strong>Anhang: Informationsklausel f\u00fcr Reiseb\u00fcros:<\/strong><\/p><p>Wir informieren Sie dar\u00fcber, dass Ihre personenbezogenen Daten zum Zweck der Buchung von Pl\u00e4tzen f\u00fcr 5-t\u00e4gige Touren verarbeitet werden. Der Datenverwalter ist MI STUDIO S.C. mit Sitz in Orzechowa 45\/12, 50-540 Wroc\u0142aw. Weitere Informationen finden Sie in der Datenschutzerkl\u00e4rung auf der Website der MI STUDIO S.C. Tourist Agency.<\/p>\t\t\t\t\t<\/div>\n\t\t\t\t\t\t<\/div>\n\t\t\t\t<\/div>\n\t\t\t\t\t\t<\/div>\n\t\t\t\t\t<\/div>\n\t\t<\/div>\n\t\t\t\t\t\t\t\t<\/div>\n\t\t\t\t\t<\/div>\n\t\t<\/section>\n\t\t\t\t\t\t<\/div>\n\t\t\t\t\t<\/div>\n\t\t<\/div>\n\t\t\t\t\t\t\t\t<\/div>\n\t\t\t\t\t<\/div>\n\t\t<\/section>\n\t\t\t\t\t\t\t\t\t<\/div>\n\t\t\t<\/div>\n\t\t\t\t\t<\/div>","protected":false},"excerpt":{"rendered":"<p>Polityka Prywatno\u015bci 1. Wprowadzenie: 1.1 Niniejsza Polityka Prywatno\u015bci okre\u015bla zasady zbierania, przetwarzania i przechowywania danych osobowych przez Agencj\u0119 Turystyczn\u0105 MI STUDIO S.C. w zwi\u0105zku z rezerwacj\u0105 miejsc w 5-dniowych wycieczkach przez inne biura podr\u00f3\u017cy. 2. Administrator Danych: 2.1 Administratorem danych osobowych jest MI STUDIO S.C., NIP: 8992490766, REGON: 932956027, z siedzib\u0105 przy ul. Orzechowa 45\/12, [&hellip;]<\/p>","protected":false},"author":1,"featured_media":0,"parent":0,"menu_order":0,"comment_status":"closed","ping_status":"closed","template":"","meta":{"_monsterinsights_skip_tracking":false,"_monsterinsights_sitenote_active":false,"_monsterinsights_sitenote_note":"","_monsterinsights_sitenote_category":0,"footnotes":""},"class_list":["post-2011","page","type-page","status-publish","hentry"],"yoast_head":"<!-- This site is optimized with the Yoast SEO plugin v21.4 - https:\/\/yoast.com\/wordpress\/plugins\/seo\/ -->\n<title>Polityka Prywatno\u015bci - My Blog<\/title>\n<meta name=\"robots\" content=\"index, follow, max-snippet:-1, max-image-preview:large, max-video-preview:-1\" \/>\n<link rel=\"canonical\" href=\"https:\/\/1.musictravels.pl\/de\/datenschutzbestimmungen\/\" \/>\n<meta property=\"og:locale\" content=\"de_DE\" \/>\n<meta property=\"og:type\" content=\"article\" \/>\n<meta property=\"og:title\" content=\"Polityka Prywatno\u015bci - My Blog\" \/>\n<meta property=\"og:description\" content=\"Polityka Prywatno\u015bci 1. Wprowadzenie: 1.1 Niniejsza Polityka Prywatno\u015bci okre\u015bla zasady zbierania, przetwarzania i przechowywania danych osobowych przez Agencj\u0119 Turystyczn\u0105 MI STUDIO S.C. w zwi\u0105zku z rezerwacj\u0105 miejsc w 5-dniowych wycieczkach przez inne biura podr\u00f3\u017cy. 2. Administrator Danych: 2.1 Administratorem danych osobowych jest MI STUDIO S.C., NIP: 8992490766, REGON: 932956027, z siedzib\u0105 przy ul. Orzechowa 45\/12, [&hellip;]\" \/>\n<meta property=\"og:url\" content=\"https:\/\/1.musictravels.pl\/de\/datenschutzbestimmungen\/\" \/>\n<meta property=\"og:site_name\" content=\"My Blog\" \/>\n<meta property=\"article:modified_time\" content=\"2023-12-23T06:57:26+00:00\" \/>\n<meta name=\"twitter:card\" content=\"summary_large_image\" \/>\n<meta name=\"twitter:label1\" content=\"Gesch\u00e4tzte Lesezeit\" \/>\n\t<meta name=\"twitter:data1\" content=\"3\u00a0Minuten\" \/>\n<script type=\"application\/ld+json\" class=\"yoast-schema-graph\">{\"@context\":\"https:\/\/schema.org\",\"@graph\":[{\"@type\":\"WebPage\",\"@id\":\"https:\/\/1.musictravels.pl\/polityka-prywatnosci\/\",\"url\":\"https:\/\/1.musictravels.pl\/polityka-prywatnosci\/\",\"name\":\"Polityka Prywatno\u015bci - My Blog\",\"isPartOf\":{\"@id\":\"https:\/\/1.musictravels.pl\/#website\"},\"datePublished\":\"2023-12-23T06:56:14+00:00\",\"dateModified\":\"2023-12-23T06:57:26+00:00\",\"breadcrumb\":{\"@id\":\"https:\/\/1.musictravels.pl\/polityka-prywatnosci\/#breadcrumb\"},\"inLanguage\":\"de\",\"potentialAction\":[{\"@type\":\"ReadAction\",\"target\":[\"https:\/\/1.musictravels.pl\/polityka-prywatnosci\/\"]}]},{\"@type\":\"BreadcrumbList\",\"@id\":\"https:\/\/1.musictravels.pl\/polityka-prywatnosci\/#breadcrumb\",\"itemListElement\":[{\"@type\":\"ListItem\",\"position\":1,\"name\":\"Strona g\u0142\u00f3wna\",\"item\":\"https:\/\/1.musictravels.pl\/\"},{\"@type\":\"ListItem\",\"position\":2,\"name\":\"Polityka Prywatno\u015bci\"}]},{\"@type\":\"WebSite\",\"@id\":\"https:\/\/1.musictravels.pl\/#website\",\"url\":\"https:\/\/1.musictravels.pl\/\",\"name\":\"My Blog\",\"description\":\"My WordPress Blog\",\"potentialAction\":[{\"@type\":\"SearchAction\",\"target\":{\"@type\":\"EntryPoint\",\"urlTemplate\":\"https:\/\/1.musictravels.pl\/?s={search_term_string}\"},\"query-input\":\"required name=search_term_string\"}],\"inLanguage\":\"de\"}]}<\/script>\n<!-- \/ Yoast SEO plugin. -->","yoast_head_json":{"title":"Polityka Prywatno\u015bci - My Blog","robots":{"index":"index","follow":"follow","max-snippet":"max-snippet:-1","max-image-preview":"max-image-preview:large","max-video-preview":"max-video-preview:-1"},"canonical":"https:\/\/1.musictravels.pl\/de\/datenschutzbestimmungen\/","og_locale":"de_DE","og_type":"article","og_title":"Polityka Prywatno\u015bci - My Blog","og_description":"Polityka Prywatno\u015bci 1. Wprowadzenie: 1.1 Niniejsza Polityka Prywatno\u015bci okre\u015bla zasady zbierania, przetwarzania i przechowywania danych osobowych przez Agencj\u0119 Turystyczn\u0105 MI STUDIO S.C. w zwi\u0105zku z rezerwacj\u0105 miejsc w 5-dniowych wycieczkach przez inne biura podr\u00f3\u017cy. 2. Administrator Danych: 2.1 Administratorem danych osobowych jest MI STUDIO S.C., NIP: 8992490766, REGON: 932956027, z siedzib\u0105 przy ul. Orzechowa 45\/12, [&hellip;]","og_url":"https:\/\/1.musictravels.pl\/de\/datenschutzbestimmungen\/","og_site_name":"My Blog","article_modified_time":"2023-12-23T06:57:26+00:00","twitter_card":"summary_large_image","twitter_misc":{"Gesch\u00e4tzte Lesezeit":"3\u00a0Minuten"},"schema":{"@context":"https:\/\/schema.org","@graph":[{"@type":"WebPage","@id":"https:\/\/1.musictravels.pl\/polityka-prywatnosci\/","url":"https:\/\/1.musictravels.pl\/polityka-prywatnosci\/","name":"Polityka Prywatno\u015bci - My Blog","isPartOf":{"@id":"https:\/\/1.musictravels.pl\/#website"},"datePublished":"2023-12-23T06:56:14+00:00","dateModified":"2023-12-23T06:57:26+00:00","breadcrumb":{"@id":"https:\/\/1.musictravels.pl\/polityka-prywatnosci\/#breadcrumb"},"inLanguage":"de","potentialAction":[{"@type":"ReadAction","target":["https:\/\/1.musictravels.pl\/polityka-prywatnosci\/"]}]},{"@type":"BreadcrumbList","@id":"https:\/\/1.musictravels.pl\/polityka-prywatnosci\/#breadcrumb","itemListElement":[{"@type":"ListItem","position":1,"name":"Strona g\u0142\u00f3wna","item":"https:\/\/1.musictravels.pl\/"},{"@type":"ListItem","position":2,"name":"Polityka Prywatno\u015bci"}]},{"@type":"WebSite","@id":"https:\/\/1.musictravels.pl\/#website","url":"https:\/\/1.musictravels.pl\/","name":"My Blog","description":"My WordPress Blog","potentialAction":[{"@type":"SearchAction","target":{"@type":"EntryPoint","urlTemplate":"https:\/\/1.musictravels.pl\/?s={search_term_string}"},"query-input":"required name=search_term_string"}],"inLanguage":"de"}]}},"_links":{"self":[{"href":"https:\/\/1.musictravels.pl\/de\/wp-json\/wp\/v2\/pages\/2011","targetHints":{"allow":["GET"]}}],"collection":[{"href":"https:\/\/1.musictravels.pl\/de\/wp-json\/wp\/v2\/pages"}],"about":[{"href":"https:\/\/1.musictravels.pl\/de\/wp-json\/wp\/v2\/types\/page"}],"author":[{"embeddable":true,"href":"https:\/\/1.musictravels.pl\/de\/wp-json\/wp\/v2\/users\/1"}],"replies":[{"embeddable":true,"href":"https:\/\/1.musictravels.pl\/de\/wp-json\/wp\/v2\/comments?post=2011"}],"version-history":[{"count":4,"href":"https:\/\/1.musictravels.pl\/de\/wp-json\/wp\/v2\/pages\/2011\/revisions"}],"predecessor-version":[{"id":2015,"href":"https:\/\/1.musictravels.pl\/de\/wp-json\/wp\/v2\/pages\/2011\/revisions\/2015"}],"wp:attachment":[{"href":"https:\/\/1.musictravels.pl\/de\/wp-json\/wp\/v2\/media?parent=2011"}],"curies":[{"name":"wp","href":"https:\/\/api.w.org\/{rel}","templated":true}]}}