{"id":1484,"date":"2023-12-05T09:05:09","date_gmt":"2023-12-05T09:05:09","guid":{"rendered":"https:\/\/1.musictravels.pl\/?page_id=1484"},"modified":"2023-12-09T13:56:24","modified_gmt":"2023-12-09T13:56:24","slug":"dolina-palacow-i-ogrodow","status":"publish","type":"page","link":"https:\/\/1.musictravels.pl\/de\/valley-palacow-and-gardens\/","title":{"rendered":"Tal der Schl\u00f6sser und G\u00e4rten"},"content":{"rendered":"<div data-elementor-type=\"wp-page\" data-elementor-id=\"1484\" class=\"elementor elementor-1484\">\n\t\t\t\t\t\t<div class=\"elementor-inner\">\n\t\t\t\t<div class=\"elementor-section-wrap\">\n\t\t\t\t\t\t\t\t\t<section class=\"elementor-section elementor-top-section elementor-element elementor-element-027b947 elementor-section-full_width elementor-section-height-default elementor-section-height-default row-top\" data-id=\"027b947\" data-element_type=\"section\">\n\t\t\t\t\t\t<div class=\"elementor-container elementor-column-gap-default\">\n\t\t\t\t\t\t\t<div class=\"elementor-row\">\n\t\t\t\t\t<div class=\"elementor-column elementor-col-100 elementor-top-column elementor-element elementor-element-d0bf791\" data-id=\"d0bf791\" data-element_type=\"column\">\n\t\t\t<div class=\"elementor-column-wrap elementor-element-populated\">\n\t\t\t\t\t\t\t<div class=\"elementor-widget-wrap\">\n\t\t\t\t\t\t<section class=\"elementor-section elementor-inner-section elementor-element elementor-element-01bc3a9 elementor-section-boxed elementor-section-height-default elementor-section-height-default row-top\" data-id=\"01bc3a9\" data-element_type=\"section\">\n\t\t\t\t\t\t<div class=\"elementor-container elementor-column-gap-default\">\n\t\t\t\t\t\t\t<div class=\"elementor-row\">\n\t\t\t\t\t<div class=\"elementor-column elementor-col-100 elementor-inner-column elementor-element elementor-element-639c088\" data-id=\"639c088\" data-element_type=\"column\">\n\t\t\t<div class=\"elementor-column-wrap elementor-element-populated\">\n\t\t\t\t\t\t\t<div class=\"elementor-widget-wrap\">\n\t\t\t\t\t\t<div class=\"elementor-element elementor-element-7938ee5 elementor-widget elementor-widget-gva-heading-block\" data-id=\"7938ee5\" data-element_type=\"widget\" data-widget_type=\"gva-heading-block.default\">\n\t\t\t\t<div class=\"elementor-widget-container\">\n\t\t\t<div class=\"gva-element-gva-heading-block gva-element\">   <div class=\"align-center style-1 widget gsc-heading box-align-center auto-responsive\">\r\n      <div class=\"content-inner\">\r\n         \r\n                  \r\n                     <div class=\"sub-title\"><span>Standorte<\/span><\/div>\r\n           \r\n         \r\n                     <h2 class=\"title\">\r\n               <span>Tal der Schl\u00f6sser und G\u00e4rten<\/span>\r\n            <\/h2>\r\n                  \r\n         \r\n      <\/div>\r\n   <\/div>\r\n<\/div>\t\t<\/div>\n\t\t\t\t<\/div>\n\t\t\t\t\t\t<\/div>\n\t\t\t\t\t<\/div>\n\t\t<\/div>\n\t\t\t\t\t\t\t\t<\/div>\n\t\t\t\t\t<\/div>\n\t\t<\/section>\n\t\t\t\t<div class=\"elementor-element elementor-element-b92a5d5 elementor-widget elementor-widget-video\" data-id=\"b92a5d5\" data-element_type=\"widget\" data-settings=\"{&quot;video_type&quot;:&quot;hosted&quot;,&quot;autoplay&quot;:&quot;yes&quot;,&quot;play_on_mobile&quot;:&quot;yes&quot;,&quot;controls&quot;:&quot;yes&quot;}\" data-widget_type=\"video.default\">\n\t\t\t\t<div class=\"elementor-widget-container\">\n\t\t\t<style>\/*! elementor - v3.16.0 - 17-10-2023 *\/\n.elementor-widget-video .elementor-widget-container{overflow:hidden;transform:translateZ(0)}.elementor-widget-video .elementor-wrapper{aspect-ratio:var(--video-aspect-ratio)}.elementor-widget-video .elementor-wrapper iframe,.elementor-widget-video .elementor-wrapper video{height:100%;width:100%;display:flex;border:none;background-color:#000}@supports not (aspect-ratio:1\/1){.elementor-widget-video .elementor-wrapper{position:relative;overflow:hidden;height:0;padding-bottom:calc(100% \/ var(--video-aspect-ratio))}.elementor-widget-video .elementor-wrapper iframe,.elementor-widget-video .elementor-wrapper video{position:absolute;top:0;right:0;bottom:0;left:0}}.elementor-widget-video .elementor-open-inline .elementor-custom-embed-image-overlay{position:absolute;top:0;right:0;bottom:0;left:0;background-size:cover;background-position:50%}.elementor-widget-video .elementor-custom-embed-image-overlay{cursor:pointer;text-align:center}.elementor-widget-video .elementor-custom-embed-image-overlay:hover .elementor-custom-embed-play i{opacity:1}.elementor-widget-video .elementor-custom-embed-image-overlay img{display:block;width:100%;aspect-ratio:var(--video-aspect-ratio);-o-object-fit:cover;object-fit:cover;-o-object-position:center center;object-position:center center}@supports not (aspect-ratio:1\/1){.elementor-widget-video .elementor-custom-embed-image-overlay{position:relative;overflow:hidden;height:0;padding-bottom:calc(100% \/ var(--video-aspect-ratio))}.elementor-widget-video .elementor-custom-embed-image-overlay img{position:absolute;top:0;right:0;bottom:0;left:0}}.elementor-widget-video .e-hosted-video .elementor-video{-o-object-fit:cover;object-fit:cover}.e-con-inner>.elementor-widget-video,.e-con>.elementor-widget-video{width:var(--container-widget-width);--flex-grow:var(--container-widget-flex-grow)}<\/style>\t\t<div class=\"e-hosted-video elementor-wrapper elementor-open-inline\">\n\t\t\t\t\t<video class=\"elementor-video\" src=\"https:\/\/1.musictravels.pl\/wp-content\/uploads\/2023\/12\/Dolina-Palacow.mp4\" autoplay=\"\" controls=\"\" playsinline=\"\" controlslist=\"nodownload\"><\/video>\n\t\t\t\t<\/div>\n\t\t\t\t<\/div>\n\t\t\t\t<\/div>\n\t\t\t\t\t\t<\/div>\n\t\t\t\t\t<\/div>\n\t\t<\/div>\n\t\t\t\t\t\t\t\t<\/div>\n\t\t\t\t\t<\/div>\n\t\t<\/section>\n\t\t\t\t<section class=\"elementor-section elementor-top-section elementor-element elementor-element-cfe9709 elementor-section-boxed elementor-section-height-default elementor-section-height-default row-top\" data-id=\"cfe9709\" data-element_type=\"section\">\n\t\t\t\t\t\t<div class=\"elementor-container elementor-column-gap-default\">\n\t\t\t\t\t\t\t<div class=\"elementor-row\">\n\t\t\t\t\t<div class=\"elementor-column elementor-col-100 elementor-top-column elementor-element elementor-element-b600727\" data-id=\"b600727\" data-element_type=\"column\">\n\t\t\t<div class=\"elementor-column-wrap elementor-element-populated\">\n\t\t\t\t\t\t\t<div class=\"elementor-widget-wrap\">\n\t\t\t\t\t\t<div class=\"elementor-element elementor-element-3ce9dddb elementor-widget elementor-widget-gva-heading-block\" data-id=\"3ce9dddb\" data-element_type=\"widget\" data-widget_type=\"gva-heading-block.default\">\n\t\t\t\t<div class=\"elementor-widget-container\">\n\t\t\t<div class=\"gva-element-gva-heading-block gva-element\">   <div class=\"align-left style-1 widget gsc-heading box-align-center auto-responsive\">\r\n      <div class=\"content-inner\">\r\n         \r\n                  \r\n           \r\n         \r\n                              <div class=\"title-desc\">Im Herzen der Sudeten liegt das Tal der Schl\u00f6sser und G\u00e4rten, wo man nicht nur die herrliche Landschaft genie\u00dfen, sondern auch historische Denkm\u00e4ler entdecken kann. Allein hier gibt es etwa drei\u00dfig Burgen, Schl\u00f6sser und Herrensitze. Mittelalterliche Wohnt\u00fcrme, Burgen, Renaissanceschl\u00f6sser und Barockpal\u00e4ste sind hier zu finden. Deshalb wurde das Gebiet Anfang des 19. Jahrhunderts als \"schlesisches Elysium\" bezeichnet und in gewisser Weise mit den Burgen und Schl\u00f6ssern des Loiretals in Frankreich verglichen.<br><br>\nIn der Zeit der Romantik war das Jeleniog\u00f3rska-Tal in ganz Europa ein bekanntes Reise- und Kurziel. Die besten europ\u00e4ischen Familien lie\u00dfen sich hier nieder. Neben der Aristokratie kamen auch K\u00fcnstler, Philosophen und Naturliebhaber hierher (z. B. Frederic Chopin, Johann Wolfgang von Goethe, John Quincy Adams). <\/div>\r\n         \r\n         \r\n      <\/div>\r\n   <\/div>\r\n<\/div>\t\t<\/div>\n\t\t\t\t<\/div>\n\t\t\t\t<div class=\"elementor-element elementor-element-d16ddd7 elementor-widget elementor-widget-gva-heading-block\" data-id=\"d16ddd7\" data-element_type=\"widget\" data-widget_type=\"gva-heading-block.default\">\n\t\t\t\t<div class=\"elementor-widget-container\">\n\t\t\t<div class=\"gva-element-gva-heading-block gva-element\">   <div class=\"align-left style-1 widget gsc-heading box-align-center auto-responsive\">\r\n      <div class=\"content-inner\">\r\n         \r\n                  \r\n           \r\n         \r\n                     <h2 class=\"title\">\r\n               <span>Die Liste der Geb\u00e4ude, die zum Tal der Schl\u00f6sser und G\u00e4rten geh\u00f6ren, ist wirklich beeindruckend:<\/span>\r\n            <\/h2>\r\n                              <div class=\"title-desc\">- Schloss Bukowiec<br>\n    - Landschaftspark und Herrenhaus in Bukowiec<br>\n    - Schloss Brun\u00f3w<br>\n    - Schloss Schaffgotsch in Cieplice<br>\n    - Schloss Czernica<br>\n    - Schloss in D\u0105browica<br>\n    - Schloss Bolcz\u00f3w in Janowice Wielkie<br>\n    - Herrenhaus in Janowice Wielkie<br>\n    - Gutshof Czarne in Jelenia G\u00f3ra (Hirschberg)<br>\n    - Schloss Paulinum in Jelenia G\u00f3ra (Hirschberg)<br>\n    - Eichenpalast in Karpniki<br>\n    - Schloss Karpniki<br>\n    - Smyrna-Palast in Kowary<br>\n    - Palast in Chisinau - Kowary<br>\n    - Neues Herrenhaus in Radociny - Kowary<br>\n    - Schloss und Witwenhaus in Lomnica<br>\n    - Schloss Mi\u0142k\u00f3w<br>\n    - Gutshof Mniszk\u00f3w<br>\n    - Der K\u00f6nigliche Palast in Mys\u0142akowice<br>\n    - Pakoszov-Palast<br>\n    - Schloss in Sobiesz\u00f3w<br>\n    - Schloss Chojnik in Sobiesz\u00f3w<br>\n    - F\u00fcrstlicher Turm in Siedlcein<br>\n    - Schloss am Wasser in Stanisz\u00f3w Dolny<br>\n    - Schloss in Stanisz\u00f3w G\u00f3rny<br>\n    - Schloss in Wojanow<br>\n    - Schloss in Wojan\u00f3w-Bobr\u00f3w<br><br>\nDas Tal der Schl\u00f6sser und G\u00e4rten mit einer Fl\u00e4che von etwa 100 km2 grenzt im S\u00fcden an das Riesengebirge und im Norden an das Kaczawskie-Gebirge, im Osten an das Rudawy-Janowickie-Gebirge und im Westen an die \u0141omnickie-H\u00fcgel. Das gesamte Gebiet ist von einem dichten Stra\u00dfennetz durchzogen, das oft wertvolle Ausblicke bietet. Das Tal ist ideal f\u00fcr Rad- und Autotouren. Auch an markierten Wanderwegen mangelt es dem Wanderer nicht.\n<br><br>\n11 St\u00e4tten im Tal der Schl\u00f6sser und G\u00e4rten wurden unter dem Namen \"Schl\u00f6sser und Landschaftsparks von Kotlina Jeleniog\u00f3rska\" in die Liste des Historischen Denkmals des Pr\u00e4sidenten der Republik Polen aufgenommen, so dass sie sich um die Aufnahme in die UNESCO-Liste des Weltkulturerbes bewerben k\u00f6nnen.<br><b>Diese sind:<\/b><br>\n    - Bukowiec - Palast und Parkanlage<br>\n    - Jelenia G\u00f3ra - Schloss- und Parkanlage \"Paulinum\";<br>\n    - Jelenia G\u00f3ra - Schaffgotsch-Schloss und Parkanlage in Cieplice;<br>\n    - Karpniki - die Schloss- und Parkanlage<br>\n    - Karpniki - Villa \"D\u0119bowy Dw\u00f3r\" mit Park;<br>\n    - Kowary - die Schloss- und Parkanlage in Ciszyca;<br>\n    - \u0141omnica - Palast und Parkanlage<br>\n    - Mys\u0142akowice - Palast und Parkanlage;<br>\n    - Stanisz\u00f3w G\u00f3rny nr 100 - Palast-Park-Anlage<br>\n    - Wojan\u00f3w - Palast- und Parkanlage<br>\n    - Wojan\u00f3w-Bobr\u00f3w - Schloss- und Gutskomplex<\/div>\r\n         \r\n         \r\n      <\/div>\r\n   <\/div>\r\n<\/div>\t\t<\/div>\n\t\t\t\t<\/div>\n\t\t\t\t<div class=\"elementor-element elementor-element-eed57b3 elementor-widget elementor-widget-gva-heading-block\" data-id=\"eed57b3\" data-element_type=\"widget\" data-widget_type=\"gva-heading-block.default\">\n\t\t\t\t<div class=\"elementor-widget-container\">\n\t\t\t<div class=\"gva-element-gva-heading-block gva-element\">   <div class=\"align-left style-1 widget gsc-heading box-align-center auto-responsive\">\r\n      <div class=\"content-inner\">\r\n         \r\n                  \r\n           \r\n         \r\n                     <h2 class=\"title\">\r\n               <span>Gr\u00fcndung des Tals der Schl\u00f6sser und G\u00e4rten im Tal von Jelenia G\u00f3ra (Hirschberg)<\/span>\r\n            <\/h2>\r\n                              <div class=\"title-desc\">Im Jahr 2005 wurde die Stiftung Schl\u00f6sser und G\u00e4rten im Jeleniog\u00f3rska-Tal mit dem Ziel gegr\u00fcndet, historische Park-, Schloss- und Gutskomplexe sowie andere Wohngeb\u00e4ude im Jeleniog\u00f3rska-Tal zu sch\u00fctzen und das Gebiet unter dem Namen \"Dolina Pa\u0142ac\u00f3w i Ogrod\u00f3w\" als besonderes Kulturerbe zu f\u00f6rdern. Die Stiftung wurde von den Eigent\u00fcmern mehrerer Pal\u00e4ste gegr\u00fcndet, die Mittel zur Rettung der Denkm\u00e4ler und zur F\u00f6rderung des Gebiets suchten. Die Stiftung hat auch zur Schaffung eines Kulturparks beigetragen und bem\u00fcht sich derzeit um die Aufnahme des Gebiets in die Liste des UNESCO-Weltkulturerbes. Das wichtigste Kriterium f\u00fcr die Eintragung ist die Kulturlandschaft der Adelssitze, die von ausgedehnten romantischen Parks umgeben sind, die im 19.<\/div>\r\n         \r\n         \r\n      <\/div>\r\n   <\/div>\r\n<\/div>\t\t<\/div>\n\t\t\t\t<\/div>\n\t\t\t\t\t\t<\/div>\n\t\t\t\t\t<\/div>\n\t\t<\/div>\n\t\t\t\t\t\t\t\t<\/div>\n\t\t\t\t\t<\/div>\n\t\t<\/section>\n\t\t\t\t\t\t\t\t\t<\/div>\n\t\t\t<\/div>\n\t\t\t\t\t<\/div>","protected":false},"excerpt":{"rendered":"<p>Miejsca Dolina Pa\u0142ac\u00f3w i Ogrod\u00f3w https:\/\/1.musictravels.pl\/wp-content\/uploads\/2023\/12\/Dolina-Palacow.mp4 W sercu Sudet\u00f3w le\u017cy Dolina Pa\u0142ac\u00f3w i Ogrod\u00f3w, w kt\u00f3rej mo\u017cna podziwia\u0107 wspania\u0142e krajobrazy, a tak\u017ce odkrywa\u0107 zabytki. Samych zamk\u00f3w, pa\u0142ac\u00f3w oraz dwor\u00f3w jest tu oko\u0142o trzydziestu. Znajdziemy tu \u015bredniowieczne wie\u017ce mieszkalne, zamki, renesansowe dwory i barokowe pa\u0142ace. Dlatego te\u017c na pocz\u0105tku XIX wieku obszar ten nazwano &#8220;\u015al\u0105skim Elizjum&#8221;, [&hellip;]<\/p>","protected":false},"author":1,"featured_media":0,"parent":0,"menu_order":0,"comment_status":"closed","ping_status":"closed","template":"","meta":{"_monsterinsights_skip_tracking":false,"_monsterinsights_sitenote_active":false,"_monsterinsights_sitenote_note":"","_monsterinsights_sitenote_category":0,"footnotes":""},"class_list":["post-1484","page","type-page","status-publish","hentry"],"yoast_head":"<!-- This site is optimized with the Yoast SEO plugin v21.4 - https:\/\/yoast.com\/wordpress\/plugins\/seo\/ -->\n<title>Dolina Pa\u0142ac\u00f3w i Ogrod\u00f3w - My Blog<\/title>\n<meta name=\"robots\" content=\"index, follow, max-snippet:-1, max-image-preview:large, max-video-preview:-1\" \/>\n<link rel=\"canonical\" href=\"https:\/\/1.musictravels.pl\/de\/valley-palacow-and-gardens\/\" \/>\n<meta property=\"og:locale\" content=\"de_DE\" \/>\n<meta property=\"og:type\" content=\"article\" \/>\n<meta property=\"og:title\" content=\"Dolina Pa\u0142ac\u00f3w i Ogrod\u00f3w - My Blog\" \/>\n<meta property=\"og:description\" content=\"Miejsca Dolina Pa\u0142ac\u00f3w i Ogrod\u00f3w https:\/\/1.musictravels.pl\/wp-content\/uploads\/2023\/12\/Dolina-Palacow.mp4 W sercu Sudet\u00f3w le\u017cy Dolina Pa\u0142ac\u00f3w i Ogrod\u00f3w, w kt\u00f3rej mo\u017cna podziwia\u0107 wspania\u0142e krajobrazy, a tak\u017ce odkrywa\u0107 zabytki. Samych zamk\u00f3w, pa\u0142ac\u00f3w oraz dwor\u00f3w jest tu oko\u0142o trzydziestu. Znajdziemy tu \u015bredniowieczne wie\u017ce mieszkalne, zamki, renesansowe dwory i barokowe pa\u0142ace. Dlatego te\u017c na pocz\u0105tku XIX wieku obszar ten nazwano &#8220;\u015al\u0105skim Elizjum&#8221;, [&hellip;]\" \/>\n<meta property=\"og:url\" content=\"https:\/\/1.musictravels.pl\/de\/valley-palacow-and-gardens\/\" \/>\n<meta property=\"og:site_name\" content=\"My Blog\" \/>\n<meta property=\"article:modified_time\" content=\"2023-12-09T13:56:24+00:00\" \/>\n<meta name=\"twitter:card\" content=\"summary_large_image\" \/>\n<meta name=\"twitter:label1\" content=\"Gesch\u00e4tzte Lesezeit\" \/>\n\t<meta name=\"twitter:data1\" content=\"4\u00a0Minuten\" \/>\n<script type=\"application\/ld+json\" class=\"yoast-schema-graph\">{\"@context\":\"https:\/\/schema.org\",\"@graph\":[{\"@type\":\"WebPage\",\"@id\":\"https:\/\/1.musictravels.pl\/dolina-palacow-i-ogrodow\/\",\"url\":\"https:\/\/1.musictravels.pl\/dolina-palacow-i-ogrodow\/\",\"name\":\"Dolina Pa\u0142ac\u00f3w i Ogrod\u00f3w - My Blog\",\"isPartOf\":{\"@id\":\"https:\/\/1.musictravels.pl\/#website\"},\"datePublished\":\"2023-12-05T09:05:09+00:00\",\"dateModified\":\"2023-12-09T13:56:24+00:00\",\"breadcrumb\":{\"@id\":\"https:\/\/1.musictravels.pl\/dolina-palacow-i-ogrodow\/#breadcrumb\"},\"inLanguage\":\"de\",\"potentialAction\":[{\"@type\":\"ReadAction\",\"target\":[\"https:\/\/1.musictravels.pl\/dolina-palacow-i-ogrodow\/\"]}]},{\"@type\":\"BreadcrumbList\",\"@id\":\"https:\/\/1.musictravels.pl\/dolina-palacow-i-ogrodow\/#breadcrumb\",\"itemListElement\":[{\"@type\":\"ListItem\",\"position\":1,\"name\":\"Strona g\u0142\u00f3wna\",\"item\":\"https:\/\/1.musictravels.pl\/\"},{\"@type\":\"ListItem\",\"position\":2,\"name\":\"Dolina Pa\u0142ac\u00f3w i Ogrod\u00f3w\"}]},{\"@type\":\"WebSite\",\"@id\":\"https:\/\/1.musictravels.pl\/#website\",\"url\":\"https:\/\/1.musictravels.pl\/\",\"name\":\"My Blog\",\"description\":\"My WordPress Blog\",\"potentialAction\":[{\"@type\":\"SearchAction\",\"target\":{\"@type\":\"EntryPoint\",\"urlTemplate\":\"https:\/\/1.musictravels.pl\/?s={search_term_string}\"},\"query-input\":\"required name=search_term_string\"}],\"inLanguage\":\"de\"}]}<\/script>\n<!-- \/ Yoast SEO plugin. -->","yoast_head_json":{"title":"Dolina Pa\u0142ac\u00f3w i Ogrod\u00f3w - My Blog","robots":{"index":"index","follow":"follow","max-snippet":"max-snippet:-1","max-image-preview":"max-image-preview:large","max-video-preview":"max-video-preview:-1"},"canonical":"https:\/\/1.musictravels.pl\/de\/valley-palacow-and-gardens\/","og_locale":"de_DE","og_type":"article","og_title":"Dolina Pa\u0142ac\u00f3w i Ogrod\u00f3w - My Blog","og_description":"Miejsca Dolina Pa\u0142ac\u00f3w i Ogrod\u00f3w https:\/\/1.musictravels.pl\/wp-content\/uploads\/2023\/12\/Dolina-Palacow.mp4 W sercu Sudet\u00f3w le\u017cy Dolina Pa\u0142ac\u00f3w i Ogrod\u00f3w, w kt\u00f3rej mo\u017cna podziwia\u0107 wspania\u0142e krajobrazy, a tak\u017ce odkrywa\u0107 zabytki. Samych zamk\u00f3w, pa\u0142ac\u00f3w oraz dwor\u00f3w jest tu oko\u0142o trzydziestu. Znajdziemy tu \u015bredniowieczne wie\u017ce mieszkalne, zamki, renesansowe dwory i barokowe pa\u0142ace. Dlatego te\u017c na pocz\u0105tku XIX wieku obszar ten nazwano &#8220;\u015al\u0105skim Elizjum&#8221;, [&hellip;]","og_url":"https:\/\/1.musictravels.pl\/de\/valley-palacow-and-gardens\/","og_site_name":"My Blog","article_modified_time":"2023-12-09T13:56:24+00:00","twitter_card":"summary_large_image","twitter_misc":{"Gesch\u00e4tzte Lesezeit":"4\u00a0Minuten"},"schema":{"@context":"https:\/\/schema.org","@graph":[{"@type":"WebPage","@id":"https:\/\/1.musictravels.pl\/dolina-palacow-i-ogrodow\/","url":"https:\/\/1.musictravels.pl\/dolina-palacow-i-ogrodow\/","name":"Dolina Pa\u0142ac\u00f3w i Ogrod\u00f3w - My Blog","isPartOf":{"@id":"https:\/\/1.musictravels.pl\/#website"},"datePublished":"2023-12-05T09:05:09+00:00","dateModified":"2023-12-09T13:56:24+00:00","breadcrumb":{"@id":"https:\/\/1.musictravels.pl\/dolina-palacow-i-ogrodow\/#breadcrumb"},"inLanguage":"de","potentialAction":[{"@type":"ReadAction","target":["https:\/\/1.musictravels.pl\/dolina-palacow-i-ogrodow\/"]}]},{"@type":"BreadcrumbList","@id":"https:\/\/1.musictravels.pl\/dolina-palacow-i-ogrodow\/#breadcrumb","itemListElement":[{"@type":"ListItem","position":1,"name":"Strona g\u0142\u00f3wna","item":"https:\/\/1.musictravels.pl\/"},{"@type":"ListItem","position":2,"name":"Dolina Pa\u0142ac\u00f3w i Ogrod\u00f3w"}]},{"@type":"WebSite","@id":"https:\/\/1.musictravels.pl\/#website","url":"https:\/\/1.musictravels.pl\/","name":"My Blog","description":"My WordPress Blog","potentialAction":[{"@type":"SearchAction","target":{"@type":"EntryPoint","urlTemplate":"https:\/\/1.musictravels.pl\/?s={search_term_string}"},"query-input":"required name=search_term_string"}],"inLanguage":"de"}]}},"_links":{"self":[{"href":"https:\/\/1.musictravels.pl\/de\/wp-json\/wp\/v2\/pages\/1484","targetHints":{"allow":["GET"]}}],"collection":[{"href":"https:\/\/1.musictravels.pl\/de\/wp-json\/wp\/v2\/pages"}],"about":[{"href":"https:\/\/1.musictravels.pl\/de\/wp-json\/wp\/v2\/types\/page"}],"author":[{"embeddable":true,"href":"https:\/\/1.musictravels.pl\/de\/wp-json\/wp\/v2\/users\/1"}],"replies":[{"embeddable":true,"href":"https:\/\/1.musictravels.pl\/de\/wp-json\/wp\/v2\/comments?post=1484"}],"version-history":[{"count":73,"href":"https:\/\/1.musictravels.pl\/de\/wp-json\/wp\/v2\/pages\/1484\/revisions"}],"predecessor-version":[{"id":1754,"href":"https:\/\/1.musictravels.pl\/de\/wp-json\/wp\/v2\/pages\/1484\/revisions\/1754"}],"wp:attachment":[{"href":"https:\/\/1.musictravels.pl\/de\/wp-json\/wp\/v2\/media?parent=1484"}],"curies":[{"name":"wp","href":"https:\/\/api.w.org\/{rel}","templated":true}]}}