{"id":1478,"date":"2023-12-05T08:56:07","date_gmt":"2023-12-05T08:56:07","guid":{"rendered":"https:\/\/1.musictravels.pl\/?page_id=1478"},"modified":"2023-12-25T13:09:13","modified_gmt":"2023-12-25T13:09:13","slug":"jelenia-gora","status":"publish","type":"page","link":"https:\/\/1.musictravels.pl\/de\/jelenia-gora\/","title":{"rendered":"Jelenia G\u00f3ra"},"content":{"rendered":"<div data-elementor-type=\"wp-page\" data-elementor-id=\"1478\" class=\"elementor elementor-1478\">\n\t\t\t\t\t\t<div class=\"elementor-inner\">\n\t\t\t\t<div class=\"elementor-section-wrap\">\n\t\t\t\t\t\t\t\t\t<section class=\"elementor-section elementor-top-section elementor-element elementor-element-027b947 elementor-section-full_width elementor-section-height-default elementor-section-height-default row-top\" data-id=\"027b947\" data-element_type=\"section\">\n\t\t\t\t\t\t<div class=\"elementor-container elementor-column-gap-default\">\n\t\t\t\t\t\t\t<div class=\"elementor-row\">\n\t\t\t\t\t<div class=\"elementor-column elementor-col-100 elementor-top-column elementor-element elementor-element-d0bf791\" data-id=\"d0bf791\" data-element_type=\"column\">\n\t\t\t<div class=\"elementor-column-wrap elementor-element-populated\">\n\t\t\t\t\t\t\t<div class=\"elementor-widget-wrap\">\n\t\t\t\t\t\t<section class=\"elementor-section elementor-inner-section elementor-element elementor-element-01bc3a9 elementor-section-boxed elementor-section-height-default elementor-section-height-default row-top\" data-id=\"01bc3a9\" data-element_type=\"section\">\n\t\t\t\t\t\t<div class=\"elementor-container elementor-column-gap-default\">\n\t\t\t\t\t\t\t<div class=\"elementor-row\">\n\t\t\t\t\t<div class=\"elementor-column elementor-col-100 elementor-inner-column elementor-element elementor-element-639c088\" data-id=\"639c088\" data-element_type=\"column\">\n\t\t\t<div class=\"elementor-column-wrap elementor-element-populated\">\n\t\t\t\t\t\t\t<div class=\"elementor-widget-wrap\">\n\t\t\t\t\t\t<div class=\"elementor-element elementor-element-7938ee5 elementor-widget elementor-widget-gva-heading-block\" data-id=\"7938ee5\" data-element_type=\"widget\" data-widget_type=\"gva-heading-block.default\">\n\t\t\t\t<div class=\"elementor-widget-container\">\n\t\t\t<div class=\"gva-element-gva-heading-block gva-element\">   <div class=\"align-center style-1 widget gsc-heading box-align-center auto-responsive\">\r\n      <div class=\"content-inner\">\r\n         \r\n                  \r\n                     <div class=\"sub-title\"><span>Standorte<\/span><\/div>\r\n           \r\n         \r\n                     <h2 class=\"title\">\r\n               <span>Jelenia G\u00f3ra<\/span>\r\n            <\/h2>\r\n                  \r\n         \r\n      <\/div>\r\n   <\/div>\r\n<\/div>\t\t<\/div>\n\t\t\t\t<\/div>\n\t\t\t\t\t\t<\/div>\n\t\t\t\t\t<\/div>\n\t\t<\/div>\n\t\t\t\t\t\t\t\t<\/div>\n\t\t\t\t\t<\/div>\n\t\t<\/section>\n\t\t\t\t<div class=\"elementor-element elementor-element-b92a5d5 elementor-widget elementor-widget-video\" data-id=\"b92a5d5\" data-element_type=\"widget\" data-settings=\"{&quot;video_type&quot;:&quot;hosted&quot;,&quot;autoplay&quot;:&quot;yes&quot;,&quot;play_on_mobile&quot;:&quot;yes&quot;,&quot;controls&quot;:&quot;yes&quot;}\" data-widget_type=\"video.default\">\n\t\t\t\t<div class=\"elementor-widget-container\">\n\t\t\t<style>\/*! elementor - v3.16.0 - 17-10-2023 *\/\n.elementor-widget-video .elementor-widget-container{overflow:hidden;transform:translateZ(0)}.elementor-widget-video .elementor-wrapper{aspect-ratio:var(--video-aspect-ratio)}.elementor-widget-video .elementor-wrapper iframe,.elementor-widget-video .elementor-wrapper video{height:100%;width:100%;display:flex;border:none;background-color:#000}@supports not (aspect-ratio:1\/1){.elementor-widget-video .elementor-wrapper{position:relative;overflow:hidden;height:0;padding-bottom:calc(100% \/ var(--video-aspect-ratio))}.elementor-widget-video .elementor-wrapper iframe,.elementor-widget-video .elementor-wrapper video{position:absolute;top:0;right:0;bottom:0;left:0}}.elementor-widget-video .elementor-open-inline .elementor-custom-embed-image-overlay{position:absolute;top:0;right:0;bottom:0;left:0;background-size:cover;background-position:50%}.elementor-widget-video .elementor-custom-embed-image-overlay{cursor:pointer;text-align:center}.elementor-widget-video .elementor-custom-embed-image-overlay:hover .elementor-custom-embed-play i{opacity:1}.elementor-widget-video .elementor-custom-embed-image-overlay img{display:block;width:100%;aspect-ratio:var(--video-aspect-ratio);-o-object-fit:cover;object-fit:cover;-o-object-position:center center;object-position:center center}@supports not (aspect-ratio:1\/1){.elementor-widget-video .elementor-custom-embed-image-overlay{position:relative;overflow:hidden;height:0;padding-bottom:calc(100% \/ var(--video-aspect-ratio))}.elementor-widget-video .elementor-custom-embed-image-overlay img{position:absolute;top:0;right:0;bottom:0;left:0}}.elementor-widget-video .e-hosted-video .elementor-video{-o-object-fit:cover;object-fit:cover}.e-con-inner>.elementor-widget-video,.e-con>.elementor-widget-video{width:var(--container-widget-width);--flex-grow:var(--container-widget-flex-grow)}<\/style>\t\t<div class=\"e-hosted-video elementor-wrapper elementor-open-inline\">\n\t\t\t\t\t<video class=\"elementor-video\" src=\"https:\/\/1.musictravels.pl\/wp-content\/uploads\/2023\/12\/Jelenia-gora.mp4\" autoplay=\"\" controls=\"\" playsinline=\"\" controlslist=\"nodownload\"><\/video>\n\t\t\t\t<\/div>\n\t\t\t\t<\/div>\n\t\t\t\t<\/div>\n\t\t\t\t\t\t<\/div>\n\t\t\t\t\t<\/div>\n\t\t<\/div>\n\t\t\t\t\t\t\t\t<\/div>\n\t\t\t\t\t<\/div>\n\t\t<\/section>\n\t\t\t\t<section class=\"elementor-section elementor-top-section elementor-element elementor-element-cfe9709 elementor-section-boxed elementor-section-height-default elementor-section-height-default row-top\" data-id=\"cfe9709\" data-element_type=\"section\">\n\t\t\t\t\t\t<div class=\"elementor-container elementor-column-gap-default\">\n\t\t\t\t\t\t\t<div class=\"elementor-row\">\n\t\t\t\t\t<div class=\"elementor-column elementor-col-100 elementor-top-column elementor-element elementor-element-b600727\" data-id=\"b600727\" data-element_type=\"column\">\n\t\t\t<div class=\"elementor-column-wrap elementor-element-populated\">\n\t\t\t\t\t\t\t<div class=\"elementor-widget-wrap\">\n\t\t\t\t\t\t<div class=\"elementor-element elementor-element-3ce9dddb elementor-widget elementor-widget-gva-heading-block\" data-id=\"3ce9dddb\" data-element_type=\"widget\" data-widget_type=\"gva-heading-block.default\">\n\t\t\t\t<div class=\"elementor-widget-container\">\n\t\t\t<div class=\"gva-element-gva-heading-block gva-element\">   <div class=\"align-left style-1 widget gsc-heading box-align-center auto-responsive\">\r\n      <div class=\"content-inner\">\r\n         \r\n                  \r\n           \r\n         \r\n                              <div class=\"title-desc\">Jelenia G\u00f3ra ist die gr\u00f6\u00dfte Stadt der Westsudeten mit einem herrlichen Blick auf das Riesengebirge und wird nicht umsonst die Perle des Riesengebirges genannt. Sie ist das Verwaltungs-, Tourismus- und Wirtschaftszentrum der Region sowie die Hauptstadt der Euroregion \"NYSA\", die die Grenzgebiete Polens, Deutschlands und der Tschechischen Republik zusammenf\u00fchrt. <br> <br>\nJelenia G\u00f3ra liegt auf einer durchschnittlichen H\u00f6he von ca. 330 bis 370 Metern \u00fcber dem Meeresspiegel und umfasst eine Fl\u00e4che von 108,4 km\u00b2. Es erstreckt sich \u00fcber 30 km an der Grenze des Nationalparks Riesengebirge. Die Stadt ist von allen Seiten von Gebirgsz\u00fcgen umgeben: im Westen vom Isergebirge, im Norden vom Kaczawskie-Gebirge, im Osten vom Rudawy-Janowickie-Gebirge und im S\u00fcden vom h\u00f6chsten Gebirgszug der Sudeten, dem Riesengebirge. Der n\u00e4chstgelegene Grenz\u00fcbergang zu Deutschland ist 60 km entfernt, die Entfernung zur Tschechischen Republik betr\u00e4gt nur 25 km. <br> <br>\nJelenia G\u00f3ra ist eine Stadt mit jahrhundertelanger Tradition und zahlreichen historischen Denkm\u00e4lern. Sie wurde erstmals im 12. Jahrhundert erw\u00e4hnt Jahrhundert erw\u00e4hnt, als Boles\u0142aw Krzywousty im Jahr 1108 hier die erste befestigte Stadt errichtete. Die Stadt erhielt vor 1281 die Stadtrechte und wurde im Zweiten Weltkrieg nicht zerst\u00f6rt. Eine Reihe von Baudenkm\u00e4lern ist bis heute erhalten geblieben. Dazu geh\u00f6ren der Grodzka-Turm aus dem 15. Jahrhundert und der Schlossturm aus dem 16. Jahrhundert. Im Zentrum der Altstadt befindet sich der Rathausplatz mit dem Rathaus aus der Mitte des 18. Jahrhunderts. Im Zentrum von Jelenia G\u00f3ra befinden sich auch historische Sakralbauten: die St. Erasmus- und Pankratius-Kirche - der \u00e4lteste Sakralbau in Jelenia G\u00f3ra (1552), die Kirche der Kreuzerh\u00f6hung vom Anfang des 18. Jahrhunderts - die gr\u00f6\u00dfte Kirche der Stadt, die Kirche der Heiligen Jungfrau Maria, heute die orthodoxe Kirche St. Peter und Paul, ebenfalls aus dem 18, die St.-Annen-Kapelle, die sich im Inneren des mittelalterlichen Turms befindet, oder der evangelische Kirchenkomplex aus den Jahren 1709-1718: das Kantorenhaus, heute das Gemeindehaus. <br> <br>\nJelenia G\u00f3ra ist auch ein kulturelles Zentrum. Zwei Theater sind hier t\u00e4tig. Die Niederschlesische Philharmonie sowie zahlreiche Museen und Galerien, in denen Ausstellungen renommierter europ\u00e4ischer K\u00fcnstler zu sehen sind. Jedes Jahr finden in Jelenia G\u00f3ra u. a. das Internationale Avantgarde-Theaterfestival, das Internationale Stra\u00dfentheaterfestival, das Jazzfestival, das Internationale Filmfestival ZOOM und das Kunst- und Glasfestival statt.<\/div>\r\n         \r\n         \r\n      <\/div>\r\n   <\/div>\r\n<\/div>\t\t<\/div>\n\t\t\t\t<\/div>\n\t\t\t\t\t\t<\/div>\n\t\t\t\t\t<\/div>\n\t\t<\/div>\n\t\t\t\t\t\t\t\t<\/div>\n\t\t\t\t\t<\/div>\n\t\t<\/section>\n\t\t\t\t\t\t\t\t\t<\/div>\n\t\t\t<\/div>\n\t\t\t\t\t<\/div>","protected":false},"excerpt":{"rendered":"<p>Miejsca Jelenia G\u00f3ra https:\/\/1.musictravels.pl\/wp-content\/uploads\/2023\/12\/Jelenia-gora.mp4 Jelenia G\u00f3ra to najwi\u0119ksze miasto Sudet\u00f3w Zachodnich, ze wspania\u0142ym widokiem na Karkonosze, nie bez powodu zwana jest Per\u0142\u0105 Karkonoszy. Jest centrum administracyjnym, turystycznym i gospodarczym regionu oraz stolic\u0105 Euroregionu \u201eNYSA\u201d, skupiaj\u0105cego przygraniczne tereny Polski, Niemiec i Czech. Jelenia G\u00f3ra le\u017cy \u015brednio na wysoko\u015bci ok. 330 \u2013 370 m n.p.m. i zajmuje [&hellip;]<\/p>","protected":false},"author":1,"featured_media":0,"parent":0,"menu_order":0,"comment_status":"closed","ping_status":"closed","template":"","meta":{"_monsterinsights_skip_tracking":false,"_monsterinsights_sitenote_active":false,"_monsterinsights_sitenote_note":"","_monsterinsights_sitenote_category":0,"footnotes":""},"class_list":["post-1478","page","type-page","status-publish","hentry"],"yoast_head":"<!-- This site is optimized with the Yoast SEO plugin v21.4 - https:\/\/yoast.com\/wordpress\/plugins\/seo\/ -->\n<title>Jelenia G\u00f3ra - MusicTravels<\/title>\n<meta name=\"robots\" content=\"index, follow, max-snippet:-1, max-image-preview:large, max-video-preview:-1\" \/>\n<link rel=\"canonical\" href=\"https:\/\/1.musictravels.pl\/de\/jelenia-gora\/\" \/>\n<meta property=\"og:locale\" content=\"de_DE\" \/>\n<meta property=\"og:type\" content=\"article\" \/>\n<meta property=\"og:title\" content=\"Jelenia G\u00f3ra - MusicTravels\" \/>\n<meta property=\"og:description\" content=\"Miejsca Jelenia G\u00f3ra https:\/\/1.musictravels.pl\/wp-content\/uploads\/2023\/12\/Jelenia-gora.mp4 Jelenia G\u00f3ra to najwi\u0119ksze miasto Sudet\u00f3w Zachodnich, ze wspania\u0142ym widokiem na Karkonosze, nie bez powodu zwana jest Per\u0142\u0105 Karkonoszy. Jest centrum administracyjnym, turystycznym i gospodarczym regionu oraz stolic\u0105 Euroregionu \u201eNYSA\u201d, skupiaj\u0105cego przygraniczne tereny Polski, Niemiec i Czech. Jelenia G\u00f3ra le\u017cy \u015brednio na wysoko\u015bci ok. 330 \u2013 370 m n.p.m. i zajmuje [&hellip;]\" \/>\n<meta property=\"og:url\" content=\"https:\/\/1.musictravels.pl\/de\/jelenia-gora\/\" \/>\n<meta property=\"og:site_name\" content=\"My Blog\" \/>\n<meta property=\"article:modified_time\" content=\"2023-12-25T13:09:13+00:00\" \/>\n<meta name=\"twitter:card\" content=\"summary_large_image\" \/>\n<meta name=\"twitter:label1\" content=\"Gesch\u00e4tzte Lesezeit\" \/>\n\t<meta name=\"twitter:data1\" content=\"2\u00a0Minuten\" \/>\n<script type=\"application\/ld+json\" class=\"yoast-schema-graph\">{\"@context\":\"https:\/\/schema.org\",\"@graph\":[{\"@type\":\"WebPage\",\"@id\":\"https:\/\/1.musictravels.pl\/jelenia-gora\/\",\"url\":\"https:\/\/1.musictravels.pl\/jelenia-gora\/\",\"name\":\"Jelenia G\u00f3ra - MusicTravels\",\"isPartOf\":{\"@id\":\"https:\/\/1.musictravels.pl\/#website\"},\"datePublished\":\"2023-12-05T08:56:07+00:00\",\"dateModified\":\"2023-12-25T13:09:13+00:00\",\"breadcrumb\":{\"@id\":\"https:\/\/1.musictravels.pl\/jelenia-gora\/#breadcrumb\"},\"inLanguage\":\"de\",\"potentialAction\":[{\"@type\":\"ReadAction\",\"target\":[\"https:\/\/1.musictravels.pl\/jelenia-gora\/\"]}]},{\"@type\":\"BreadcrumbList\",\"@id\":\"https:\/\/1.musictravels.pl\/jelenia-gora\/#breadcrumb\",\"itemListElement\":[{\"@type\":\"ListItem\",\"position\":1,\"name\":\"Strona g\u0142\u00f3wna\",\"item\":\"https:\/\/1.musictravels.pl\/\"},{\"@type\":\"ListItem\",\"position\":2,\"name\":\"Jelenia G\u00f3ra\"}]},{\"@type\":\"WebSite\",\"@id\":\"https:\/\/1.musictravels.pl\/#website\",\"url\":\"https:\/\/1.musictravels.pl\/\",\"name\":\"My Blog\",\"description\":\"My WordPress Blog\",\"potentialAction\":[{\"@type\":\"SearchAction\",\"target\":{\"@type\":\"EntryPoint\",\"urlTemplate\":\"https:\/\/1.musictravels.pl\/?s={search_term_string}\"},\"query-input\":\"required name=search_term_string\"}],\"inLanguage\":\"de\"}]}<\/script>\n<!-- \/ Yoast SEO plugin. -->","yoast_head_json":{"title":"Jelenia G\u00f3ra - MusicTravels","robots":{"index":"index","follow":"follow","max-snippet":"max-snippet:-1","max-image-preview":"max-image-preview:large","max-video-preview":"max-video-preview:-1"},"canonical":"https:\/\/1.musictravels.pl\/de\/jelenia-gora\/","og_locale":"de_DE","og_type":"article","og_title":"Jelenia G\u00f3ra - MusicTravels","og_description":"Miejsca Jelenia G\u00f3ra https:\/\/1.musictravels.pl\/wp-content\/uploads\/2023\/12\/Jelenia-gora.mp4 Jelenia G\u00f3ra to najwi\u0119ksze miasto Sudet\u00f3w Zachodnich, ze wspania\u0142ym widokiem na Karkonosze, nie bez powodu zwana jest Per\u0142\u0105 Karkonoszy. Jest centrum administracyjnym, turystycznym i gospodarczym regionu oraz stolic\u0105 Euroregionu \u201eNYSA\u201d, skupiaj\u0105cego przygraniczne tereny Polski, Niemiec i Czech. Jelenia G\u00f3ra le\u017cy \u015brednio na wysoko\u015bci ok. 330 \u2013 370 m n.p.m. i zajmuje [&hellip;]","og_url":"https:\/\/1.musictravels.pl\/de\/jelenia-gora\/","og_site_name":"My Blog","article_modified_time":"2023-12-25T13:09:13+00:00","twitter_card":"summary_large_image","twitter_misc":{"Gesch\u00e4tzte Lesezeit":"2\u00a0Minuten"},"schema":{"@context":"https:\/\/schema.org","@graph":[{"@type":"WebPage","@id":"https:\/\/1.musictravels.pl\/jelenia-gora\/","url":"https:\/\/1.musictravels.pl\/jelenia-gora\/","name":"Jelenia G\u00f3ra - MusicTravels","isPartOf":{"@id":"https:\/\/1.musictravels.pl\/#website"},"datePublished":"2023-12-05T08:56:07+00:00","dateModified":"2023-12-25T13:09:13+00:00","breadcrumb":{"@id":"https:\/\/1.musictravels.pl\/jelenia-gora\/#breadcrumb"},"inLanguage":"de","potentialAction":[{"@type":"ReadAction","target":["https:\/\/1.musictravels.pl\/jelenia-gora\/"]}]},{"@type":"BreadcrumbList","@id":"https:\/\/1.musictravels.pl\/jelenia-gora\/#breadcrumb","itemListElement":[{"@type":"ListItem","position":1,"name":"Strona g\u0142\u00f3wna","item":"https:\/\/1.musictravels.pl\/"},{"@type":"ListItem","position":2,"name":"Jelenia G\u00f3ra"}]},{"@type":"WebSite","@id":"https:\/\/1.musictravels.pl\/#website","url":"https:\/\/1.musictravels.pl\/","name":"My Blog","description":"My WordPress Blog","potentialAction":[{"@type":"SearchAction","target":{"@type":"EntryPoint","urlTemplate":"https:\/\/1.musictravels.pl\/?s={search_term_string}"},"query-input":"required name=search_term_string"}],"inLanguage":"de"}]}},"_links":{"self":[{"href":"https:\/\/1.musictravels.pl\/de\/wp-json\/wp\/v2\/pages\/1478","targetHints":{"allow":["GET"]}}],"collection":[{"href":"https:\/\/1.musictravels.pl\/de\/wp-json\/wp\/v2\/pages"}],"about":[{"href":"https:\/\/1.musictravels.pl\/de\/wp-json\/wp\/v2\/types\/page"}],"author":[{"embeddable":true,"href":"https:\/\/1.musictravels.pl\/de\/wp-json\/wp\/v2\/users\/1"}],"replies":[{"embeddable":true,"href":"https:\/\/1.musictravels.pl\/de\/wp-json\/wp\/v2\/comments?post=1478"}],"version-history":[{"count":26,"href":"https:\/\/1.musictravels.pl\/de\/wp-json\/wp\/v2\/pages\/1478\/revisions"}],"predecessor-version":[{"id":2373,"href":"https:\/\/1.musictravels.pl\/de\/wp-json\/wp\/v2\/pages\/1478\/revisions\/2373"}],"wp:attachment":[{"href":"https:\/\/1.musictravels.pl\/de\/wp-json\/wp\/v2\/media?parent=1478"}],"curies":[{"name":"wp","href":"https:\/\/api.w.org\/{rel}","templated":true}]}}