{"id":1471,"date":"2023-12-05T08:47:32","date_gmt":"2023-12-05T08:47:32","guid":{"rendered":"https:\/\/1.musictravels.pl\/?page_id=1471"},"modified":"2023-12-25T13:08:19","modified_gmt":"2023-12-25T13:08:19","slug":"ornamental-farm-bukowiec","status":"publish","type":"page","link":"https:\/\/1.musictravels.pl\/de\/zier-baum-buche\/","title":{"rendered":"Zierpflanzenbauernhof Bukowiec"},"content":{"rendered":"<div data-elementor-type=\"wp-page\" data-elementor-id=\"1471\" class=\"elementor elementor-1471\">\n\t\t\t\t\t\t<div class=\"elementor-inner\">\n\t\t\t\t<div class=\"elementor-section-wrap\">\n\t\t\t\t\t\t\t\t\t<section class=\"elementor-section elementor-top-section elementor-element elementor-element-027b947 elementor-section-full_width elementor-section-height-default elementor-section-height-default row-top\" data-id=\"027b947\" data-element_type=\"section\">\n\t\t\t\t\t\t<div class=\"elementor-container elementor-column-gap-default\">\n\t\t\t\t\t\t\t<div class=\"elementor-row\">\n\t\t\t\t\t<div class=\"elementor-column elementor-col-100 elementor-top-column elementor-element elementor-element-d0bf791\" data-id=\"d0bf791\" data-element_type=\"column\">\n\t\t\t<div class=\"elementor-column-wrap elementor-element-populated\">\n\t\t\t\t\t\t\t<div class=\"elementor-widget-wrap\">\n\t\t\t\t\t\t<section class=\"elementor-section elementor-inner-section elementor-element elementor-element-01bc3a9 elementor-section-boxed elementor-section-height-default elementor-section-height-default row-top\" data-id=\"01bc3a9\" data-element_type=\"section\">\n\t\t\t\t\t\t<div class=\"elementor-container elementor-column-gap-default\">\n\t\t\t\t\t\t\t<div class=\"elementor-row\">\n\t\t\t\t\t<div class=\"elementor-column elementor-col-100 elementor-inner-column elementor-element elementor-element-639c088\" data-id=\"639c088\" data-element_type=\"column\">\n\t\t\t<div class=\"elementor-column-wrap elementor-element-populated\">\n\t\t\t\t\t\t\t<div class=\"elementor-widget-wrap\">\n\t\t\t\t\t\t<div class=\"elementor-element elementor-element-7938ee5 elementor-widget elementor-widget-gva-heading-block\" data-id=\"7938ee5\" data-element_type=\"widget\" data-widget_type=\"gva-heading-block.default\">\n\t\t\t\t<div class=\"elementor-widget-container\">\n\t\t\t<div class=\"gva-element-gva-heading-block gva-element\">   <div class=\"align-center style-1 widget gsc-heading box-align-center auto-responsive\">\r\n      <div class=\"content-inner\">\r\n         \r\n                  \r\n                     <div class=\"sub-title\"><span>Standorte<\/span><\/div>\r\n           \r\n         \r\n                     <h2 class=\"title\">\r\n               <span>Bukowiec. Bauernhof und Park.\n<\/span>\r\n            <\/h2>\r\n                  \r\n         \r\n      <\/div>\r\n   <\/div>\r\n<\/div>\t\t<\/div>\n\t\t\t\t<\/div>\n\t\t\t\t\t\t<\/div>\n\t\t\t\t\t<\/div>\n\t\t<\/div>\n\t\t\t\t\t\t\t\t<\/div>\n\t\t\t\t\t<\/div>\n\t\t<\/section>\n\t\t\t\t<div class=\"elementor-element elementor-element-b92a5d5 elementor-widget elementor-widget-video\" data-id=\"b92a5d5\" data-element_type=\"widget\" data-settings=\"{&quot;video_type&quot;:&quot;hosted&quot;,&quot;autoplay&quot;:&quot;yes&quot;,&quot;play_on_mobile&quot;:&quot;yes&quot;,&quot;controls&quot;:&quot;yes&quot;}\" data-widget_type=\"video.default\">\n\t\t\t\t<div class=\"elementor-widget-container\">\n\t\t\t<style>\/*! elementor - v3.16.0 - 17-10-2023 *\/\n.elementor-widget-video .elementor-widget-container{overflow:hidden;transform:translateZ(0)}.elementor-widget-video .elementor-wrapper{aspect-ratio:var(--video-aspect-ratio)}.elementor-widget-video .elementor-wrapper iframe,.elementor-widget-video .elementor-wrapper video{height:100%;width:100%;display:flex;border:none;background-color:#000}@supports not (aspect-ratio:1\/1){.elementor-widget-video .elementor-wrapper{position:relative;overflow:hidden;height:0;padding-bottom:calc(100% \/ var(--video-aspect-ratio))}.elementor-widget-video .elementor-wrapper iframe,.elementor-widget-video .elementor-wrapper video{position:absolute;top:0;right:0;bottom:0;left:0}}.elementor-widget-video .elementor-open-inline .elementor-custom-embed-image-overlay{position:absolute;top:0;right:0;bottom:0;left:0;background-size:cover;background-position:50%}.elementor-widget-video .elementor-custom-embed-image-overlay{cursor:pointer;text-align:center}.elementor-widget-video .elementor-custom-embed-image-overlay:hover .elementor-custom-embed-play i{opacity:1}.elementor-widget-video .elementor-custom-embed-image-overlay img{display:block;width:100%;aspect-ratio:var(--video-aspect-ratio);-o-object-fit:cover;object-fit:cover;-o-object-position:center center;object-position:center center}@supports not (aspect-ratio:1\/1){.elementor-widget-video .elementor-custom-embed-image-overlay{position:relative;overflow:hidden;height:0;padding-bottom:calc(100% \/ var(--video-aspect-ratio))}.elementor-widget-video .elementor-custom-embed-image-overlay img{position:absolute;top:0;right:0;bottom:0;left:0}}.elementor-widget-video .e-hosted-video .elementor-video{-o-object-fit:cover;object-fit:cover}.e-con-inner>.elementor-widget-video,.e-con>.elementor-widget-video{width:var(--container-widget-width);--flex-grow:var(--container-widget-flex-grow)}<\/style>\t\t<div class=\"e-hosted-video elementor-wrapper elementor-open-inline\">\n\t\t\t\t\t<video class=\"elementor-video\" src=\"https:\/\/1.musictravels.pl\/wp-content\/uploads\/2023\/12\/Bukowiec.mp4\" autoplay=\"\" controls=\"\" playsinline=\"\" controlslist=\"nodownload\"><\/video>\n\t\t\t\t<\/div>\n\t\t\t\t<\/div>\n\t\t\t\t<\/div>\n\t\t\t\t\t\t<\/div>\n\t\t\t\t\t<\/div>\n\t\t<\/div>\n\t\t\t\t\t\t\t\t<\/div>\n\t\t\t\t\t<\/div>\n\t\t<\/section>\n\t\t\t\t<section class=\"elementor-section elementor-top-section elementor-element elementor-element-cfe9709 elementor-section-boxed elementor-section-height-default elementor-section-height-default row-top\" data-id=\"cfe9709\" data-element_type=\"section\">\n\t\t\t\t\t\t<div class=\"elementor-container elementor-column-gap-default\">\n\t\t\t\t\t\t\t<div class=\"elementor-row\">\n\t\t\t\t\t<div class=\"elementor-column elementor-col-100 elementor-top-column elementor-element elementor-element-b600727\" data-id=\"b600727\" data-element_type=\"column\">\n\t\t\t<div class=\"elementor-column-wrap elementor-element-populated\">\n\t\t\t\t\t\t\t<div class=\"elementor-widget-wrap\">\n\t\t\t\t\t\t<div class=\"elementor-element elementor-element-3ce9dddb elementor-widget elementor-widget-gva-heading-block\" data-id=\"3ce9dddb\" data-element_type=\"widget\" data-widget_type=\"gva-heading-block.default\">\n\t\t\t\t<div class=\"elementor-widget-container\">\n\t\t\t<div class=\"gva-element-gva-heading-block gva-element\">   <div class=\"align-left style-1 widget gsc-heading box-align-center auto-responsive\">\r\n      <div class=\"content-inner\">\r\n         \r\n                  \r\n           \r\n         \r\n                     <h2 class=\"title\">\r\n               <span>Bukowiec. Bauernhof und Park.<\/span>\r\n            <\/h2>\r\n                              <div class=\"title-desc\">Es handelt sich um ein au\u00dfergew\u00f6hnliches Kultur- und Bildungszentrum, das in einem historischen Herrenhaus in Bukowiec untergebracht ist, in einem malerischen Tal am Fu\u00dfe des Riesengebirges, im Herzen des Tals der Schl\u00f6sser und G\u00e4rten. Es steht unter Denkmalschutz. Das klassizistische Herrenhaus und der Palast sind von einem romantischen Landschaftspark von \u00fcber 120 ha umgeben.<br><br> Sie ist eine der ersten und gr\u00f6\u00dften ihrer Art in Polen. Es wird weithin als Vorl\u00e4ufer der englischen Idee der Ornamental Farm in diesem Teil Europas angesehen. Es handelt sich um eine Idee, die die Qualit\u00e4ten einer nat\u00fcrlichen Landschaft mit der wirtschaftlichen Funktion eines Landguts verbindet.<br><br> Der Hof verf\u00fcgt \u00fcber einen Konzertsaal und eine Multimedia-Ausstellung \u00fcber das Tal der Schl\u00f6sser und G\u00e4rten, die das kulturelle Potenzial der Region vorstellt. Sie zeigt Lithographien, Fotografien, Filme, Beschreibungen, historische Pl\u00e4ne, Modelle von Burgen, Schl\u00f6ssern und Herrenh\u00e4usern sowie die interessantesten Beispiele sakraler und regionaler Architektur. Ein Teil der Ausstellung ist den Sch\u00f6pfern des Zierlichen Hofes gewidmet - Graf Friedrich von Reden und seiner Frau Friedrich.<br><br> Das ehemalige Brauereigeb\u00e4ude beherbergt eine multimediale, interaktive Ausstellung mit dem Titel \"Mysteri\u00f6ser Wald\", die die nat\u00fcrlichen Werte des Jelenia-G\u00f3ra-Tals und die Jagdtraditionen der Region pr\u00e4sentiert. Im ehemaligen Sheepfold-Geb\u00e4ude befinden sich ab dem zweiten Quartal 2019 zehn voll ausgestattete Kunstr\u00e4ume und Ateliers, darunter Ateliers f\u00fcr Malerei, Bildhauerei, Musik, Tanz, Fotografie, Computer und Natur. Au\u00dferdem gibt es einen gro\u00dfen Konferenz- und Ausstellungsraum. Im ehemaligen Verwaltungsgeb\u00e4ude sind Ein- und Zweizimmerwohnungen mit K\u00fcchenzeile untergebracht. Eine davon wurde in der Vergangenheit von Graf von Reden zur Verwaltung des Gutes genutzt.<\/div>\r\n         \r\n         \r\n      <\/div>\r\n   <\/div>\r\n<\/div>\t\t<\/div>\n\t\t\t\t<\/div>\n\t\t\t\t<div class=\"elementor-element elementor-element-d16ddd7 elementor-widget elementor-widget-gva-heading-block\" data-id=\"d16ddd7\" data-element_type=\"widget\" data-widget_type=\"gva-heading-block.default\">\n\t\t\t\t<div class=\"elementor-widget-container\">\n\t\t\t<div class=\"gva-element-gva-heading-block gva-element\">   <div class=\"align-left style-1 widget gsc-heading box-align-center auto-responsive\">\r\n      <div class=\"content-inner\">\r\n         \r\n                  \r\n           \r\n         \r\n                     <h2 class=\"title\">\r\n               <span>Historischer Hintergrund der Parkgr\u00fcndung<\/span>\r\n            <\/h2>\r\n                              <div class=\"title-desc\">Der Landschaftspark ist zweifelsohne die gr\u00f6\u00dfte Attraktion von Bukowiec. Er wurde an der Wende vom 18. zum 19.\nJahrhunderts von Graf Friedrich von Reden als erste romantische Landschaft in Schlesien angelegt.\nin Schlesien. Sie gilt bis heute als einzigartiges Kunstwerk, das die Qualit\u00e4ten einer nat\u00fcrlichen Vorgebirgslandschaft mit denen einer\nder nat\u00fcrlichen Vorgebirgslandschaft mit Architektur und Natur.\nDie nat\u00fcrliche Landschaft war f\u00fcr die Erzielung einer gro\u00dfartigen Landschaftswirkung f\u00f6rderlich: starke\nAbholzung der h\u00fcgeligen Umgebung, ihre Bew\u00e4sserung, der nahe gelegene Wald, die kleinen Haine, die Ansammlung von Teichen und das Panorama des Riesengebirges.\nTeiche und das Panorama des Riesengebirges. Heute umfasst der Park eine Fl\u00e4che von mehr als 120 ha. Auf seinem Gebiet\ngibt es 10 Teiche und zahlreiche nat\u00fcrliche Felsformationen.\nDer Park ist eine Hommage des Grafen an seine Frau Friedrichka, geborene von Massov, f\u00fcr die er Folgendes errichten lie\u00df\neinen Pavillon mit offenem S\u00e4ulengang zu errichten, der sp\u00e4ter als Belvedere oder Athenatempel bekannt wurde\nAthenatempel, sowie eine Reihe weiterer allegorischer Bauten, die den Raum der Landschaft bereichern\nLandschaft. Dazu geh\u00f6rten: Haus des G\u00e4rtners, Sitz der Theresa, Haus des Fischers, Haus der Wiese\nMeadow House, das Blaue Haus, der Aussichtsturm, die k\u00fcnstlichen Ruinen des Amphitheaters und schlie\u00dflich die f\u00fcr die Familie\ndie f\u00fcr das Familienmausoleum errichtete Abtei. Der Entwurf f\u00fcr den Park stammt von Graf von Reden, der bei der Gestaltung von Hans Carl Walther unterst\u00fctzt wurde, einem renommierten Gartenarchitekten der damaligen Zeit, nach dem auch eines der pr\u00e4chtigen Geb\u00e4ude der Anlage benannt ist.\neines der pr\u00e4chtigen Geb\u00e4ude der Anlage nach ihm benannt ist.\nNach dem Tod ihres Mannes \u00fcbernahm Frederica 1815 die Leitung des Anwesens und f\u00fchrte es in den folgenden 39 Jahren erfolgreich, indem sie das Bierbrauen, die Aufzucht von K\u00fchen, Schafen und Fischen sowie die Produktion von Leinentuch f\u00fcr die Armee \u00fcberwachte.\ndie Produktion von Leinentuch f\u00fcr die Armee. Sie kultivierte auch B\u00e4ume und Str\u00e4ucher und\nexperimentierte mit neuen Getreidesorten. Dar\u00fcber hinaus war sie eine Kunstm\u00e4zenin, f\u00fchrte einen offenen\nSalon und war mit den ber\u00fchmtesten Pers\u00f6nlichkeiten des damaligen Preu\u00dfens befreundet. 1841 lie\u00df sie die in S\u00fcdnorwegen erworbene Wang-Seekirche, die urspr\u00fcnglich f\u00fcr ein Museum in Berlin bestimmt war, nach Karpacz transportieren.<\/div>\r\n         \r\n         \r\n      <\/div>\r\n   <\/div>\r\n<\/div>\t\t<\/div>\n\t\t\t\t<\/div>\n\t\t\t\t\t\t<\/div>\n\t\t\t\t\t<\/div>\n\t\t<\/div>\n\t\t\t\t\t\t\t\t<\/div>\n\t\t\t\t\t<\/div>\n\t\t<\/section>\n\t\t\t\t\t\t\t\t\t<\/div>\n\t\t\t<\/div>\n\t\t\t\t\t<\/div>","protected":false},"excerpt":{"rendered":"<p>Miejsca Bukowiec. Folwark i park. https:\/\/1.musictravels.pl\/wp-content\/uploads\/2023\/12\/Bukowiec.mp4 Bukowiec. Folwark i park. To niezwyk\u0142y os\u0301rodek kulturalno-edukacyjny, zlokalizowany w zabytkowym folwarku w Bukowcu, w malowniczej dolinie u podno\u0301z\u0307a Karkonoszy, w sercu Doliny Pa\u0142aco\u0301w i Ogrodo\u0301w. Jest obiektem wpisanym na List\u0119 Pomnik\u00f3w Historycznych. Klasycystyczny folwark i pa\u0142ac otacza romantyczny park krajobrazowy o powierzchni ponad 120 ha. To jedno z [&hellip;]<\/p>","protected":false},"author":1,"featured_media":0,"parent":0,"menu_order":0,"comment_status":"closed","ping_status":"closed","template":"","meta":{"_monsterinsights_skip_tracking":false,"_monsterinsights_sitenote_active":false,"_monsterinsights_sitenote_note":"","_monsterinsights_sitenote_category":0,"footnotes":""},"class_list":["post-1471","page","type-page","status-publish","hentry"],"yoast_head":"<!-- This site is optimized with the Yoast SEO plugin v21.4 - https:\/\/yoast.com\/wordpress\/plugins\/seo\/ -->\n<title>Ornamental Farm Bukowiec - MusicTravels<\/title>\n<meta name=\"robots\" content=\"index, follow, max-snippet:-1, max-image-preview:large, max-video-preview:-1\" \/>\n<link rel=\"canonical\" href=\"https:\/\/1.musictravels.pl\/de\/zier-baum-buche\/\" \/>\n<meta property=\"og:locale\" content=\"de_DE\" \/>\n<meta property=\"og:type\" content=\"article\" \/>\n<meta property=\"og:title\" content=\"Ornamental Farm Bukowiec - MusicTravels\" \/>\n<meta property=\"og:description\" content=\"Miejsca Bukowiec. Folwark i park. https:\/\/1.musictravels.pl\/wp-content\/uploads\/2023\/12\/Bukowiec.mp4 Bukowiec. Folwark i park. To niezwyk\u0142y os\u0301rodek kulturalno-edukacyjny, zlokalizowany w zabytkowym folwarku w Bukowcu, w malowniczej dolinie u podno\u0301z\u0307a Karkonoszy, w sercu Doliny Pa\u0142aco\u0301w i Ogrodo\u0301w. Jest obiektem wpisanym na List\u0119 Pomnik\u00f3w Historycznych. Klasycystyczny folwark i pa\u0142ac otacza romantyczny park krajobrazowy o powierzchni ponad 120 ha. To jedno z [&hellip;]\" \/>\n<meta property=\"og:url\" content=\"https:\/\/1.musictravels.pl\/de\/zier-baum-buche\/\" \/>\n<meta property=\"og:site_name\" content=\"My Blog\" \/>\n<meta property=\"article:modified_time\" content=\"2023-12-25T13:08:19+00:00\" \/>\n<meta name=\"twitter:card\" content=\"summary_large_image\" \/>\n<meta name=\"twitter:label1\" content=\"Gesch\u00e4tzte Lesezeit\" \/>\n\t<meta name=\"twitter:data1\" content=\"3\u00a0Minuten\" \/>\n<script type=\"application\/ld+json\" class=\"yoast-schema-graph\">{\"@context\":\"https:\/\/schema.org\",\"@graph\":[{\"@type\":\"WebPage\",\"@id\":\"https:\/\/1.musictravels.pl\/ornamental-farm-bukowiec\/\",\"url\":\"https:\/\/1.musictravels.pl\/ornamental-farm-bukowiec\/\",\"name\":\"Ornamental Farm Bukowiec - MusicTravels\",\"isPartOf\":{\"@id\":\"https:\/\/1.musictravels.pl\/#website\"},\"datePublished\":\"2023-12-05T08:47:32+00:00\",\"dateModified\":\"2023-12-25T13:08:19+00:00\",\"breadcrumb\":{\"@id\":\"https:\/\/1.musictravels.pl\/ornamental-farm-bukowiec\/#breadcrumb\"},\"inLanguage\":\"de\",\"potentialAction\":[{\"@type\":\"ReadAction\",\"target\":[\"https:\/\/1.musictravels.pl\/ornamental-farm-bukowiec\/\"]}]},{\"@type\":\"BreadcrumbList\",\"@id\":\"https:\/\/1.musictravels.pl\/ornamental-farm-bukowiec\/#breadcrumb\",\"itemListElement\":[{\"@type\":\"ListItem\",\"position\":1,\"name\":\"Strona g\u0142\u00f3wna\",\"item\":\"https:\/\/1.musictravels.pl\/\"},{\"@type\":\"ListItem\",\"position\":2,\"name\":\"Ornamental Farm Bukowiec\"}]},{\"@type\":\"WebSite\",\"@id\":\"https:\/\/1.musictravels.pl\/#website\",\"url\":\"https:\/\/1.musictravels.pl\/\",\"name\":\"My Blog\",\"description\":\"My WordPress Blog\",\"potentialAction\":[{\"@type\":\"SearchAction\",\"target\":{\"@type\":\"EntryPoint\",\"urlTemplate\":\"https:\/\/1.musictravels.pl\/?s={search_term_string}\"},\"query-input\":\"required name=search_term_string\"}],\"inLanguage\":\"de\"}]}<\/script>\n<!-- \/ Yoast SEO plugin. -->","yoast_head_json":{"title":"Ornamental Farm Bukowiec - MusicTravels","robots":{"index":"index","follow":"follow","max-snippet":"max-snippet:-1","max-image-preview":"max-image-preview:large","max-video-preview":"max-video-preview:-1"},"canonical":"https:\/\/1.musictravels.pl\/de\/zier-baum-buche\/","og_locale":"de_DE","og_type":"article","og_title":"Ornamental Farm Bukowiec - MusicTravels","og_description":"Miejsca Bukowiec. Folwark i park. https:\/\/1.musictravels.pl\/wp-content\/uploads\/2023\/12\/Bukowiec.mp4 Bukowiec. Folwark i park. To niezwyk\u0142y os\u0301rodek kulturalno-edukacyjny, zlokalizowany w zabytkowym folwarku w Bukowcu, w malowniczej dolinie u podno\u0301z\u0307a Karkonoszy, w sercu Doliny Pa\u0142aco\u0301w i Ogrodo\u0301w. Jest obiektem wpisanym na List\u0119 Pomnik\u00f3w Historycznych. Klasycystyczny folwark i pa\u0142ac otacza romantyczny park krajobrazowy o powierzchni ponad 120 ha. To jedno z [&hellip;]","og_url":"https:\/\/1.musictravels.pl\/de\/zier-baum-buche\/","og_site_name":"My Blog","article_modified_time":"2023-12-25T13:08:19+00:00","twitter_card":"summary_large_image","twitter_misc":{"Gesch\u00e4tzte Lesezeit":"3\u00a0Minuten"},"schema":{"@context":"https:\/\/schema.org","@graph":[{"@type":"WebPage","@id":"https:\/\/1.musictravels.pl\/ornamental-farm-bukowiec\/","url":"https:\/\/1.musictravels.pl\/ornamental-farm-bukowiec\/","name":"Ornamental Farm Bukowiec - MusicTravels","isPartOf":{"@id":"https:\/\/1.musictravels.pl\/#website"},"datePublished":"2023-12-05T08:47:32+00:00","dateModified":"2023-12-25T13:08:19+00:00","breadcrumb":{"@id":"https:\/\/1.musictravels.pl\/ornamental-farm-bukowiec\/#breadcrumb"},"inLanguage":"de","potentialAction":[{"@type":"ReadAction","target":["https:\/\/1.musictravels.pl\/ornamental-farm-bukowiec\/"]}]},{"@type":"BreadcrumbList","@id":"https:\/\/1.musictravels.pl\/ornamental-farm-bukowiec\/#breadcrumb","itemListElement":[{"@type":"ListItem","position":1,"name":"Strona g\u0142\u00f3wna","item":"https:\/\/1.musictravels.pl\/"},{"@type":"ListItem","position":2,"name":"Ornamental Farm Bukowiec"}]},{"@type":"WebSite","@id":"https:\/\/1.musictravels.pl\/#website","url":"https:\/\/1.musictravels.pl\/","name":"My Blog","description":"My WordPress Blog","potentialAction":[{"@type":"SearchAction","target":{"@type":"EntryPoint","urlTemplate":"https:\/\/1.musictravels.pl\/?s={search_term_string}"},"query-input":"required name=search_term_string"}],"inLanguage":"de"}]}},"_links":{"self":[{"href":"https:\/\/1.musictravels.pl\/de\/wp-json\/wp\/v2\/pages\/1471","targetHints":{"allow":["GET"]}}],"collection":[{"href":"https:\/\/1.musictravels.pl\/de\/wp-json\/wp\/v2\/pages"}],"about":[{"href":"https:\/\/1.musictravels.pl\/de\/wp-json\/wp\/v2\/types\/page"}],"author":[{"embeddable":true,"href":"https:\/\/1.musictravels.pl\/de\/wp-json\/wp\/v2\/users\/1"}],"replies":[{"embeddable":true,"href":"https:\/\/1.musictravels.pl\/de\/wp-json\/wp\/v2\/comments?post=1471"}],"version-history":[{"count":55,"href":"https:\/\/1.musictravels.pl\/de\/wp-json\/wp\/v2\/pages\/1471\/revisions"}],"predecessor-version":[{"id":2371,"href":"https:\/\/1.musictravels.pl\/de\/wp-json\/wp\/v2\/pages\/1471\/revisions\/2371"}],"wp:attachment":[{"href":"https:\/\/1.musictravels.pl\/de\/wp-json\/wp\/v2\/media?parent=1471"}],"curies":[{"name":"wp","href":"https:\/\/api.w.org\/{rel}","templated":true}]}}