{"id":1461,"date":"2023-12-05T08:27:41","date_gmt":"2023-12-05T08:27:41","guid":{"rendered":"https:\/\/1.musictravels.pl\/?page_id=1461"},"modified":"2024-01-04T20:23:30","modified_gmt":"2024-01-04T20:23:30","slug":"palac-sobieszow","status":"publish","type":"page","link":"https:\/\/1.musictravels.pl\/de\/schloss-sobieszow\/","title":{"rendered":"Schloss Sobiesz\u00f3w"},"content":{"rendered":"<div data-elementor-type=\"wp-page\" data-elementor-id=\"1461\" class=\"elementor elementor-1461\">\n\t\t\t\t\t\t<div class=\"elementor-inner\">\n\t\t\t\t<div class=\"elementor-section-wrap\">\n\t\t\t\t\t\t\t\t\t<section class=\"elementor-section elementor-top-section elementor-element elementor-element-027b947 elementor-section-full_width elementor-section-height-default elementor-section-height-default row-top\" data-id=\"027b947\" data-element_type=\"section\">\n\t\t\t\t\t\t<div class=\"elementor-container elementor-column-gap-default\">\n\t\t\t\t\t\t\t<div class=\"elementor-row\">\n\t\t\t\t\t<div class=\"elementor-column elementor-col-100 elementor-top-column elementor-element elementor-element-d0bf791\" data-id=\"d0bf791\" data-element_type=\"column\">\n\t\t\t<div class=\"elementor-column-wrap elementor-element-populated\">\n\t\t\t\t\t\t\t<div class=\"elementor-widget-wrap\">\n\t\t\t\t\t\t<section class=\"elementor-section elementor-inner-section elementor-element elementor-element-01bc3a9 elementor-section-boxed elementor-section-height-default elementor-section-height-default row-top\" data-id=\"01bc3a9\" data-element_type=\"section\">\n\t\t\t\t\t\t<div class=\"elementor-container elementor-column-gap-default\">\n\t\t\t\t\t\t\t<div class=\"elementor-row\">\n\t\t\t\t\t<div class=\"elementor-column elementor-col-100 elementor-inner-column elementor-element elementor-element-639c088\" data-id=\"639c088\" data-element_type=\"column\">\n\t\t\t<div class=\"elementor-column-wrap elementor-element-populated\">\n\t\t\t\t\t\t\t<div class=\"elementor-widget-wrap\">\n\t\t\t\t\t\t<div class=\"elementor-element elementor-element-7938ee5 elementor-widget elementor-widget-gva-heading-block\" data-id=\"7938ee5\" data-element_type=\"widget\" data-widget_type=\"gva-heading-block.default\">\n\t\t\t\t<div class=\"elementor-widget-container\">\n\t\t\t<div class=\"gva-element-gva-heading-block gva-element\">   <div class=\"align-center style-1 widget gsc-heading box-align-center auto-responsive\">\r\n      <div class=\"content-inner\">\r\n         \r\n                  \r\n                     <div class=\"sub-title\"><span>Standorte<\/span><\/div>\r\n           \r\n         \r\n                     <h2 class=\"title\">\r\n               <span>Schloss Sobiesz\u00f3w<\/span>\r\n            <\/h2>\r\n                  \r\n         \r\n      <\/div>\r\n   <\/div>\r\n<\/div>\t\t<\/div>\n\t\t\t\t<\/div>\n\t\t\t\t\t\t<\/div>\n\t\t\t\t\t<\/div>\n\t\t<\/div>\n\t\t\t\t\t\t\t\t<\/div>\n\t\t\t\t\t<\/div>\n\t\t<\/section>\n\t\t\t\t<div class=\"elementor-element elementor-element-b92a5d5 elementor-widget elementor-widget-video\" data-id=\"b92a5d5\" data-element_type=\"widget\" data-settings=\"{&quot;video_type&quot;:&quot;hosted&quot;,&quot;autoplay&quot;:&quot;yes&quot;,&quot;play_on_mobile&quot;:&quot;yes&quot;,&quot;controls&quot;:&quot;yes&quot;}\" data-widget_type=\"video.default\">\n\t\t\t\t<div class=\"elementor-widget-container\">\n\t\t\t<style>\/*! elementor - v3.16.0 - 17-10-2023 *\/\n.elementor-widget-video .elementor-widget-container{overflow:hidden;transform:translateZ(0)}.elementor-widget-video .elementor-wrapper{aspect-ratio:var(--video-aspect-ratio)}.elementor-widget-video .elementor-wrapper iframe,.elementor-widget-video .elementor-wrapper video{height:100%;width:100%;display:flex;border:none;background-color:#000}@supports not (aspect-ratio:1\/1){.elementor-widget-video .elementor-wrapper{position:relative;overflow:hidden;height:0;padding-bottom:calc(100% \/ var(--video-aspect-ratio))}.elementor-widget-video .elementor-wrapper iframe,.elementor-widget-video .elementor-wrapper video{position:absolute;top:0;right:0;bottom:0;left:0}}.elementor-widget-video .elementor-open-inline .elementor-custom-embed-image-overlay{position:absolute;top:0;right:0;bottom:0;left:0;background-size:cover;background-position:50%}.elementor-widget-video .elementor-custom-embed-image-overlay{cursor:pointer;text-align:center}.elementor-widget-video .elementor-custom-embed-image-overlay:hover .elementor-custom-embed-play i{opacity:1}.elementor-widget-video .elementor-custom-embed-image-overlay img{display:block;width:100%;aspect-ratio:var(--video-aspect-ratio);-o-object-fit:cover;object-fit:cover;-o-object-position:center center;object-position:center center}@supports not (aspect-ratio:1\/1){.elementor-widget-video .elementor-custom-embed-image-overlay{position:relative;overflow:hidden;height:0;padding-bottom:calc(100% \/ var(--video-aspect-ratio))}.elementor-widget-video .elementor-custom-embed-image-overlay img{position:absolute;top:0;right:0;bottom:0;left:0}}.elementor-widget-video .e-hosted-video .elementor-video{-o-object-fit:cover;object-fit:cover}.e-con-inner>.elementor-widget-video,.e-con>.elementor-widget-video{width:var(--container-widget-width);--flex-grow:var(--container-widget-flex-grow)}<\/style>\t\t<div class=\"e-hosted-video elementor-wrapper elementor-open-inline\">\n\t\t\t\t\t<video class=\"elementor-video\" src=\"https:\/\/1.musictravels.pl\/wp-content\/uploads\/2023\/12\/Centrum-Natura.mp4\" autoplay=\"\" controls=\"\" playsinline=\"\" controlslist=\"nodownload\"><\/video>\n\t\t\t\t<\/div>\n\t\t\t\t<\/div>\n\t\t\t\t<\/div>\n\t\t\t\t\t\t<\/div>\n\t\t\t\t\t<\/div>\n\t\t<\/div>\n\t\t\t\t\t\t\t\t<\/div>\n\t\t\t\t\t<\/div>\n\t\t<\/section>\n\t\t\t\t<section class=\"elementor-section elementor-top-section elementor-element elementor-element-cfe9709 elementor-section-boxed elementor-section-height-default elementor-section-height-default row-top\" data-id=\"cfe9709\" data-element_type=\"section\">\n\t\t\t\t\t\t<div class=\"elementor-container elementor-column-gap-default\">\n\t\t\t\t\t\t\t<div class=\"elementor-row\">\n\t\t\t\t\t<div class=\"elementor-column elementor-col-100 elementor-top-column elementor-element elementor-element-b600727\" data-id=\"b600727\" data-element_type=\"column\">\n\t\t\t<div class=\"elementor-column-wrap elementor-element-populated\">\n\t\t\t\t\t\t\t<div class=\"elementor-widget-wrap\">\n\t\t\t\t\t\t<div class=\"elementor-element elementor-element-3ce9dddb elementor-widget elementor-widget-gva-heading-block\" data-id=\"3ce9dddb\" data-element_type=\"widget\" data-widget_type=\"gva-heading-block.default\">\n\t\t\t\t<div class=\"elementor-widget-container\">\n\t\t\t<div class=\"gva-element-gva-heading-block gva-element\">   <div class=\"align-left style-1 widget gsc-heading box-align-center auto-responsive\">\r\n      <div class=\"content-inner\">\r\n         \r\n                  \r\n           \r\n         \r\n                     <h2 class=\"title\">\r\n               <span>Natur- und Bildungszentrum des Nationalparks Riesengebirge im Schloss Sobiesz\u00f3w <\/span>\r\n            <\/h2>\r\n                              <div class=\"title-desc\">Das Schloss Sobieszew stammt aus dem fr\u00fchen 18. Jahrhundert und war einst der Sitz der Familie Schaffgotsch, die mehrere Jahrhunderte lang die L\u00e4ndereien im Riesengebirge verwaltete und dabei die ersten Formen des Naturschutzes einf\u00fchrte und die kulturelle Entwicklung f\u00f6rderte. Das Natur- und Bildungszentrum des Riesengebirgs-Nationalparks bietet zwei interaktive Ausstellungen: \"Klimatyczne Karkonosze\" und \"Pa\u0142ac Sobiesz\u00f3w\". Dar\u00fcber hinaus gibt es einen Souvenirladen, Konferenzr\u00e4ume und einen Bereich f\u00fcr Messen und Freizeitaktivit\u00e4ten. Die Ausstellungen sind in vier Sprachen verf\u00fcgbar: Polnisch, Englisch, Tschechisch und Deutsch.<\/div>\r\n         \r\n         \r\n      <\/div>\r\n   <\/div>\r\n<\/div>\t\t<\/div>\n\t\t\t\t<\/div>\n\t\t\t\t<div class=\"elementor-element elementor-element-d16ddd7 elementor-widget elementor-widget-gva-heading-block\" data-id=\"d16ddd7\" data-element_type=\"widget\" data-widget_type=\"gva-heading-block.default\">\n\t\t\t\t<div class=\"elementor-widget-container\">\n\t\t\t<div class=\"gva-element-gva-heading-block gva-element\">   <div class=\"align-left style-1 widget gsc-heading box-align-center auto-responsive\">\r\n      <div class=\"content-inner\">\r\n         \r\n                  \r\n           \r\n         \r\n                     <h2 class=\"title\">\r\n               <span>Die Ausstellung \"Klima im Riesengebirge\" erstreckt sich \u00fcber 1.600 m\u00b2 und umfasst sechs gro\u00dfe Themenr\u00e4ume;<\/span>\r\n            <\/h2>\r\n                              <div class=\"title-desc\">Auf diese sehr beeindruckende und originelle Weise k\u00f6nnen Sie unter anderem etwas \u00fcber die geologische Entstehungsgeschichte des Riesengebirges erfahren und die Gesteine und Mineralien sehen, aus denen dieses Gebirge besteht. Die R\u00e4ume sind in einer geheimnisvollen und leicht futuristischen Atmosph\u00e4re eingerichtet. Ein gro\u00dfer Vorteil der gesamten Ausstellung \"Klima im Riesengebirge\" ist die Tatsache, dass man alles direkt anfassen und erleben kann, was den Besuch der St\u00e4tte nicht nur spannend, sondern auch sehr lehrreich macht.<\/div>\r\n         \r\n         \r\n      <\/div>\r\n   <\/div>\r\n<\/div>\t\t<\/div>\n\t\t\t\t<\/div>\n\t\t\t\t<div class=\"elementor-element elementor-element-c859b96 elementor-widget elementor-widget-gva-heading-block\" data-id=\"c859b96\" data-element_type=\"widget\" data-widget_type=\"gva-heading-block.default\">\n\t\t\t\t<div class=\"elementor-widget-container\">\n\t\t\t<div class=\"gva-element-gva-heading-block gva-element\">   <div class=\"align-left style-1 widget gsc-heading box-align-center auto-responsive\">\r\n      <div class=\"content-inner\">\r\n         \r\n                  \r\n           \r\n         \r\n                     <h2 class=\"title\">\r\n               <span>Die Ausstellung \"Schloss Sobiesz\u00f3w\" ist etwa 550 m\u00b2 gro\u00df und umfasst 8 thematische R\u00e4ume.<\/span>\r\n            <\/h2>\r\n                              <div class=\"title-desc\">Die Ausstellung im Erdgeschoss des Schlosses l\u00e4dt die Besucher zu einer Zeitreise ein. Ihr Ziel ist es, die Geschichte und Geologie der schlesischen Familie Schaffgotsch zu pr\u00e4sentieren.<br><br>\nIm B\u00fcro des Verwalters k\u00f6nnen die Besucher Kopien der Originaldokumente des Gutes sehen. Die Familie Schaffgotsch bewirtschaftete den Wald auf ihrem Gut und bem\u00fchte sich auch um den Schutz der Riesengebirgsnatur. Im Raum der Waldbewirtschaftung k\u00f6nnen die Besucher erleben, wie hart die Riesengebirgsholzf\u00e4ller fr\u00fcher gearbeitet haben.  Im n\u00e4chsten Raum k\u00f6nnen die Besucher durch Guckl\u00f6cher in einem eigens konstruierten Fotoplasticon Vertreter der umliegenden Landschaft betrachten - in alten Drucken und zeitgen\u00f6ssischen Naturfilmen. <br><br>Der letzte Ausstellungsraum erz\u00e4hlt die Geschichte des Nationalparks Riesengebirge, der als Verwalter des ehemaligen gr\u00e4flichen Besitzes gewisserma\u00dfen zum Erben der Familie Schaffgotsch geworden ist.\n<\/div>\r\n         \r\n         \r\n      <\/div>\r\n   <\/div>\r\n<\/div>\t\t<\/div>\n\t\t\t\t<\/div>\n\t\t\t\t\t\t<\/div>\n\t\t\t\t\t<\/div>\n\t\t<\/div>\n\t\t\t\t\t\t\t\t<\/div>\n\t\t\t\t\t<\/div>\n\t\t<\/section>\n\t\t\t\t\t\t\t\t\t<\/div>\n\t\t\t<\/div>\n\t\t\t\t\t<\/div>","protected":false},"excerpt":{"rendered":"<p>Miejsca Pa\u0142ac Sobiesz\u00f3w https:\/\/1.musictravels.pl\/wp-content\/uploads\/2023\/12\/Centrum-Natura.mp4 Centrum Przyrodniczo-Edukacyjne Karkonoskiego Parku Narodowego w\u00a0Pa\u0142acu Sobiesz\u00f3w Pa\u0142ac Sobiesz\u00f3w pochodzi z&nbsp;pocz\u0105tku XVIII w. Niegdy\u015b w&nbsp;pa\u0142acu mieszka\u0142a rodzina Schaffgotsch\u00f3w, kt\u00f3ra przez&nbsp;kilka wiek\u00f3w zarz\u0105dza\u0142a dobrami w regionie Karkonoszy wprowadzaj\u0105c pierwsze formy ochrony przyrody, a tak\u017ce wspiera\u0142a rozw\u00f3j kultury. W&nbsp;Centrum Przyrodniczo-Edukacyjnym Karkonoskiego Parku Narodowego czekaj\u0105 dwie interaktywne ekspozycje: \u201eKlimatyczne Karkonosze\u201d oraz \u201ePa\u0142ac Sobiesz\u00f3w\u201d. Pr\u00f3cz [&hellip;]<\/p>","protected":false},"author":1,"featured_media":0,"parent":0,"menu_order":0,"comment_status":"closed","ping_status":"closed","template":"","meta":{"_monsterinsights_skip_tracking":false,"_monsterinsights_sitenote_active":false,"_monsterinsights_sitenote_note":"","_monsterinsights_sitenote_category":0,"footnotes":""},"class_list":["post-1461","page","type-page","status-publish","hentry"],"yoast_head":"<!-- This site is optimized with the Yoast SEO plugin v21.4 - https:\/\/yoast.com\/wordpress\/plugins\/seo\/ -->\n<title>Pa\u0142ac Sobiesz\u00f3w - MusicTravels<\/title>\n<meta name=\"robots\" content=\"index, follow, max-snippet:-1, max-image-preview:large, max-video-preview:-1\" \/>\n<link rel=\"canonical\" href=\"https:\/\/1.musictravels.pl\/de\/schloss-sobieszow\/\" \/>\n<meta property=\"og:locale\" content=\"de_DE\" \/>\n<meta property=\"og:type\" content=\"article\" \/>\n<meta property=\"og:title\" content=\"Pa\u0142ac Sobiesz\u00f3w - MusicTravels\" \/>\n<meta property=\"og:description\" content=\"Miejsca Pa\u0142ac Sobiesz\u00f3w https:\/\/1.musictravels.pl\/wp-content\/uploads\/2023\/12\/Centrum-Natura.mp4 Centrum Przyrodniczo-Edukacyjne Karkonoskiego Parku Narodowego w\u00a0Pa\u0142acu Sobiesz\u00f3w Pa\u0142ac Sobiesz\u00f3w pochodzi z&nbsp;pocz\u0105tku XVIII w. Niegdy\u015b w&nbsp;pa\u0142acu mieszka\u0142a rodzina Schaffgotsch\u00f3w, kt\u00f3ra przez&nbsp;kilka wiek\u00f3w zarz\u0105dza\u0142a dobrami w regionie Karkonoszy wprowadzaj\u0105c pierwsze formy ochrony przyrody, a tak\u017ce wspiera\u0142a rozw\u00f3j kultury. W&nbsp;Centrum Przyrodniczo-Edukacyjnym Karkonoskiego Parku Narodowego czekaj\u0105 dwie interaktywne ekspozycje: \u201eKlimatyczne Karkonosze\u201d oraz \u201ePa\u0142ac Sobiesz\u00f3w\u201d. Pr\u00f3cz [&hellip;]\" \/>\n<meta property=\"og:url\" content=\"https:\/\/1.musictravels.pl\/de\/schloss-sobieszow\/\" \/>\n<meta property=\"og:site_name\" content=\"My Blog\" \/>\n<meta property=\"article:modified_time\" content=\"2024-01-04T20:23:30+00:00\" \/>\n<meta name=\"twitter:card\" content=\"summary_large_image\" \/>\n<meta name=\"twitter:label1\" content=\"Gesch\u00e4tzte Lesezeit\" \/>\n\t<meta name=\"twitter:data1\" content=\"2\u00a0Minuten\" \/>\n<script type=\"application\/ld+json\" class=\"yoast-schema-graph\">{\"@context\":\"https:\/\/schema.org\",\"@graph\":[{\"@type\":\"WebPage\",\"@id\":\"https:\/\/1.musictravels.pl\/palac-sobieszow\/\",\"url\":\"https:\/\/1.musictravels.pl\/palac-sobieszow\/\",\"name\":\"Pa\u0142ac Sobiesz\u00f3w - MusicTravels\",\"isPartOf\":{\"@id\":\"https:\/\/1.musictravels.pl\/#website\"},\"datePublished\":\"2023-12-05T08:27:41+00:00\",\"dateModified\":\"2024-01-04T20:23:30+00:00\",\"breadcrumb\":{\"@id\":\"https:\/\/1.musictravels.pl\/palac-sobieszow\/#breadcrumb\"},\"inLanguage\":\"de\",\"potentialAction\":[{\"@type\":\"ReadAction\",\"target\":[\"https:\/\/1.musictravels.pl\/palac-sobieszow\/\"]}]},{\"@type\":\"BreadcrumbList\",\"@id\":\"https:\/\/1.musictravels.pl\/palac-sobieszow\/#breadcrumb\",\"itemListElement\":[{\"@type\":\"ListItem\",\"position\":1,\"name\":\"Strona g\u0142\u00f3wna\",\"item\":\"https:\/\/1.musictravels.pl\/\"},{\"@type\":\"ListItem\",\"position\":2,\"name\":\"Pa\u0142ac Sobiesz\u00f3w\"}]},{\"@type\":\"WebSite\",\"@id\":\"https:\/\/1.musictravels.pl\/#website\",\"url\":\"https:\/\/1.musictravels.pl\/\",\"name\":\"My Blog\",\"description\":\"My WordPress Blog\",\"potentialAction\":[{\"@type\":\"SearchAction\",\"target\":{\"@type\":\"EntryPoint\",\"urlTemplate\":\"https:\/\/1.musictravels.pl\/?s={search_term_string}\"},\"query-input\":\"required name=search_term_string\"}],\"inLanguage\":\"de\"}]}<\/script>\n<!-- \/ Yoast SEO plugin. -->","yoast_head_json":{"title":"Pa\u0142ac Sobiesz\u00f3w - MusicTravels","robots":{"index":"index","follow":"follow","max-snippet":"max-snippet:-1","max-image-preview":"max-image-preview:large","max-video-preview":"max-video-preview:-1"},"canonical":"https:\/\/1.musictravels.pl\/de\/schloss-sobieszow\/","og_locale":"de_DE","og_type":"article","og_title":"Pa\u0142ac Sobiesz\u00f3w - MusicTravels","og_description":"Miejsca Pa\u0142ac Sobiesz\u00f3w https:\/\/1.musictravels.pl\/wp-content\/uploads\/2023\/12\/Centrum-Natura.mp4 Centrum Przyrodniczo-Edukacyjne Karkonoskiego Parku Narodowego w\u00a0Pa\u0142acu Sobiesz\u00f3w Pa\u0142ac Sobiesz\u00f3w pochodzi z&nbsp;pocz\u0105tku XVIII w. Niegdy\u015b w&nbsp;pa\u0142acu mieszka\u0142a rodzina Schaffgotsch\u00f3w, kt\u00f3ra przez&nbsp;kilka wiek\u00f3w zarz\u0105dza\u0142a dobrami w regionie Karkonoszy wprowadzaj\u0105c pierwsze formy ochrony przyrody, a tak\u017ce wspiera\u0142a rozw\u00f3j kultury. W&nbsp;Centrum Przyrodniczo-Edukacyjnym Karkonoskiego Parku Narodowego czekaj\u0105 dwie interaktywne ekspozycje: \u201eKlimatyczne Karkonosze\u201d oraz \u201ePa\u0142ac Sobiesz\u00f3w\u201d. Pr\u00f3cz [&hellip;]","og_url":"https:\/\/1.musictravels.pl\/de\/schloss-sobieszow\/","og_site_name":"My Blog","article_modified_time":"2024-01-04T20:23:30+00:00","twitter_card":"summary_large_image","twitter_misc":{"Gesch\u00e4tzte Lesezeit":"2\u00a0Minuten"},"schema":{"@context":"https:\/\/schema.org","@graph":[{"@type":"WebPage","@id":"https:\/\/1.musictravels.pl\/palac-sobieszow\/","url":"https:\/\/1.musictravels.pl\/palac-sobieszow\/","name":"Pa\u0142ac Sobiesz\u00f3w - MusicTravels","isPartOf":{"@id":"https:\/\/1.musictravels.pl\/#website"},"datePublished":"2023-12-05T08:27:41+00:00","dateModified":"2024-01-04T20:23:30+00:00","breadcrumb":{"@id":"https:\/\/1.musictravels.pl\/palac-sobieszow\/#breadcrumb"},"inLanguage":"de","potentialAction":[{"@type":"ReadAction","target":["https:\/\/1.musictravels.pl\/palac-sobieszow\/"]}]},{"@type":"BreadcrumbList","@id":"https:\/\/1.musictravels.pl\/palac-sobieszow\/#breadcrumb","itemListElement":[{"@type":"ListItem","position":1,"name":"Strona g\u0142\u00f3wna","item":"https:\/\/1.musictravels.pl\/"},{"@type":"ListItem","position":2,"name":"Pa\u0142ac Sobiesz\u00f3w"}]},{"@type":"WebSite","@id":"https:\/\/1.musictravels.pl\/#website","url":"https:\/\/1.musictravels.pl\/","name":"My Blog","description":"My WordPress Blog","potentialAction":[{"@type":"SearchAction","target":{"@type":"EntryPoint","urlTemplate":"https:\/\/1.musictravels.pl\/?s={search_term_string}"},"query-input":"required name=search_term_string"}],"inLanguage":"de"}]}},"_links":{"self":[{"href":"https:\/\/1.musictravels.pl\/de\/wp-json\/wp\/v2\/pages\/1461","targetHints":{"allow":["GET"]}}],"collection":[{"href":"https:\/\/1.musictravels.pl\/de\/wp-json\/wp\/v2\/pages"}],"about":[{"href":"https:\/\/1.musictravels.pl\/de\/wp-json\/wp\/v2\/types\/page"}],"author":[{"embeddable":true,"href":"https:\/\/1.musictravels.pl\/de\/wp-json\/wp\/v2\/users\/1"}],"replies":[{"embeddable":true,"href":"https:\/\/1.musictravels.pl\/de\/wp-json\/wp\/v2\/comments?post=1461"}],"version-history":[{"count":44,"href":"https:\/\/1.musictravels.pl\/de\/wp-json\/wp\/v2\/pages\/1461\/revisions"}],"predecessor-version":[{"id":2573,"href":"https:\/\/1.musictravels.pl\/de\/wp-json\/wp\/v2\/pages\/1461\/revisions\/2573"}],"wp:attachment":[{"href":"https:\/\/1.musictravels.pl\/de\/wp-json\/wp\/v2\/media?parent=1461"}],"curies":[{"name":"wp","href":"https:\/\/api.w.org\/{rel}","templated":true}]}}