{"id":1449,"date":"2023-12-05T08:12:31","date_gmt":"2023-12-05T08:12:31","guid":{"rendered":"https:\/\/1.musictravels.pl\/?page_id=1449"},"modified":"2023-12-25T13:07:36","modified_gmt":"2023-12-25T13:07:36","slug":"palac-wojanow","status":"publish","type":"page","link":"https:\/\/1.musictravels.pl\/de\/palac-wojanow-2\/","title":{"rendered":"Schloss Wojan\u00f3w"},"content":{"rendered":"<div data-elementor-type=\"wp-page\" data-elementor-id=\"1449\" class=\"elementor elementor-1449\">\n\t\t\t\t\t\t<div class=\"elementor-inner\">\n\t\t\t\t<div class=\"elementor-section-wrap\">\n\t\t\t\t\t\t\t\t\t<section class=\"elementor-section elementor-top-section elementor-element elementor-element-027b947 elementor-section-full_width elementor-section-height-default elementor-section-height-default row-top\" data-id=\"027b947\" data-element_type=\"section\">\n\t\t\t\t\t\t<div class=\"elementor-container elementor-column-gap-default\">\n\t\t\t\t\t\t\t<div class=\"elementor-row\">\n\t\t\t\t\t<div class=\"elementor-column elementor-col-100 elementor-top-column elementor-element elementor-element-d0bf791\" data-id=\"d0bf791\" data-element_type=\"column\">\n\t\t\t<div class=\"elementor-column-wrap elementor-element-populated\">\n\t\t\t\t\t\t\t<div class=\"elementor-widget-wrap\">\n\t\t\t\t\t\t<section class=\"elementor-section elementor-inner-section elementor-element elementor-element-01bc3a9 elementor-section-boxed elementor-section-height-default elementor-section-height-default row-top\" data-id=\"01bc3a9\" data-element_type=\"section\">\n\t\t\t\t\t\t<div class=\"elementor-container elementor-column-gap-default\">\n\t\t\t\t\t\t\t<div class=\"elementor-row\">\n\t\t\t\t\t<div class=\"elementor-column elementor-col-100 elementor-inner-column elementor-element elementor-element-639c088\" data-id=\"639c088\" data-element_type=\"column\">\n\t\t\t<div class=\"elementor-column-wrap elementor-element-populated\">\n\t\t\t\t\t\t\t<div class=\"elementor-widget-wrap\">\n\t\t\t\t\t\t<div class=\"elementor-element elementor-element-7938ee5 elementor-widget elementor-widget-gva-heading-block\" data-id=\"7938ee5\" data-element_type=\"widget\" data-widget_type=\"gva-heading-block.default\">\n\t\t\t\t<div class=\"elementor-widget-container\">\n\t\t\t<div class=\"gva-element-gva-heading-block gva-element\">   <div class=\"align-center style-1 widget gsc-heading box-align-center auto-responsive\">\r\n      <div class=\"content-inner\">\r\n         \r\n                  \r\n                     <div class=\"sub-title\"><span>Standorte<\/span><\/div>\r\n           \r\n         \r\n                     <h2 class=\"title\">\r\n               <span>Schloss Wojan\u00f3w<\/span>\r\n            <\/h2>\r\n                  \r\n         \r\n      <\/div>\r\n   <\/div>\r\n<\/div>\t\t<\/div>\n\t\t\t\t<\/div>\n\t\t\t\t\t\t<\/div>\n\t\t\t\t\t<\/div>\n\t\t<\/div>\n\t\t\t\t\t\t\t\t<\/div>\n\t\t\t\t\t<\/div>\n\t\t<\/section>\n\t\t\t\t<div class=\"elementor-element elementor-element-b92a5d5 elementor-widget elementor-widget-video\" data-id=\"b92a5d5\" data-element_type=\"widget\" data-settings=\"{&quot;video_type&quot;:&quot;hosted&quot;,&quot;autoplay&quot;:&quot;yes&quot;,&quot;play_on_mobile&quot;:&quot;yes&quot;,&quot;controls&quot;:&quot;yes&quot;}\" data-widget_type=\"video.default\">\n\t\t\t\t<div class=\"elementor-widget-container\">\n\t\t\t<style>\/*! elementor - v3.16.0 - 17-10-2023 *\/\n.elementor-widget-video .elementor-widget-container{overflow:hidden;transform:translateZ(0)}.elementor-widget-video .elementor-wrapper{aspect-ratio:var(--video-aspect-ratio)}.elementor-widget-video .elementor-wrapper iframe,.elementor-widget-video .elementor-wrapper video{height:100%;width:100%;display:flex;border:none;background-color:#000}@supports not (aspect-ratio:1\/1){.elementor-widget-video .elementor-wrapper{position:relative;overflow:hidden;height:0;padding-bottom:calc(100% \/ var(--video-aspect-ratio))}.elementor-widget-video .elementor-wrapper iframe,.elementor-widget-video .elementor-wrapper video{position:absolute;top:0;right:0;bottom:0;left:0}}.elementor-widget-video .elementor-open-inline .elementor-custom-embed-image-overlay{position:absolute;top:0;right:0;bottom:0;left:0;background-size:cover;background-position:50%}.elementor-widget-video .elementor-custom-embed-image-overlay{cursor:pointer;text-align:center}.elementor-widget-video .elementor-custom-embed-image-overlay:hover .elementor-custom-embed-play i{opacity:1}.elementor-widget-video .elementor-custom-embed-image-overlay img{display:block;width:100%;aspect-ratio:var(--video-aspect-ratio);-o-object-fit:cover;object-fit:cover;-o-object-position:center center;object-position:center center}@supports not (aspect-ratio:1\/1){.elementor-widget-video .elementor-custom-embed-image-overlay{position:relative;overflow:hidden;height:0;padding-bottom:calc(100% \/ var(--video-aspect-ratio))}.elementor-widget-video .elementor-custom-embed-image-overlay img{position:absolute;top:0;right:0;bottom:0;left:0}}.elementor-widget-video .e-hosted-video .elementor-video{-o-object-fit:cover;object-fit:cover}.e-con-inner>.elementor-widget-video,.e-con>.elementor-widget-video{width:var(--container-widget-width);--flex-grow:var(--container-widget-flex-grow)}<\/style>\t\t<div class=\"e-hosted-video elementor-wrapper elementor-open-inline\">\n\t\t\t\t\t<video class=\"elementor-video\" src=\"https:\/\/1.musictravels.pl\/wp-content\/uploads\/2023\/12\/Wojanow.mp4\" autoplay=\"\" controls=\"\" playsinline=\"\" controlslist=\"nodownload\"><\/video>\n\t\t\t\t<\/div>\n\t\t\t\t<\/div>\n\t\t\t\t<\/div>\n\t\t\t\t\t\t<\/div>\n\t\t\t\t\t<\/div>\n\t\t<\/div>\n\t\t\t\t\t\t\t\t<\/div>\n\t\t\t\t\t<\/div>\n\t\t<\/section>\n\t\t\t\t<section class=\"elementor-section elementor-top-section elementor-element elementor-element-cfe9709 elementor-section-boxed elementor-section-height-default elementor-section-height-default row-top\" data-id=\"cfe9709\" data-element_type=\"section\">\n\t\t\t\t\t\t<div class=\"elementor-container elementor-column-gap-default\">\n\t\t\t\t\t\t\t<div class=\"elementor-row\">\n\t\t\t\t\t<div class=\"elementor-column elementor-col-100 elementor-top-column elementor-element elementor-element-b600727\" data-id=\"b600727\" data-element_type=\"column\">\n\t\t\t<div class=\"elementor-column-wrap elementor-element-populated\">\n\t\t\t\t\t\t\t<div class=\"elementor-widget-wrap\">\n\t\t\t\t\t\t<div class=\"elementor-element elementor-element-3ce9dddb elementor-widget elementor-widget-gva-heading-block\" data-id=\"3ce9dddb\" data-element_type=\"widget\" data-widget_type=\"gva-heading-block.default\">\n\t\t\t\t<div class=\"elementor-widget-container\">\n\t\t\t<div class=\"gva-element-gva-heading-block gva-element\">   <div class=\"align-left style-1 widget gsc-heading box-align-center auto-responsive\">\r\n      <div class=\"content-inner\">\r\n         \r\n                  \r\n           \r\n         \r\n                     <h2 class=\"title\">\r\n               <span>Schloss Wojan\u00f3w<\/span>\r\n            <\/h2>\r\n                              <div class=\"title-desc\">Das Schloss Wojan\u00f3w ist ein wundersch\u00f6ner Park- und Schlosskomplex, der am Fluss B\u00f3br in dem kleinen Dorf Wojan\u00f3w in Niederschlesien liegt, etwa 10 km von Jelenia G\u00f3ra entfernt. Das Geb\u00e4ude zeichnet sich sowohl durch sein m\u00e4rchenhaftes Aussehen als auch durch seine Gr\u00f6\u00dfe aus - zusammen mit den benachbarten Geb\u00e4uden und dem Park umfasst es eine Fl\u00e4che von 16 Hektar. Der Palast dient derzeit als Konferenz- und Hoteleinrichtung. Die Hotelbasis verf\u00fcgt \u00fcber 180 Betten, darunter Suiten, Premium-Zimmer und Standard-Zimmer. Der Palast verf\u00fcgt \u00fcber zwei Restaurants mit 200 und 50 Pl\u00e4tzen. Im gr\u00f6\u00dferen der beiden Restaurants gibt es ein gut best\u00fccktes Buffet und eine Tanzfl\u00e4che mit guter Musik. Dar\u00fcber hinaus gibt es ein Caf\u00e9, eine Weinbar, ein Spa mit einem sch\u00f6nen gro\u00dfen Swimmingpool, einem Whirlpool, Massager\u00e4umen und einem Mehrzweck-Fitnessraum sowie Tennispl\u00e4tze im Freien. Zwei Konzerts\u00e4le mit 200 und 50 Pl\u00e4tzen stehen f\u00fcr ein breites Spektrum an kulturellen Aktivit\u00e4ten zur Verf\u00fcgung.<\/div>\r\n         \r\n         \r\n      <\/div>\r\n   <\/div>\r\n<\/div>\t\t<\/div>\n\t\t\t\t<\/div>\n\t\t\t\t<div class=\"elementor-element elementor-element-d16ddd7 elementor-widget elementor-widget-gva-heading-block\" data-id=\"d16ddd7\" data-element_type=\"widget\" data-widget_type=\"gva-heading-block.default\">\n\t\t\t\t<div class=\"elementor-widget-container\">\n\t\t\t<div class=\"gva-element-gva-heading-block gva-element\">   <div class=\"align-left style-1 widget gsc-heading box-align-center auto-responsive\">\r\n      <div class=\"content-inner\">\r\n         \r\n                  \r\n           \r\n         \r\n                     <h2 class=\"title\">\r\n               <span>Geschichte<\/span>\r\n            <\/h2>\r\n                              <div class=\"title-desc\">Die erste Erw\u00e4hnung des Gutes Wojan\u00f3w geht auf das Jahr 1281 zur\u00fcck, als das Land im Besitz von Eberhard von Schildau war. Das erste Schloss wurde hier 1607 erbaut. Es wurde von Nikolaus von Zedlitz und Nimmersatt initiiert, aber die Residenz wurde w\u00e4hrend der schwedischen Sintflut vollst\u00e4ndig zerst\u00f6rt. Das Schloss - in seiner barocken Form, die man heute nur noch in den Innenr\u00e4umen bewundern kann - wurde 1667 von Christoph von Zedlitz erbaut. \n<br><br>\nIm Jahr 1754 erwarb der Kaufmann Daniel von Buchs Wojan\u00f3w und lie\u00df das Schloss im Barockstil umbauen. Das Gut Wojan\u00f3w wurde 1817 von Karl Sigismund von Rothkirch erworben, gefolgt von Karl Albrecht Ike, der das Schloss modernisierte und zwischen 1832 und 1833 einen Landschaftspark anlegte. Das Geb\u00e4ude wurde im Geiste des neugotischen Klassizismus umgebaut. Das Projekt wurde von einem Architekten aus dem Umkreis von Karl Friedrich Schinkel entworfen.<br><br>Ab dem 18. Jahrhundert wechselte das Gut mehrmals den Besitzer. In der ersten H\u00e4lfte des 19. Jahrhunderts wurde das \u00c4u\u00dfere des Anwesens dank der Idee des n\u00e4chsten Besitzers, Karl Albrecht Ike, im neugotischen Stil umgebaut. Er legte auch einen gro\u00dfen Landschaftspark an.<br><br>\nIm Jahr 1839 erhielt Prinzessin Louise der Niederlande das Schloss Wojan\u00f3w von ihrem Vater, K\u00f6nig Friedrich Wilhelm III. von Preu\u00dfen, als Geschenk. Daraufhin wurde beschlossen, den Palast umzubauen und die Residenz an ihre neue Funktion anzupassen. In den 1830er und 1840er Jahren wurde der Park nach den Pl\u00e4nen von Peter Joseph Lenne umgestaltet.  Das Schloss blieb bis 1908 im Besitz der k\u00f6niglichen Familie, bis die letzte Erbin, Maria zu Wied, das Anwesen verkaufte.<br><br>\nNach dem Zweiten Weltkrieg ging die Residenz in den Besitz des Staates \u00fcber. Seit 2004 befindet sich der Palast in Privatbesitz. Durch Renovierungsarbeiten zwischen 2005 und 2007 erstrahlt er wieder in altem Glanz.<\/div>\r\n         \r\n         \r\n      <\/div>\r\n   <\/div>\r\n<\/div>\t\t<\/div>\n\t\t\t\t<\/div>\n\t\t\t\t\t\t<\/div>\n\t\t\t\t\t<\/div>\n\t\t<\/div>\n\t\t\t\t\t\t\t\t<\/div>\n\t\t\t\t\t<\/div>\n\t\t<\/section>\n\t\t\t\t\t\t\t\t\t<\/div>\n\t\t\t<\/div>\n\t\t\t\t\t<\/div>","protected":false},"excerpt":{"rendered":"<p>Miejsca Pa\u0142ac Wojan\u00f3w https:\/\/1.musictravels.pl\/wp-content\/uploads\/2023\/12\/Wojanow.mp4 Pa\u0142ac Wojan\u00f3w Pa\u0142ac Wojan\u00f3w to przepi\u0119kny kompleks parkowo-pa\u0142acowy, po\u0142o\u017cony nad rzek\u0105 B\u00f3br, w niewielkiej wsi Wojan\u00f3w na Dolnym \u015al\u0105sku, ok. 10 km od Jeleniej G\u00f3ry. Obiekt wyr\u00f3\u017cnia si\u0119 bajkowym wygl\u0105dem, a tak\u017ce swoj\u0105 skal\u0105 \u2013 wraz s\u0105siaduj\u0105cymi budynkami i parkiem, zajmuje powierzchni\u0119 16 hektar\u00f3w. Obecnie pa\u0142ac pe\u0142ni funkcj\u0119 konferencyjno-hotelow\u0105. Baza hotelowa [&hellip;]<\/p>","protected":false},"author":1,"featured_media":0,"parent":0,"menu_order":0,"comment_status":"closed","ping_status":"closed","template":"","meta":{"_monsterinsights_skip_tracking":false,"_monsterinsights_sitenote_active":false,"_monsterinsights_sitenote_note":"","_monsterinsights_sitenote_category":0,"footnotes":""},"class_list":["post-1449","page","type-page","status-publish","hentry"],"yoast_head":"<!-- This site is optimized with the Yoast SEO plugin v21.4 - https:\/\/yoast.com\/wordpress\/plugins\/seo\/ -->\n<title>Pa\u0142ac Wojan\u00f3w - MusicTravels<\/title>\n<meta name=\"robots\" content=\"index, follow, max-snippet:-1, max-image-preview:large, max-video-preview:-1\" \/>\n<link rel=\"canonical\" href=\"https:\/\/1.musictravels.pl\/de\/palac-wojanow-2\/\" \/>\n<meta property=\"og:locale\" content=\"de_DE\" \/>\n<meta property=\"og:type\" content=\"article\" \/>\n<meta property=\"og:title\" content=\"Pa\u0142ac Wojan\u00f3w - MusicTravels\" \/>\n<meta property=\"og:description\" content=\"Miejsca Pa\u0142ac Wojan\u00f3w https:\/\/1.musictravels.pl\/wp-content\/uploads\/2023\/12\/Wojanow.mp4 Pa\u0142ac Wojan\u00f3w Pa\u0142ac Wojan\u00f3w to przepi\u0119kny kompleks parkowo-pa\u0142acowy, po\u0142o\u017cony nad rzek\u0105 B\u00f3br, w niewielkiej wsi Wojan\u00f3w na Dolnym \u015al\u0105sku, ok. 10 km od Jeleniej G\u00f3ry. Obiekt wyr\u00f3\u017cnia si\u0119 bajkowym wygl\u0105dem, a tak\u017ce swoj\u0105 skal\u0105 \u2013 wraz s\u0105siaduj\u0105cymi budynkami i parkiem, zajmuje powierzchni\u0119 16 hektar\u00f3w. Obecnie pa\u0142ac pe\u0142ni funkcj\u0119 konferencyjno-hotelow\u0105. Baza hotelowa [&hellip;]\" \/>\n<meta property=\"og:url\" content=\"https:\/\/1.musictravels.pl\/de\/palac-wojanow-2\/\" \/>\n<meta property=\"og:site_name\" content=\"My Blog\" \/>\n<meta property=\"article:modified_time\" content=\"2023-12-25T13:07:36+00:00\" \/>\n<meta name=\"twitter:card\" content=\"summary_large_image\" \/>\n<meta name=\"twitter:label1\" content=\"Gesch\u00e4tzte Lesezeit\" \/>\n\t<meta name=\"twitter:data1\" content=\"3\u00a0Minuten\" \/>\n<script type=\"application\/ld+json\" class=\"yoast-schema-graph\">{\"@context\":\"https:\/\/schema.org\",\"@graph\":[{\"@type\":\"WebPage\",\"@id\":\"https:\/\/1.musictravels.pl\/palac-wojanow\/\",\"url\":\"https:\/\/1.musictravels.pl\/palac-wojanow\/\",\"name\":\"Pa\u0142ac Wojan\u00f3w - MusicTravels\",\"isPartOf\":{\"@id\":\"https:\/\/1.musictravels.pl\/#website\"},\"datePublished\":\"2023-12-05T08:12:31+00:00\",\"dateModified\":\"2023-12-25T13:07:36+00:00\",\"breadcrumb\":{\"@id\":\"https:\/\/1.musictravels.pl\/palac-wojanow\/#breadcrumb\"},\"inLanguage\":\"de\",\"potentialAction\":[{\"@type\":\"ReadAction\",\"target\":[\"https:\/\/1.musictravels.pl\/palac-wojanow\/\"]}]},{\"@type\":\"BreadcrumbList\",\"@id\":\"https:\/\/1.musictravels.pl\/palac-wojanow\/#breadcrumb\",\"itemListElement\":[{\"@type\":\"ListItem\",\"position\":1,\"name\":\"Strona g\u0142\u00f3wna\",\"item\":\"https:\/\/1.musictravels.pl\/\"},{\"@type\":\"ListItem\",\"position\":2,\"name\":\"Pa\u0142ac Wojan\u00f3w\"}]},{\"@type\":\"WebSite\",\"@id\":\"https:\/\/1.musictravels.pl\/#website\",\"url\":\"https:\/\/1.musictravels.pl\/\",\"name\":\"My Blog\",\"description\":\"My WordPress Blog\",\"potentialAction\":[{\"@type\":\"SearchAction\",\"target\":{\"@type\":\"EntryPoint\",\"urlTemplate\":\"https:\/\/1.musictravels.pl\/?s={search_term_string}\"},\"query-input\":\"required name=search_term_string\"}],\"inLanguage\":\"de\"}]}<\/script>\n<!-- \/ Yoast SEO plugin. -->","yoast_head_json":{"title":"Pa\u0142ac Wojan\u00f3w - MusicTravels","robots":{"index":"index","follow":"follow","max-snippet":"max-snippet:-1","max-image-preview":"max-image-preview:large","max-video-preview":"max-video-preview:-1"},"canonical":"https:\/\/1.musictravels.pl\/de\/palac-wojanow-2\/","og_locale":"de_DE","og_type":"article","og_title":"Pa\u0142ac Wojan\u00f3w - MusicTravels","og_description":"Miejsca Pa\u0142ac Wojan\u00f3w https:\/\/1.musictravels.pl\/wp-content\/uploads\/2023\/12\/Wojanow.mp4 Pa\u0142ac Wojan\u00f3w Pa\u0142ac Wojan\u00f3w to przepi\u0119kny kompleks parkowo-pa\u0142acowy, po\u0142o\u017cony nad rzek\u0105 B\u00f3br, w niewielkiej wsi Wojan\u00f3w na Dolnym \u015al\u0105sku, ok. 10 km od Jeleniej G\u00f3ry. Obiekt wyr\u00f3\u017cnia si\u0119 bajkowym wygl\u0105dem, a tak\u017ce swoj\u0105 skal\u0105 \u2013 wraz s\u0105siaduj\u0105cymi budynkami i parkiem, zajmuje powierzchni\u0119 16 hektar\u00f3w. Obecnie pa\u0142ac pe\u0142ni funkcj\u0119 konferencyjno-hotelow\u0105. Baza hotelowa [&hellip;]","og_url":"https:\/\/1.musictravels.pl\/de\/palac-wojanow-2\/","og_site_name":"My Blog","article_modified_time":"2023-12-25T13:07:36+00:00","twitter_card":"summary_large_image","twitter_misc":{"Gesch\u00e4tzte Lesezeit":"3\u00a0Minuten"},"schema":{"@context":"https:\/\/schema.org","@graph":[{"@type":"WebPage","@id":"https:\/\/1.musictravels.pl\/palac-wojanow\/","url":"https:\/\/1.musictravels.pl\/palac-wojanow\/","name":"Pa\u0142ac Wojan\u00f3w - MusicTravels","isPartOf":{"@id":"https:\/\/1.musictravels.pl\/#website"},"datePublished":"2023-12-05T08:12:31+00:00","dateModified":"2023-12-25T13:07:36+00:00","breadcrumb":{"@id":"https:\/\/1.musictravels.pl\/palac-wojanow\/#breadcrumb"},"inLanguage":"de","potentialAction":[{"@type":"ReadAction","target":["https:\/\/1.musictravels.pl\/palac-wojanow\/"]}]},{"@type":"BreadcrumbList","@id":"https:\/\/1.musictravels.pl\/palac-wojanow\/#breadcrumb","itemListElement":[{"@type":"ListItem","position":1,"name":"Strona g\u0142\u00f3wna","item":"https:\/\/1.musictravels.pl\/"},{"@type":"ListItem","position":2,"name":"Pa\u0142ac Wojan\u00f3w"}]},{"@type":"WebSite","@id":"https:\/\/1.musictravels.pl\/#website","url":"https:\/\/1.musictravels.pl\/","name":"My Blog","description":"My WordPress Blog","potentialAction":[{"@type":"SearchAction","target":{"@type":"EntryPoint","urlTemplate":"https:\/\/1.musictravels.pl\/?s={search_term_string}"},"query-input":"required name=search_term_string"}],"inLanguage":"de"}]}},"_links":{"self":[{"href":"https:\/\/1.musictravels.pl\/de\/wp-json\/wp\/v2\/pages\/1449","targetHints":{"allow":["GET"]}}],"collection":[{"href":"https:\/\/1.musictravels.pl\/de\/wp-json\/wp\/v2\/pages"}],"about":[{"href":"https:\/\/1.musictravels.pl\/de\/wp-json\/wp\/v2\/types\/page"}],"author":[{"embeddable":true,"href":"https:\/\/1.musictravels.pl\/de\/wp-json\/wp\/v2\/users\/1"}],"replies":[{"embeddable":true,"href":"https:\/\/1.musictravels.pl\/de\/wp-json\/wp\/v2\/comments?post=1449"}],"version-history":[{"count":44,"href":"https:\/\/1.musictravels.pl\/de\/wp-json\/wp\/v2\/pages\/1449\/revisions"}],"predecessor-version":[{"id":2370,"href":"https:\/\/1.musictravels.pl\/de\/wp-json\/wp\/v2\/pages\/1449\/revisions\/2370"}],"wp:attachment":[{"href":"https:\/\/1.musictravels.pl\/de\/wp-json\/wp\/v2\/media?parent=1449"}],"curies":[{"name":"wp","href":"https:\/\/api.w.org\/{rel}","templated":true}]}}