{"id":1484,"date":"2023-12-05T09:05:09","date_gmt":"2023-12-05T09:05:09","guid":{"rendered":"https:\/\/1.musictravels.pl\/?page_id=1484"},"modified":"2023-12-09T13:56:24","modified_gmt":"2023-12-09T13:56:24","slug":"dolina-palacow-i-ogrodow","status":"publish","type":"page","link":"https:\/\/1.musictravels.pl\/cs\/valley-palacow-and-gardens\/","title":{"rendered":"\u00dadol\u00ed pal\u00e1c\u016f a zahrad"},"content":{"rendered":"<div data-elementor-type=\"wp-page\" data-elementor-id=\"1484\" class=\"elementor elementor-1484\">\n\t\t\t\t\t\t<div class=\"elementor-inner\">\n\t\t\t\t<div class=\"elementor-section-wrap\">\n\t\t\t\t\t\t\t\t\t<section class=\"elementor-section elementor-top-section elementor-element elementor-element-027b947 elementor-section-full_width elementor-section-height-default elementor-section-height-default row-top\" data-id=\"027b947\" data-element_type=\"section\">\n\t\t\t\t\t\t<div class=\"elementor-container elementor-column-gap-default\">\n\t\t\t\t\t\t\t<div class=\"elementor-row\">\n\t\t\t\t\t<div class=\"elementor-column elementor-col-100 elementor-top-column elementor-element elementor-element-d0bf791\" data-id=\"d0bf791\" data-element_type=\"column\">\n\t\t\t<div class=\"elementor-column-wrap elementor-element-populated\">\n\t\t\t\t\t\t\t<div class=\"elementor-widget-wrap\">\n\t\t\t\t\t\t<section class=\"elementor-section elementor-inner-section elementor-element elementor-element-01bc3a9 elementor-section-boxed elementor-section-height-default elementor-section-height-default row-top\" data-id=\"01bc3a9\" data-element_type=\"section\">\n\t\t\t\t\t\t<div class=\"elementor-container elementor-column-gap-default\">\n\t\t\t\t\t\t\t<div class=\"elementor-row\">\n\t\t\t\t\t<div class=\"elementor-column elementor-col-100 elementor-inner-column elementor-element elementor-element-639c088\" data-id=\"639c088\" data-element_type=\"column\">\n\t\t\t<div class=\"elementor-column-wrap elementor-element-populated\">\n\t\t\t\t\t\t\t<div class=\"elementor-widget-wrap\">\n\t\t\t\t\t\t<div class=\"elementor-element elementor-element-7938ee5 elementor-widget elementor-widget-gva-heading-block\" data-id=\"7938ee5\" data-element_type=\"widget\" data-widget_type=\"gva-heading-block.default\">\n\t\t\t\t<div class=\"elementor-widget-container\">\n\t\t\t<div class=\"gva-element-gva-heading-block gva-element\">   <div class=\"align-center style-1 widget gsc-heading box-align-center auto-responsive\">\r\n      <div class=\"content-inner\">\r\n         \r\n                  \r\n                     <div class=\"sub-title\"><span>Str\u00e1nky<\/span><\/div>\r\n           \r\n         \r\n                     <h2 class=\"title\">\r\n               <span>\u00dadol\u00ed pal\u00e1c\u016f a zahrad<\/span>\r\n            <\/h2>\r\n                  \r\n         \r\n      <\/div>\r\n   <\/div>\r\n<\/div>\t\t<\/div>\n\t\t\t\t<\/div>\n\t\t\t\t\t\t<\/div>\n\t\t\t\t\t<\/div>\n\t\t<\/div>\n\t\t\t\t\t\t\t\t<\/div>\n\t\t\t\t\t<\/div>\n\t\t<\/section>\n\t\t\t\t<div class=\"elementor-element elementor-element-b92a5d5 elementor-widget elementor-widget-video\" data-id=\"b92a5d5\" data-element_type=\"widget\" data-settings=\"{&quot;video_type&quot;:&quot;hosted&quot;,&quot;autoplay&quot;:&quot;yes&quot;,&quot;play_on_mobile&quot;:&quot;yes&quot;,&quot;controls&quot;:&quot;yes&quot;}\" data-widget_type=\"video.default\">\n\t\t\t\t<div class=\"elementor-widget-container\">\n\t\t\t<style>\/*! elementor - v3.16.0 - 17-10-2023 *\/\n.elementor-widget-video .elementor-widget-container{overflow:hidden;transform:translateZ(0)}.elementor-widget-video .elementor-wrapper{aspect-ratio:var(--video-aspect-ratio)}.elementor-widget-video .elementor-wrapper iframe,.elementor-widget-video .elementor-wrapper video{height:100%;width:100%;display:flex;border:none;background-color:#000}@supports not (aspect-ratio:1\/1){.elementor-widget-video .elementor-wrapper{position:relative;overflow:hidden;height:0;padding-bottom:calc(100% \/ var(--video-aspect-ratio))}.elementor-widget-video .elementor-wrapper iframe,.elementor-widget-video .elementor-wrapper video{position:absolute;top:0;right:0;bottom:0;left:0}}.elementor-widget-video .elementor-open-inline .elementor-custom-embed-image-overlay{position:absolute;top:0;right:0;bottom:0;left:0;background-size:cover;background-position:50%}.elementor-widget-video .elementor-custom-embed-image-overlay{cursor:pointer;text-align:center}.elementor-widget-video .elementor-custom-embed-image-overlay:hover .elementor-custom-embed-play i{opacity:1}.elementor-widget-video .elementor-custom-embed-image-overlay img{display:block;width:100%;aspect-ratio:var(--video-aspect-ratio);-o-object-fit:cover;object-fit:cover;-o-object-position:center center;object-position:center center}@supports not (aspect-ratio:1\/1){.elementor-widget-video .elementor-custom-embed-image-overlay{position:relative;overflow:hidden;height:0;padding-bottom:calc(100% \/ var(--video-aspect-ratio))}.elementor-widget-video .elementor-custom-embed-image-overlay img{position:absolute;top:0;right:0;bottom:0;left:0}}.elementor-widget-video .e-hosted-video .elementor-video{-o-object-fit:cover;object-fit:cover}.e-con-inner>.elementor-widget-video,.e-con>.elementor-widget-video{width:var(--container-widget-width);--flex-grow:var(--container-widget-flex-grow)}<\/style>\t\t<div class=\"e-hosted-video elementor-wrapper elementor-open-inline\">\n\t\t\t\t\t<video class=\"elementor-video\" src=\"https:\/\/1.musictravels.pl\/wp-content\/uploads\/2023\/12\/Dolina-Palacow.mp4\" autoplay=\"\" controls=\"\" playsinline=\"\" controlslist=\"nodownload\"><\/video>\n\t\t\t\t<\/div>\n\t\t\t\t<\/div>\n\t\t\t\t<\/div>\n\t\t\t\t\t\t<\/div>\n\t\t\t\t\t<\/div>\n\t\t<\/div>\n\t\t\t\t\t\t\t\t<\/div>\n\t\t\t\t\t<\/div>\n\t\t<\/section>\n\t\t\t\t<section class=\"elementor-section elementor-top-section elementor-element elementor-element-cfe9709 elementor-section-boxed elementor-section-height-default elementor-section-height-default row-top\" data-id=\"cfe9709\" data-element_type=\"section\">\n\t\t\t\t\t\t<div class=\"elementor-container elementor-column-gap-default\">\n\t\t\t\t\t\t\t<div class=\"elementor-row\">\n\t\t\t\t\t<div class=\"elementor-column elementor-col-100 elementor-top-column elementor-element elementor-element-b600727\" data-id=\"b600727\" data-element_type=\"column\">\n\t\t\t<div class=\"elementor-column-wrap elementor-element-populated\">\n\t\t\t\t\t\t\t<div class=\"elementor-widget-wrap\">\n\t\t\t\t\t\t<div class=\"elementor-element elementor-element-3ce9dddb elementor-widget elementor-widget-gva-heading-block\" data-id=\"3ce9dddb\" data-element_type=\"widget\" data-widget_type=\"gva-heading-block.default\">\n\t\t\t\t<div class=\"elementor-widget-container\">\n\t\t\t<div class=\"gva-element-gva-heading-block gva-element\">   <div class=\"align-left style-1 widget gsc-heading box-align-center auto-responsive\">\r\n      <div class=\"content-inner\">\r\n         \r\n                  \r\n           \r\n         \r\n                              <div class=\"title-desc\">V srdci Sudet se nach\u00e1z\u00ed \u00dadol\u00ed pal\u00e1c\u016f a zahrad, kde se m\u016f\u017eete kochat n\u00e1dhernou krajinou a tak\u00e9 objevovat historick\u00e9 pam\u00e1tky. Jen hrad\u016f, z\u00e1mk\u016f a pansk\u00fdch s\u00eddel je zde kolem t\u0159iceti. Najdete zde st\u0159edov\u011bk\u00e9 obytn\u00e9 v\u011b\u017ee, hrady, renesan\u010dn\u00ed z\u00e1mky i barokn\u00ed pal\u00e1ce. Proto se t\u00e9to oblasti za\u010d\u00e1tkem 19. stolet\u00ed za\u010dalo p\u0159ezd\u00edvat \"slezsk\u00e9 Elysium\" a do jist\u00e9 m\u00edry ji p\u0159irovn\u00e1vat k hrad\u016fm a z\u00e1mk\u016fm v \u00fadol\u00ed Loiry ve Francii.<br><br>\nV obdob\u00ed romantismu bylo Jeleniog\u00f3rsk\u00e9 \u00fadol\u00ed zn\u00e1m\u00fdm turistick\u00fdm a l\u00e1ze\u0148sk\u00fdm c\u00edlem v cel\u00e9 Evrop\u011b. Sv\u00e1 s\u00eddla zde zakl\u00e1daly nejlep\u0161\u00ed evropsk\u00e9 rodiny. Krom\u011b \u0161lechty sem p\u0159ij\u00ed\u017ed\u011bli um\u011blci, filozofov\u00e9 a milovn\u00edci p\u0159\u00edrody (nap\u0159. Friedrich Chopin, Johan Wolfgang von Goethe, John Quincy Adams). <\/div>\r\n         \r\n         \r\n      <\/div>\r\n   <\/div>\r\n<\/div>\t\t<\/div>\n\t\t\t\t<\/div>\n\t\t\t\t<div class=\"elementor-element elementor-element-d16ddd7 elementor-widget elementor-widget-gva-heading-block\" data-id=\"d16ddd7\" data-element_type=\"widget\" data-widget_type=\"gva-heading-block.default\">\n\t\t\t\t<div class=\"elementor-widget-container\">\n\t\t\t<div class=\"gva-element-gva-heading-block gva-element\">   <div class=\"align-left style-1 widget gsc-heading box-align-center auto-responsive\">\r\n      <div class=\"content-inner\">\r\n         \r\n                  \r\n           \r\n         \r\n                     <h2 class=\"title\">\r\n               <span>Seznam staveb pat\u0159\u00edc\u00edch do \u00dadol\u00ed pal\u00e1c\u016f a zahrad je skute\u010dn\u011b impozantn\u00ed:<\/span>\r\n            <\/h2>\r\n                              <div class=\"title-desc\">- Z\u00e1mek Bukowiec<br>\n    - Venkovsk\u00fd park a z\u00e1mek v Bukowci<br>\n    - Z\u00e1mek Brun\u00f3w<br>\n    - Z\u00e1mek Schaffgotsch v Cieplic\u00edch<br>\n    - Pal\u00e1c Czernica<br>\n    - Pal\u00e1c v D\u0105browici<br>\n    - Z\u00e1mek Bolcz\u00f3w v Janowic\u00edch Wielkich<br>\n    - Z\u00e1mek v Janowic\u00edch Wielkich<br>\n    - Dvorec Czarne v Jelen\u00ed Ho\u0159e<br>\n    - Pal\u00e1c Paulinum v Jelen\u00ed Ho\u0159e<br>\n    - Dubov\u00fd pal\u00e1c v Karpnik\u00e1ch<br>\n    - Hrad Karpniki<br>\n    - Smyrnensk\u00fd pal\u00e1c v Kowarech<br>\n    - Pal\u00e1c v Ki\u0161in\u011bv\u011b - Kowary<br>\n    - Nov\u00fd z\u00e1mek v Rado\u010din\u00e1ch - Kowary<br>\n    - Pal\u00e1c a vdovsk\u00fd d\u016fm v Lomnici<br>\n    - Z\u00e1mek Mi\u0142k\u00f3w<br>\n    - Panstv\u00ed Mniszk\u00f3w<br>\n    - Kr\u00e1lovsk\u00fd pal\u00e1c v Mys\u0142akowic\u00edch<br>\n    - Pal\u00e1c Pakoszov<br>\n    - Z\u00e1mek v Sobiesz\u00f3w\u011b<br>\n    - Z\u00e1mek Chojnik v Sobiesz\u00f3w\u011b<br>\n    - Kn\u00ed\u017eec\u00ed v\u011b\u017e v Siedlceinu<br>\n    - Pal\u00e1c na vod\u011b v obci Stanisz\u00f3w Dolny<br>\n    - Pal\u00e1c ve Stanisz\u00f3w\u011b G\u00f3rn\u00e9m<br>\n    - Pal\u00e1c ve Wojanow\u011b<br>\n    - Z\u00e1mek ve Wojan\u00f3w\u011b-Bobr\u00f3w\u011b<br><br>\n\u00dadol\u00ed pal\u00e1c\u016f a zahrad o rozloze p\u0159ibli\u017en\u011b 100 km2 soused\u00ed na jihu s Karkono\u0161emi, na severu s Kaczawsk\u00fdmi horami, na v\u00fdchod\u011b s Rudavami Janowick\u00fdmi a na z\u00e1pad\u011b s \u0141omnick\u00fdmi vrchy. Celou oblast pokr\u00fdv\u00e1 hust\u00e1 s\u00ed\u0165 silnic, \u010dasto s cenn\u00fdmi v\u00fdhledy. \u00dadol\u00ed je ide\u00e1ln\u00ed pro cyklistick\u00e9 a automobilov\u00e9 v\u00fdlety. Nechyb\u00ed ani zna\u010den\u00e9 turistick\u00e9 trasy pro p\u011b\u0161\u00ed turisty.\n<br><br>\n11 objekt\u016f v \u00dadol\u00ed pal\u00e1c\u016f a zahrad bylo zaps\u00e1no na Pam\u00e1tn\u00edk prezidenta Polsk\u00e9 republiky pod n\u00e1zvem \"Pal\u00e1ce a krajinn\u00e9 parky Kotliny Jeleniog\u00f3rsk\u00e9\", co\u017e jim umo\u017e\u0148uje uch\u00e1zet se o z\u00e1pis na Seznam sv\u011btov\u00e9ho d\u011bdictv\u00ed UNESCO.<br><b>Jedn\u00e1 se o:<\/b><br>\n    - Bukowiec - z\u00e1meck\u00fd a parkov\u00fd komplex<br>\n    - Jelenia G\u00f3ra - z\u00e1meck\u00fd a parkov\u00fd komplex \"Paulinum\";<br>\n    - Jelenia G\u00f3ra - Schaffgotsch\u016fv z\u00e1meck\u00fd a parkov\u00fd komplex v Cieplic\u00edch;<br>\n    - Karpniki - pal\u00e1cov\u00fd a parkov\u00fd komplex<br>\n    - Karpniki - vila \"D\u0119bowy Dw\u00f3r\" s parkem;<br>\n    - Kowary - z\u00e1meck\u00fd a parkov\u00fd komplex v Ciszyci;<br>\n    - \u0141omnica - pal\u00e1cov\u00fd a parkov\u00fd komplex<br>\n    - Mys\u0142akowice - z\u00e1meck\u00fd a parkov\u00fd komplex;<br>\n    - Stanisz\u00f3w G\u00f3rny \u010d. 100 - komplex pal\u00e1ce a parku<br>\n    - Wojan\u00f3w - z\u00e1meck\u00fd a parkov\u00fd komplex<br>\n    - Wojan\u00f3w-Bobr\u00f3w - z\u00e1meck\u00fd a hospod\u00e1\u0159sk\u00fd komplex<\/div>\r\n         \r\n         \r\n      <\/div>\r\n   <\/div>\r\n<\/div>\t\t<\/div>\n\t\t\t\t<\/div>\n\t\t\t\t<div class=\"elementor-element elementor-element-eed57b3 elementor-widget elementor-widget-gva-heading-block\" data-id=\"eed57b3\" data-element_type=\"widget\" data-widget_type=\"gva-heading-block.default\">\n\t\t\t\t<div class=\"elementor-widget-container\">\n\t\t\t<div class=\"gva-element-gva-heading-block gva-element\">   <div class=\"align-left style-1 widget gsc-heading box-align-center auto-responsive\">\r\n      <div class=\"content-inner\">\r\n         \r\n                  \r\n           \r\n         \r\n                     <h2 class=\"title\">\r\n               <span>Zalo\u017een\u00ed \u00dadol\u00ed pal\u00e1c\u016f a zahrad v Jelenohorsk\u00e9 dolin\u011b<\/span>\r\n            <\/h2>\r\n                              <div class=\"title-desc\">V roce 2005 byla zalo\u017eena Nadace pal\u00e1ce a zahrady Jeleniog\u00f3rsk\u00e9 doliny, jej\u00edm\u017e c\u00edlem je ochrana historick\u00fdch park\u016f, pal\u00e1cov\u00fdch a z\u00e1meck\u00fdch komplex\u016f a dal\u0161\u00edch obytn\u00fdch budov v Jeleniog\u00f3rsk\u00e9 dolin\u011b a propagace t\u00e9to oblasti pod n\u00e1zvem \"Dolina Pa\u0142ac\u00f3w i Ogrod\u00f3w\" jako zvl\u00e1\u0161tn\u00edho kulturn\u00edho d\u011bdictv\u00ed. Nadaci zalo\u017eili majitel\u00e9 n\u011bkolika pal\u00e1c\u016f, kte\u0159\u00ed hledali finan\u010dn\u00ed prost\u0159edky na z\u00e1chranu pam\u00e1tek a propagaci oblasti. Nadace p\u0159isp\u011bla tak\u00e9 k vytvo\u0159en\u00ed kulturn\u00edho parku a v sou\u010dasn\u00e9 dob\u011b usiluje o z\u00e1pis oblasti na seznam sv\u011btov\u00e9ho d\u011bdictv\u00ed UNESCO. Kl\u00ed\u010dov\u00fdm ur\u010duj\u00edc\u00edm krit\u00e9riem pro z\u00e1pis je kulturn\u00ed krajina spojen\u00e1 se \u0161lechtick\u00fdmi s\u00eddly, obklopen\u00e1 rozs\u00e1hl\u00fdmi romantick\u00fdmi parky, kter\u00e9 v 19. stolet\u00ed tvo\u0159ily jednotn\u00fd celek.<\/div>\r\n         \r\n         \r\n      <\/div>\r\n   <\/div>\r\n<\/div>\t\t<\/div>\n\t\t\t\t<\/div>\n\t\t\t\t\t\t<\/div>\n\t\t\t\t\t<\/div>\n\t\t<\/div>\n\t\t\t\t\t\t\t\t<\/div>\n\t\t\t\t\t<\/div>\n\t\t<\/section>\n\t\t\t\t\t\t\t\t\t<\/div>\n\t\t\t<\/div>\n\t\t\t\t\t<\/div>","protected":false},"excerpt":{"rendered":"<p>Miejsca Dolina Pa\u0142ac\u00f3w i Ogrod\u00f3w https:\/\/1.musictravels.pl\/wp-content\/uploads\/2023\/12\/Dolina-Palacow.mp4 W sercu Sudet\u00f3w le\u017cy Dolina Pa\u0142ac\u00f3w i Ogrod\u00f3w, w kt\u00f3rej mo\u017cna podziwia\u0107 wspania\u0142e krajobrazy, a tak\u017ce odkrywa\u0107 zabytki. Samych zamk\u00f3w, pa\u0142ac\u00f3w oraz dwor\u00f3w jest tu oko\u0142o trzydziestu. Znajdziemy tu \u015bredniowieczne wie\u017ce mieszkalne, zamki, renesansowe dwory i barokowe pa\u0142ace. Dlatego te\u017c na pocz\u0105tku XIX wieku obszar ten nazwano &#8220;\u015al\u0105skim Elizjum&#8221;, [&hellip;]<\/p>","protected":false},"author":1,"featured_media":0,"parent":0,"menu_order":0,"comment_status":"closed","ping_status":"closed","template":"","meta":{"_monsterinsights_skip_tracking":false,"_monsterinsights_sitenote_active":false,"_monsterinsights_sitenote_note":"","_monsterinsights_sitenote_category":0,"footnotes":""},"class_list":["post-1484","page","type-page","status-publish","hentry"],"yoast_head":"<!-- This site is optimized with the Yoast SEO plugin v21.4 - https:\/\/yoast.com\/wordpress\/plugins\/seo\/ -->\n<title>Dolina Pa\u0142ac\u00f3w i Ogrod\u00f3w - My Blog<\/title>\n<meta name=\"robots\" content=\"index, follow, max-snippet:-1, max-image-preview:large, max-video-preview:-1\" \/>\n<link rel=\"canonical\" href=\"https:\/\/1.musictravels.pl\/cs\/valley-palacow-and-gardens\/\" \/>\n<meta property=\"og:locale\" content=\"cs_CZ\" \/>\n<meta property=\"og:type\" content=\"article\" \/>\n<meta property=\"og:title\" content=\"Dolina Pa\u0142ac\u00f3w i Ogrod\u00f3w - My Blog\" \/>\n<meta property=\"og:description\" content=\"Miejsca Dolina Pa\u0142ac\u00f3w i Ogrod\u00f3w https:\/\/1.musictravels.pl\/wp-content\/uploads\/2023\/12\/Dolina-Palacow.mp4 W sercu Sudet\u00f3w le\u017cy Dolina Pa\u0142ac\u00f3w i Ogrod\u00f3w, w kt\u00f3rej mo\u017cna podziwia\u0107 wspania\u0142e krajobrazy, a tak\u017ce odkrywa\u0107 zabytki. Samych zamk\u00f3w, pa\u0142ac\u00f3w oraz dwor\u00f3w jest tu oko\u0142o trzydziestu. Znajdziemy tu \u015bredniowieczne wie\u017ce mieszkalne, zamki, renesansowe dwory i barokowe pa\u0142ace. Dlatego te\u017c na pocz\u0105tku XIX wieku obszar ten nazwano &#8220;\u015al\u0105skim Elizjum&#8221;, [&hellip;]\" \/>\n<meta property=\"og:url\" content=\"https:\/\/1.musictravels.pl\/cs\/valley-palacow-and-gardens\/\" \/>\n<meta property=\"og:site_name\" content=\"My Blog\" \/>\n<meta property=\"article:modified_time\" content=\"2023-12-09T13:56:24+00:00\" \/>\n<meta name=\"twitter:card\" content=\"summary_large_image\" \/>\n<meta name=\"twitter:label1\" content=\"Odhadovan\u00e1 doba \u010dten\u00ed\" \/>\n\t<meta name=\"twitter:data1\" content=\"4 minuty\" \/>\n<script type=\"application\/ld+json\" class=\"yoast-schema-graph\">{\"@context\":\"https:\/\/schema.org\",\"@graph\":[{\"@type\":\"WebPage\",\"@id\":\"https:\/\/1.musictravels.pl\/dolina-palacow-i-ogrodow\/\",\"url\":\"https:\/\/1.musictravels.pl\/dolina-palacow-i-ogrodow\/\",\"name\":\"Dolina Pa\u0142ac\u00f3w i Ogrod\u00f3w - My Blog\",\"isPartOf\":{\"@id\":\"https:\/\/1.musictravels.pl\/#website\"},\"datePublished\":\"2023-12-05T09:05:09+00:00\",\"dateModified\":\"2023-12-09T13:56:24+00:00\",\"breadcrumb\":{\"@id\":\"https:\/\/1.musictravels.pl\/dolina-palacow-i-ogrodow\/#breadcrumb\"},\"inLanguage\":\"cs\",\"potentialAction\":[{\"@type\":\"ReadAction\",\"target\":[\"https:\/\/1.musictravels.pl\/dolina-palacow-i-ogrodow\/\"]}]},{\"@type\":\"BreadcrumbList\",\"@id\":\"https:\/\/1.musictravels.pl\/dolina-palacow-i-ogrodow\/#breadcrumb\",\"itemListElement\":[{\"@type\":\"ListItem\",\"position\":1,\"name\":\"Strona g\u0142\u00f3wna\",\"item\":\"https:\/\/1.musictravels.pl\/\"},{\"@type\":\"ListItem\",\"position\":2,\"name\":\"Dolina Pa\u0142ac\u00f3w i Ogrod\u00f3w\"}]},{\"@type\":\"WebSite\",\"@id\":\"https:\/\/1.musictravels.pl\/#website\",\"url\":\"https:\/\/1.musictravels.pl\/\",\"name\":\"My Blog\",\"description\":\"My WordPress Blog\",\"potentialAction\":[{\"@type\":\"SearchAction\",\"target\":{\"@type\":\"EntryPoint\",\"urlTemplate\":\"https:\/\/1.musictravels.pl\/?s={search_term_string}\"},\"query-input\":\"required name=search_term_string\"}],\"inLanguage\":\"cs\"}]}<\/script>\n<!-- \/ Yoast SEO plugin. -->","yoast_head_json":{"title":"Dolina Pa\u0142ac\u00f3w i Ogrod\u00f3w - My Blog","robots":{"index":"index","follow":"follow","max-snippet":"max-snippet:-1","max-image-preview":"max-image-preview:large","max-video-preview":"max-video-preview:-1"},"canonical":"https:\/\/1.musictravels.pl\/cs\/valley-palacow-and-gardens\/","og_locale":"cs_CZ","og_type":"article","og_title":"Dolina Pa\u0142ac\u00f3w i Ogrod\u00f3w - My Blog","og_description":"Miejsca Dolina Pa\u0142ac\u00f3w i Ogrod\u00f3w https:\/\/1.musictravels.pl\/wp-content\/uploads\/2023\/12\/Dolina-Palacow.mp4 W sercu Sudet\u00f3w le\u017cy Dolina Pa\u0142ac\u00f3w i Ogrod\u00f3w, w kt\u00f3rej mo\u017cna podziwia\u0107 wspania\u0142e krajobrazy, a tak\u017ce odkrywa\u0107 zabytki. Samych zamk\u00f3w, pa\u0142ac\u00f3w oraz dwor\u00f3w jest tu oko\u0142o trzydziestu. Znajdziemy tu \u015bredniowieczne wie\u017ce mieszkalne, zamki, renesansowe dwory i barokowe pa\u0142ace. Dlatego te\u017c na pocz\u0105tku XIX wieku obszar ten nazwano &#8220;\u015al\u0105skim Elizjum&#8221;, [&hellip;]","og_url":"https:\/\/1.musictravels.pl\/cs\/valley-palacow-and-gardens\/","og_site_name":"My Blog","article_modified_time":"2023-12-09T13:56:24+00:00","twitter_card":"summary_large_image","twitter_misc":{"Odhadovan\u00e1 doba \u010dten\u00ed":"4 minuty"},"schema":{"@context":"https:\/\/schema.org","@graph":[{"@type":"WebPage","@id":"https:\/\/1.musictravels.pl\/dolina-palacow-i-ogrodow\/","url":"https:\/\/1.musictravels.pl\/dolina-palacow-i-ogrodow\/","name":"Dolina Pa\u0142ac\u00f3w i Ogrod\u00f3w - My Blog","isPartOf":{"@id":"https:\/\/1.musictravels.pl\/#website"},"datePublished":"2023-12-05T09:05:09+00:00","dateModified":"2023-12-09T13:56:24+00:00","breadcrumb":{"@id":"https:\/\/1.musictravels.pl\/dolina-palacow-i-ogrodow\/#breadcrumb"},"inLanguage":"cs","potentialAction":[{"@type":"ReadAction","target":["https:\/\/1.musictravels.pl\/dolina-palacow-i-ogrodow\/"]}]},{"@type":"BreadcrumbList","@id":"https:\/\/1.musictravels.pl\/dolina-palacow-i-ogrodow\/#breadcrumb","itemListElement":[{"@type":"ListItem","position":1,"name":"Strona g\u0142\u00f3wna","item":"https:\/\/1.musictravels.pl\/"},{"@type":"ListItem","position":2,"name":"Dolina Pa\u0142ac\u00f3w i Ogrod\u00f3w"}]},{"@type":"WebSite","@id":"https:\/\/1.musictravels.pl\/#website","url":"https:\/\/1.musictravels.pl\/","name":"My Blog","description":"My WordPress Blog","potentialAction":[{"@type":"SearchAction","target":{"@type":"EntryPoint","urlTemplate":"https:\/\/1.musictravels.pl\/?s={search_term_string}"},"query-input":"required name=search_term_string"}],"inLanguage":"cs"}]}},"_links":{"self":[{"href":"https:\/\/1.musictravels.pl\/cs\/wp-json\/wp\/v2\/pages\/1484","targetHints":{"allow":["GET"]}}],"collection":[{"href":"https:\/\/1.musictravels.pl\/cs\/wp-json\/wp\/v2\/pages"}],"about":[{"href":"https:\/\/1.musictravels.pl\/cs\/wp-json\/wp\/v2\/types\/page"}],"author":[{"embeddable":true,"href":"https:\/\/1.musictravels.pl\/cs\/wp-json\/wp\/v2\/users\/1"}],"replies":[{"embeddable":true,"href":"https:\/\/1.musictravels.pl\/cs\/wp-json\/wp\/v2\/comments?post=1484"}],"version-history":[{"count":73,"href":"https:\/\/1.musictravels.pl\/cs\/wp-json\/wp\/v2\/pages\/1484\/revisions"}],"predecessor-version":[{"id":1754,"href":"https:\/\/1.musictravels.pl\/cs\/wp-json\/wp\/v2\/pages\/1484\/revisions\/1754"}],"wp:attachment":[{"href":"https:\/\/1.musictravels.pl\/cs\/wp-json\/wp\/v2\/media?parent=1484"}],"curies":[{"name":"wp","href":"https:\/\/api.w.org\/{rel}","templated":true}]}}