{"id":1478,"date":"2023-12-05T08:56:07","date_gmt":"2023-12-05T08:56:07","guid":{"rendered":"https:\/\/1.musictravels.pl\/?page_id=1478"},"modified":"2023-12-25T13:09:13","modified_gmt":"2023-12-25T13:09:13","slug":"jelenia-gora","status":"publish","type":"page","link":"https:\/\/1.musictravels.pl\/cs\/jelenia-gora\/","title":{"rendered":"Jelenia G\u00f3ra"},"content":{"rendered":"<div data-elementor-type=\"wp-page\" data-elementor-id=\"1478\" class=\"elementor elementor-1478\">\n\t\t\t\t\t\t<div class=\"elementor-inner\">\n\t\t\t\t<div class=\"elementor-section-wrap\">\n\t\t\t\t\t\t\t\t\t<section class=\"elementor-section elementor-top-section elementor-element elementor-element-027b947 elementor-section-full_width elementor-section-height-default elementor-section-height-default row-top\" data-id=\"027b947\" data-element_type=\"section\">\n\t\t\t\t\t\t<div class=\"elementor-container elementor-column-gap-default\">\n\t\t\t\t\t\t\t<div class=\"elementor-row\">\n\t\t\t\t\t<div class=\"elementor-column elementor-col-100 elementor-top-column elementor-element elementor-element-d0bf791\" data-id=\"d0bf791\" data-element_type=\"column\">\n\t\t\t<div class=\"elementor-column-wrap elementor-element-populated\">\n\t\t\t\t\t\t\t<div class=\"elementor-widget-wrap\">\n\t\t\t\t\t\t<section class=\"elementor-section elementor-inner-section elementor-element elementor-element-01bc3a9 elementor-section-boxed elementor-section-height-default elementor-section-height-default row-top\" data-id=\"01bc3a9\" data-element_type=\"section\">\n\t\t\t\t\t\t<div class=\"elementor-container elementor-column-gap-default\">\n\t\t\t\t\t\t\t<div class=\"elementor-row\">\n\t\t\t\t\t<div class=\"elementor-column elementor-col-100 elementor-inner-column elementor-element elementor-element-639c088\" data-id=\"639c088\" data-element_type=\"column\">\n\t\t\t<div class=\"elementor-column-wrap elementor-element-populated\">\n\t\t\t\t\t\t\t<div class=\"elementor-widget-wrap\">\n\t\t\t\t\t\t<div class=\"elementor-element elementor-element-7938ee5 elementor-widget elementor-widget-gva-heading-block\" data-id=\"7938ee5\" data-element_type=\"widget\" data-widget_type=\"gva-heading-block.default\">\n\t\t\t\t<div class=\"elementor-widget-container\">\n\t\t\t<div class=\"gva-element-gva-heading-block gva-element\">   <div class=\"align-center style-1 widget gsc-heading box-align-center auto-responsive\">\r\n      <div class=\"content-inner\">\r\n         \r\n                  \r\n                     <div class=\"sub-title\"><span>Str\u00e1nky<\/span><\/div>\r\n           \r\n         \r\n                     <h2 class=\"title\">\r\n               <span>Jelenia G\u00f3ra<\/span>\r\n            <\/h2>\r\n                  \r\n         \r\n      <\/div>\r\n   <\/div>\r\n<\/div>\t\t<\/div>\n\t\t\t\t<\/div>\n\t\t\t\t\t\t<\/div>\n\t\t\t\t\t<\/div>\n\t\t<\/div>\n\t\t\t\t\t\t\t\t<\/div>\n\t\t\t\t\t<\/div>\n\t\t<\/section>\n\t\t\t\t<div class=\"elementor-element elementor-element-b92a5d5 elementor-widget elementor-widget-video\" data-id=\"b92a5d5\" data-element_type=\"widget\" data-settings=\"{&quot;video_type&quot;:&quot;hosted&quot;,&quot;autoplay&quot;:&quot;yes&quot;,&quot;play_on_mobile&quot;:&quot;yes&quot;,&quot;controls&quot;:&quot;yes&quot;}\" data-widget_type=\"video.default\">\n\t\t\t\t<div class=\"elementor-widget-container\">\n\t\t\t<style>\/*! elementor - v3.16.0 - 17-10-2023 *\/\n.elementor-widget-video .elementor-widget-container{overflow:hidden;transform:translateZ(0)}.elementor-widget-video .elementor-wrapper{aspect-ratio:var(--video-aspect-ratio)}.elementor-widget-video .elementor-wrapper iframe,.elementor-widget-video .elementor-wrapper video{height:100%;width:100%;display:flex;border:none;background-color:#000}@supports not (aspect-ratio:1\/1){.elementor-widget-video .elementor-wrapper{position:relative;overflow:hidden;height:0;padding-bottom:calc(100% \/ var(--video-aspect-ratio))}.elementor-widget-video .elementor-wrapper iframe,.elementor-widget-video .elementor-wrapper video{position:absolute;top:0;right:0;bottom:0;left:0}}.elementor-widget-video .elementor-open-inline .elementor-custom-embed-image-overlay{position:absolute;top:0;right:0;bottom:0;left:0;background-size:cover;background-position:50%}.elementor-widget-video .elementor-custom-embed-image-overlay{cursor:pointer;text-align:center}.elementor-widget-video .elementor-custom-embed-image-overlay:hover .elementor-custom-embed-play i{opacity:1}.elementor-widget-video .elementor-custom-embed-image-overlay img{display:block;width:100%;aspect-ratio:var(--video-aspect-ratio);-o-object-fit:cover;object-fit:cover;-o-object-position:center center;object-position:center center}@supports not (aspect-ratio:1\/1){.elementor-widget-video .elementor-custom-embed-image-overlay{position:relative;overflow:hidden;height:0;padding-bottom:calc(100% \/ var(--video-aspect-ratio))}.elementor-widget-video .elementor-custom-embed-image-overlay img{position:absolute;top:0;right:0;bottom:0;left:0}}.elementor-widget-video .e-hosted-video .elementor-video{-o-object-fit:cover;object-fit:cover}.e-con-inner>.elementor-widget-video,.e-con>.elementor-widget-video{width:var(--container-widget-width);--flex-grow:var(--container-widget-flex-grow)}<\/style>\t\t<div class=\"e-hosted-video elementor-wrapper elementor-open-inline\">\n\t\t\t\t\t<video class=\"elementor-video\" src=\"https:\/\/1.musictravels.pl\/wp-content\/uploads\/2023\/12\/Jelenia-gora.mp4\" autoplay=\"\" controls=\"\" playsinline=\"\" controlslist=\"nodownload\"><\/video>\n\t\t\t\t<\/div>\n\t\t\t\t<\/div>\n\t\t\t\t<\/div>\n\t\t\t\t\t\t<\/div>\n\t\t\t\t\t<\/div>\n\t\t<\/div>\n\t\t\t\t\t\t\t\t<\/div>\n\t\t\t\t\t<\/div>\n\t\t<\/section>\n\t\t\t\t<section class=\"elementor-section elementor-top-section elementor-element elementor-element-cfe9709 elementor-section-boxed elementor-section-height-default elementor-section-height-default row-top\" data-id=\"cfe9709\" data-element_type=\"section\">\n\t\t\t\t\t\t<div class=\"elementor-container elementor-column-gap-default\">\n\t\t\t\t\t\t\t<div class=\"elementor-row\">\n\t\t\t\t\t<div class=\"elementor-column elementor-col-100 elementor-top-column elementor-element elementor-element-b600727\" data-id=\"b600727\" data-element_type=\"column\">\n\t\t\t<div class=\"elementor-column-wrap elementor-element-populated\">\n\t\t\t\t\t\t\t<div class=\"elementor-widget-wrap\">\n\t\t\t\t\t\t<div class=\"elementor-element elementor-element-3ce9dddb elementor-widget elementor-widget-gva-heading-block\" data-id=\"3ce9dddb\" data-element_type=\"widget\" data-widget_type=\"gva-heading-block.default\">\n\t\t\t\t<div class=\"elementor-widget-container\">\n\t\t\t<div class=\"gva-element-gva-heading-block gva-element\">   <div class=\"align-left style-1 widget gsc-heading box-align-center auto-responsive\">\r\n      <div class=\"content-inner\">\r\n         \r\n                  \r\n           \r\n         \r\n                              <div class=\"title-desc\">Jelenia G\u00f3ra je nejv\u011bt\u0161\u00ed m\u011bsto Z\u00e1padn\u00edch Sudet s n\u00e1dhern\u00fdm v\u00fdhledem na Karkonosze a ne nadarmo se j\u00ed \u0159\u00edk\u00e1 Perla Karkono\u0161. Je spr\u00e1vn\u00edm, turistick\u00fdm a hospod\u00e1\u0159sk\u00fdm centrem regionu a z\u00e1rove\u0148 hlavn\u00edm m\u011bstem Euroregionu NYSA, kter\u00fd sdru\u017euje p\u0159\u00edhrani\u010dn\u00ed oblasti Polska, N\u011bmecka a \u010cesk\u00e9 republiky. <br> <br>\nJelenia G\u00f3ra le\u017e\u00ed v pr\u016fm\u011brn\u00e9 nadmo\u0159sk\u00e9 v\u00fd\u0161ce p\u0159ibli\u017en\u011b 330-370 metr\u016f a m\u00e1 rozlohu 108,4 km\u00b2. T\u00e1hne se v d\u00e9lce 30 km na hranici Karkonoskiego Parku Narodowego. M\u011bsto je ze v\u0161ech stran obklopeno horsk\u00fdmi p\u00e1smy: na z\u00e1pad\u011b Izersk\u00fdmi horami, na severu Kaczawsk\u00fdmi horami, na v\u00fdchod\u011b Rudawy Janowickie a na jihu nejvy\u0161\u0161\u00edm poho\u0159\u00edm Sudet, Karkonosze. Od nejbli\u017e\u0161\u00edho hrani\u010dn\u00edho p\u0159echodu s N\u011bmeckem je vzd\u00e1len 60 km a od \u010cesk\u00e9 republiky pouh\u00fdch 25 km. <br> <br>\nJelenia G\u00f3ra je m\u011bsto se staletou tradic\u00ed a \u010detn\u00fdmi historick\u00fdmi pam\u00e1tkami. Prvn\u00ed zm\u00ednky o n\u011bm poch\u00e1zej\u00ed z 12. stolet\u00ed kdy zde Boleslav Krzywousty v roce 1108 vybudoval prvn\u00ed opevn\u011bn\u00e9 m\u011bsto. M\u011bstsk\u00e1 pr\u00e1va z\u00edskalo m\u011bsto p\u0159ed rokem 1281. B\u011bhem druh\u00e9 sv\u011btov\u00e9 v\u00e1lky nebylo zni\u010deno. Do dne\u0161n\u00edch dn\u016f se dochovala \u0159ada architektonick\u00fdch pam\u00e1tek. Pat\u0159\u00ed k nim v\u011b\u017e Grodzka z 15. stolet\u00ed a hradn\u00ed v\u011b\u017e ze 16. stolet\u00ed. V centru star\u00e9ho m\u011bsta se nach\u00e1z\u00ed Radni\u010dn\u00ed n\u00e1m\u011bst\u00ed s radnic\u00ed z poloviny 18. stolet\u00ed. V centru Jelen\u00ed Hory se nach\u00e1zej\u00ed tak\u00e9 historick\u00e9 sakr\u00e1ln\u00ed stavby: kostel svat\u00e9ho Erasma a Pankr\u00e1ce - nejstar\u0161\u00ed sakr\u00e1ln\u00ed stavba v Jelen\u00ed Ho\u0159e (1552), kostel Pov\u00fd\u0161en\u00ed svat\u00e9ho K\u0159\u00ed\u017ee z po\u010d\u00e1tku 18. stolet\u00ed - nejv\u011bt\u0161\u00ed kostel ve m\u011bst\u011b, kostel Panny Marie, nyn\u00ed pravoslavn\u00fd kostel svat\u00fdch Petra a Pavla rovn\u011b\u017e z 18. stolet\u00ed, Anny, um\u00edst\u011bn\u00fd uvnit\u0159 st\u0159edov\u011bk\u00e9 v\u011b\u017ee, nebo evangelick\u00fd kosteln\u00ed komplex z let 1709-1718: kantorsk\u00fd d\u016fm, nyn\u00ed farn\u00ed d\u016fm. <br> <br>\nJelenia G\u00f3ra je tak\u00e9 kulturn\u00edm centrem. Funguj\u00ed zde dv\u011b divadla. Dolnoslezsk\u00e1 filharmonie a mnoho muze\u00ed a galeri\u00ed, kde jsou k vid\u011bn\u00ed v\u00fdstavy renomovan\u00fdch evropsk\u00fdch um\u011blc\u016f. Ka\u017edoro\u010dn\u011b se v Jelen\u00ed Ho\u0159e kon\u00e1 mimo jin\u00e9 Mezin\u00e1rodn\u00ed festival avantgardn\u00edho divadla, Mezin\u00e1rodn\u00ed festival pouli\u010dn\u00edho divadla, Jazzov\u00fd festival, Mezin\u00e1rodn\u00ed filmov\u00fd festival ZOOM a Festival um\u011bn\u00ed a skla.<\/div>\r\n         \r\n         \r\n      <\/div>\r\n   <\/div>\r\n<\/div>\t\t<\/div>\n\t\t\t\t<\/div>\n\t\t\t\t\t\t<\/div>\n\t\t\t\t\t<\/div>\n\t\t<\/div>\n\t\t\t\t\t\t\t\t<\/div>\n\t\t\t\t\t<\/div>\n\t\t<\/section>\n\t\t\t\t\t\t\t\t\t<\/div>\n\t\t\t<\/div>\n\t\t\t\t\t<\/div>","protected":false},"excerpt":{"rendered":"<p>Miejsca Jelenia G\u00f3ra https:\/\/1.musictravels.pl\/wp-content\/uploads\/2023\/12\/Jelenia-gora.mp4 Jelenia G\u00f3ra to najwi\u0119ksze miasto Sudet\u00f3w Zachodnich, ze wspania\u0142ym widokiem na Karkonosze, nie bez powodu zwana jest Per\u0142\u0105 Karkonoszy. Jest centrum administracyjnym, turystycznym i gospodarczym regionu oraz stolic\u0105 Euroregionu \u201eNYSA\u201d, skupiaj\u0105cego przygraniczne tereny Polski, Niemiec i Czech. Jelenia G\u00f3ra le\u017cy \u015brednio na wysoko\u015bci ok. 330 \u2013 370 m n.p.m. i zajmuje [&hellip;]<\/p>","protected":false},"author":1,"featured_media":0,"parent":0,"menu_order":0,"comment_status":"closed","ping_status":"closed","template":"","meta":{"_monsterinsights_skip_tracking":false,"_monsterinsights_sitenote_active":false,"_monsterinsights_sitenote_note":"","_monsterinsights_sitenote_category":0,"footnotes":""},"class_list":["post-1478","page","type-page","status-publish","hentry"],"yoast_head":"<!-- This site is optimized with the Yoast SEO plugin v21.4 - https:\/\/yoast.com\/wordpress\/plugins\/seo\/ -->\n<title>Jelenia G\u00f3ra - MusicTravels<\/title>\n<meta name=\"robots\" content=\"index, follow, max-snippet:-1, max-image-preview:large, max-video-preview:-1\" \/>\n<link rel=\"canonical\" href=\"https:\/\/1.musictravels.pl\/cs\/jelenia-gora\/\" \/>\n<meta property=\"og:locale\" content=\"cs_CZ\" \/>\n<meta property=\"og:type\" content=\"article\" \/>\n<meta property=\"og:title\" content=\"Jelenia G\u00f3ra - MusicTravels\" \/>\n<meta property=\"og:description\" content=\"Miejsca Jelenia G\u00f3ra https:\/\/1.musictravels.pl\/wp-content\/uploads\/2023\/12\/Jelenia-gora.mp4 Jelenia G\u00f3ra to najwi\u0119ksze miasto Sudet\u00f3w Zachodnich, ze wspania\u0142ym widokiem na Karkonosze, nie bez powodu zwana jest Per\u0142\u0105 Karkonoszy. Jest centrum administracyjnym, turystycznym i gospodarczym regionu oraz stolic\u0105 Euroregionu \u201eNYSA\u201d, skupiaj\u0105cego przygraniczne tereny Polski, Niemiec i Czech. Jelenia G\u00f3ra le\u017cy \u015brednio na wysoko\u015bci ok. 330 \u2013 370 m n.p.m. i zajmuje [&hellip;]\" \/>\n<meta property=\"og:url\" content=\"https:\/\/1.musictravels.pl\/cs\/jelenia-gora\/\" \/>\n<meta property=\"og:site_name\" content=\"My Blog\" \/>\n<meta property=\"article:modified_time\" content=\"2023-12-25T13:09:13+00:00\" \/>\n<meta name=\"twitter:card\" content=\"summary_large_image\" \/>\n<meta name=\"twitter:label1\" content=\"Odhadovan\u00e1 doba \u010dten\u00ed\" \/>\n\t<meta name=\"twitter:data1\" content=\"2 minuty\" \/>\n<script type=\"application\/ld+json\" class=\"yoast-schema-graph\">{\"@context\":\"https:\/\/schema.org\",\"@graph\":[{\"@type\":\"WebPage\",\"@id\":\"https:\/\/1.musictravels.pl\/jelenia-gora\/\",\"url\":\"https:\/\/1.musictravels.pl\/jelenia-gora\/\",\"name\":\"Jelenia G\u00f3ra - MusicTravels\",\"isPartOf\":{\"@id\":\"https:\/\/1.musictravels.pl\/#website\"},\"datePublished\":\"2023-12-05T08:56:07+00:00\",\"dateModified\":\"2023-12-25T13:09:13+00:00\",\"breadcrumb\":{\"@id\":\"https:\/\/1.musictravels.pl\/jelenia-gora\/#breadcrumb\"},\"inLanguage\":\"cs\",\"potentialAction\":[{\"@type\":\"ReadAction\",\"target\":[\"https:\/\/1.musictravels.pl\/jelenia-gora\/\"]}]},{\"@type\":\"BreadcrumbList\",\"@id\":\"https:\/\/1.musictravels.pl\/jelenia-gora\/#breadcrumb\",\"itemListElement\":[{\"@type\":\"ListItem\",\"position\":1,\"name\":\"Strona g\u0142\u00f3wna\",\"item\":\"https:\/\/1.musictravels.pl\/\"},{\"@type\":\"ListItem\",\"position\":2,\"name\":\"Jelenia G\u00f3ra\"}]},{\"@type\":\"WebSite\",\"@id\":\"https:\/\/1.musictravels.pl\/#website\",\"url\":\"https:\/\/1.musictravels.pl\/\",\"name\":\"My Blog\",\"description\":\"My WordPress Blog\",\"potentialAction\":[{\"@type\":\"SearchAction\",\"target\":{\"@type\":\"EntryPoint\",\"urlTemplate\":\"https:\/\/1.musictravels.pl\/?s={search_term_string}\"},\"query-input\":\"required name=search_term_string\"}],\"inLanguage\":\"cs\"}]}<\/script>\n<!-- \/ Yoast SEO plugin. -->","yoast_head_json":{"title":"Jelenia G\u00f3ra - MusicTravels","robots":{"index":"index","follow":"follow","max-snippet":"max-snippet:-1","max-image-preview":"max-image-preview:large","max-video-preview":"max-video-preview:-1"},"canonical":"https:\/\/1.musictravels.pl\/cs\/jelenia-gora\/","og_locale":"cs_CZ","og_type":"article","og_title":"Jelenia G\u00f3ra - MusicTravels","og_description":"Miejsca Jelenia G\u00f3ra https:\/\/1.musictravels.pl\/wp-content\/uploads\/2023\/12\/Jelenia-gora.mp4 Jelenia G\u00f3ra to najwi\u0119ksze miasto Sudet\u00f3w Zachodnich, ze wspania\u0142ym widokiem na Karkonosze, nie bez powodu zwana jest Per\u0142\u0105 Karkonoszy. Jest centrum administracyjnym, turystycznym i gospodarczym regionu oraz stolic\u0105 Euroregionu \u201eNYSA\u201d, skupiaj\u0105cego przygraniczne tereny Polski, Niemiec i Czech. Jelenia G\u00f3ra le\u017cy \u015brednio na wysoko\u015bci ok. 330 \u2013 370 m n.p.m. i zajmuje [&hellip;]","og_url":"https:\/\/1.musictravels.pl\/cs\/jelenia-gora\/","og_site_name":"My Blog","article_modified_time":"2023-12-25T13:09:13+00:00","twitter_card":"summary_large_image","twitter_misc":{"Odhadovan\u00e1 doba \u010dten\u00ed":"2 minuty"},"schema":{"@context":"https:\/\/schema.org","@graph":[{"@type":"WebPage","@id":"https:\/\/1.musictravels.pl\/jelenia-gora\/","url":"https:\/\/1.musictravels.pl\/jelenia-gora\/","name":"Jelenia G\u00f3ra - MusicTravels","isPartOf":{"@id":"https:\/\/1.musictravels.pl\/#website"},"datePublished":"2023-12-05T08:56:07+00:00","dateModified":"2023-12-25T13:09:13+00:00","breadcrumb":{"@id":"https:\/\/1.musictravels.pl\/jelenia-gora\/#breadcrumb"},"inLanguage":"cs","potentialAction":[{"@type":"ReadAction","target":["https:\/\/1.musictravels.pl\/jelenia-gora\/"]}]},{"@type":"BreadcrumbList","@id":"https:\/\/1.musictravels.pl\/jelenia-gora\/#breadcrumb","itemListElement":[{"@type":"ListItem","position":1,"name":"Strona g\u0142\u00f3wna","item":"https:\/\/1.musictravels.pl\/"},{"@type":"ListItem","position":2,"name":"Jelenia G\u00f3ra"}]},{"@type":"WebSite","@id":"https:\/\/1.musictravels.pl\/#website","url":"https:\/\/1.musictravels.pl\/","name":"My Blog","description":"My WordPress Blog","potentialAction":[{"@type":"SearchAction","target":{"@type":"EntryPoint","urlTemplate":"https:\/\/1.musictravels.pl\/?s={search_term_string}"},"query-input":"required name=search_term_string"}],"inLanguage":"cs"}]}},"_links":{"self":[{"href":"https:\/\/1.musictravels.pl\/cs\/wp-json\/wp\/v2\/pages\/1478","targetHints":{"allow":["GET"]}}],"collection":[{"href":"https:\/\/1.musictravels.pl\/cs\/wp-json\/wp\/v2\/pages"}],"about":[{"href":"https:\/\/1.musictravels.pl\/cs\/wp-json\/wp\/v2\/types\/page"}],"author":[{"embeddable":true,"href":"https:\/\/1.musictravels.pl\/cs\/wp-json\/wp\/v2\/users\/1"}],"replies":[{"embeddable":true,"href":"https:\/\/1.musictravels.pl\/cs\/wp-json\/wp\/v2\/comments?post=1478"}],"version-history":[{"count":26,"href":"https:\/\/1.musictravels.pl\/cs\/wp-json\/wp\/v2\/pages\/1478\/revisions"}],"predecessor-version":[{"id":2373,"href":"https:\/\/1.musictravels.pl\/cs\/wp-json\/wp\/v2\/pages\/1478\/revisions\/2373"}],"wp:attachment":[{"href":"https:\/\/1.musictravels.pl\/cs\/wp-json\/wp\/v2\/media?parent=1478"}],"curies":[{"name":"wp","href":"https:\/\/api.w.org\/{rel}","templated":true}]}}