{"id":1461,"date":"2023-12-05T08:27:41","date_gmt":"2023-12-05T08:27:41","guid":{"rendered":"https:\/\/1.musictravels.pl\/?page_id=1461"},"modified":"2024-01-04T20:23:30","modified_gmt":"2024-01-04T20:23:30","slug":"palac-sobieszow","status":"publish","type":"page","link":"https:\/\/1.musictravels.pl\/cs\/zamek-sobieszow\/","title":{"rendered":"Sobiesz\u00f3wsk\u00fd pal\u00e1c"},"content":{"rendered":"<div data-elementor-type=\"wp-page\" data-elementor-id=\"1461\" class=\"elementor elementor-1461\">\n\t\t\t\t\t\t<div class=\"elementor-inner\">\n\t\t\t\t<div class=\"elementor-section-wrap\">\n\t\t\t\t\t\t\t\t\t<section class=\"elementor-section elementor-top-section elementor-element elementor-element-027b947 elementor-section-full_width elementor-section-height-default elementor-section-height-default row-top\" data-id=\"027b947\" data-element_type=\"section\">\n\t\t\t\t\t\t<div class=\"elementor-container elementor-column-gap-default\">\n\t\t\t\t\t\t\t<div class=\"elementor-row\">\n\t\t\t\t\t<div class=\"elementor-column elementor-col-100 elementor-top-column elementor-element elementor-element-d0bf791\" data-id=\"d0bf791\" data-element_type=\"column\">\n\t\t\t<div class=\"elementor-column-wrap elementor-element-populated\">\n\t\t\t\t\t\t\t<div class=\"elementor-widget-wrap\">\n\t\t\t\t\t\t<section class=\"elementor-section elementor-inner-section elementor-element elementor-element-01bc3a9 elementor-section-boxed elementor-section-height-default elementor-section-height-default row-top\" data-id=\"01bc3a9\" data-element_type=\"section\">\n\t\t\t\t\t\t<div class=\"elementor-container elementor-column-gap-default\">\n\t\t\t\t\t\t\t<div class=\"elementor-row\">\n\t\t\t\t\t<div class=\"elementor-column elementor-col-100 elementor-inner-column elementor-element elementor-element-639c088\" data-id=\"639c088\" data-element_type=\"column\">\n\t\t\t<div class=\"elementor-column-wrap elementor-element-populated\">\n\t\t\t\t\t\t\t<div class=\"elementor-widget-wrap\">\n\t\t\t\t\t\t<div class=\"elementor-element elementor-element-7938ee5 elementor-widget elementor-widget-gva-heading-block\" data-id=\"7938ee5\" data-element_type=\"widget\" data-widget_type=\"gva-heading-block.default\">\n\t\t\t\t<div class=\"elementor-widget-container\">\n\t\t\t<div class=\"gva-element-gva-heading-block gva-element\">   <div class=\"align-center style-1 widget gsc-heading box-align-center auto-responsive\">\r\n      <div class=\"content-inner\">\r\n         \r\n                  \r\n                     <div class=\"sub-title\"><span>Str\u00e1nky<\/span><\/div>\r\n           \r\n         \r\n                     <h2 class=\"title\">\r\n               <span>Sobiesz\u00f3wsk\u00fd pal\u00e1c<\/span>\r\n            <\/h2>\r\n                  \r\n         \r\n      <\/div>\r\n   <\/div>\r\n<\/div>\t\t<\/div>\n\t\t\t\t<\/div>\n\t\t\t\t\t\t<\/div>\n\t\t\t\t\t<\/div>\n\t\t<\/div>\n\t\t\t\t\t\t\t\t<\/div>\n\t\t\t\t\t<\/div>\n\t\t<\/section>\n\t\t\t\t<div class=\"elementor-element elementor-element-b92a5d5 elementor-widget elementor-widget-video\" data-id=\"b92a5d5\" data-element_type=\"widget\" data-settings=\"{&quot;video_type&quot;:&quot;hosted&quot;,&quot;autoplay&quot;:&quot;yes&quot;,&quot;play_on_mobile&quot;:&quot;yes&quot;,&quot;controls&quot;:&quot;yes&quot;}\" data-widget_type=\"video.default\">\n\t\t\t\t<div class=\"elementor-widget-container\">\n\t\t\t<style>\/*! elementor - v3.16.0 - 17-10-2023 *\/\n.elementor-widget-video .elementor-widget-container{overflow:hidden;transform:translateZ(0)}.elementor-widget-video .elementor-wrapper{aspect-ratio:var(--video-aspect-ratio)}.elementor-widget-video .elementor-wrapper iframe,.elementor-widget-video .elementor-wrapper video{height:100%;width:100%;display:flex;border:none;background-color:#000}@supports not (aspect-ratio:1\/1){.elementor-widget-video .elementor-wrapper{position:relative;overflow:hidden;height:0;padding-bottom:calc(100% \/ var(--video-aspect-ratio))}.elementor-widget-video .elementor-wrapper iframe,.elementor-widget-video .elementor-wrapper video{position:absolute;top:0;right:0;bottom:0;left:0}}.elementor-widget-video .elementor-open-inline .elementor-custom-embed-image-overlay{position:absolute;top:0;right:0;bottom:0;left:0;background-size:cover;background-position:50%}.elementor-widget-video .elementor-custom-embed-image-overlay{cursor:pointer;text-align:center}.elementor-widget-video .elementor-custom-embed-image-overlay:hover .elementor-custom-embed-play i{opacity:1}.elementor-widget-video .elementor-custom-embed-image-overlay img{display:block;width:100%;aspect-ratio:var(--video-aspect-ratio);-o-object-fit:cover;object-fit:cover;-o-object-position:center center;object-position:center center}@supports not (aspect-ratio:1\/1){.elementor-widget-video .elementor-custom-embed-image-overlay{position:relative;overflow:hidden;height:0;padding-bottom:calc(100% \/ var(--video-aspect-ratio))}.elementor-widget-video .elementor-custom-embed-image-overlay img{position:absolute;top:0;right:0;bottom:0;left:0}}.elementor-widget-video .e-hosted-video .elementor-video{-o-object-fit:cover;object-fit:cover}.e-con-inner>.elementor-widget-video,.e-con>.elementor-widget-video{width:var(--container-widget-width);--flex-grow:var(--container-widget-flex-grow)}<\/style>\t\t<div class=\"e-hosted-video elementor-wrapper elementor-open-inline\">\n\t\t\t\t\t<video class=\"elementor-video\" src=\"https:\/\/1.musictravels.pl\/wp-content\/uploads\/2023\/12\/Centrum-Natura.mp4\" autoplay=\"\" controls=\"\" playsinline=\"\" controlslist=\"nodownload\"><\/video>\n\t\t\t\t<\/div>\n\t\t\t\t<\/div>\n\t\t\t\t<\/div>\n\t\t\t\t\t\t<\/div>\n\t\t\t\t\t<\/div>\n\t\t<\/div>\n\t\t\t\t\t\t\t\t<\/div>\n\t\t\t\t\t<\/div>\n\t\t<\/section>\n\t\t\t\t<section class=\"elementor-section elementor-top-section elementor-element elementor-element-cfe9709 elementor-section-boxed elementor-section-height-default elementor-section-height-default row-top\" data-id=\"cfe9709\" data-element_type=\"section\">\n\t\t\t\t\t\t<div class=\"elementor-container elementor-column-gap-default\">\n\t\t\t\t\t\t\t<div class=\"elementor-row\">\n\t\t\t\t\t<div class=\"elementor-column elementor-col-100 elementor-top-column elementor-element elementor-element-b600727\" data-id=\"b600727\" data-element_type=\"column\">\n\t\t\t<div class=\"elementor-column-wrap elementor-element-populated\">\n\t\t\t\t\t\t\t<div class=\"elementor-widget-wrap\">\n\t\t\t\t\t\t<div class=\"elementor-element elementor-element-3ce9dddb elementor-widget elementor-widget-gva-heading-block\" data-id=\"3ce9dddb\" data-element_type=\"widget\" data-widget_type=\"gva-heading-block.default\">\n\t\t\t\t<div class=\"elementor-widget-container\">\n\t\t\t<div class=\"gva-element-gva-heading-block gva-element\">   <div class=\"align-left style-1 widget gsc-heading box-align-center auto-responsive\">\r\n      <div class=\"content-inner\">\r\n         \r\n                  \r\n           \r\n         \r\n                     <h2 class=\"title\">\r\n               <span>P\u0159\u00edrodov\u011bdn\u00e9 a vzd\u011bl\u00e1vac\u00ed centrum Karkonoskiego Parku Narodowego v Sobieszowsk\u00e9m pal\u00e1ci <\/span>\r\n            <\/h2>\r\n                              <div class=\"title-desc\">Sob\u011bslavsk\u00fd pal\u00e1c poch\u00e1z\u00ed z po\u010d\u00e1tku 18. stolet\u00ed. Kdysi zde s\u00eddlil rod Schaffgotsch\u016f, kter\u00fd po n\u011bkolik stolet\u00ed spravoval panstv\u00ed v Karkonosze, zav\u00e1d\u011bl prvn\u00ed formy ochrany p\u0159\u00edrody a podporoval kulturn\u00ed rozvoj. P\u0159\u00edrodov\u011bdn\u00e9 a vzd\u011bl\u00e1vac\u00ed centrum Krkono\u0161sk\u00e9ho n\u00e1rodn\u00edho parku nab\u00edz\u00ed dv\u011b interaktivn\u00ed expozice: \"Klimatyczne Karkonosze\" a \"Pa\u0142ac Sobiesz\u00f3w\". Krom\u011b toho je zde obchod se suven\u00fdry, konferen\u010dn\u00ed m\u00edstnosti a prostor pro veletrhy a rekreaci. V\u00fdstavy jsou k dispozici ve \u010dty\u0159ech jazyc\u00edch: pol\u0161tin\u011b, angli\u010dtin\u011b, \u010de\u0161tin\u011b a n\u011bm\u010din\u011b.<\/div>\r\n         \r\n         \r\n      <\/div>\r\n   <\/div>\r\n<\/div>\t\t<\/div>\n\t\t\t\t<\/div>\n\t\t\t\t<div class=\"elementor-element elementor-element-d16ddd7 elementor-widget elementor-widget-gva-heading-block\" data-id=\"d16ddd7\" data-element_type=\"widget\" data-widget_type=\"gva-heading-block.default\">\n\t\t\t\t<div class=\"elementor-widget-container\">\n\t\t\t<div class=\"gva-element-gva-heading-block gva-element\">   <div class=\"align-left style-1 widget gsc-heading box-align-center auto-responsive\">\r\n      <div class=\"content-inner\">\r\n         \r\n                  \r\n           \r\n         \r\n                     <h2 class=\"title\">\r\n               <span>V\u00fdstava \"Klimatick\u00e9 Krkono\u0161e\" se rozkl\u00e1d\u00e1 na plo\u0161e 1 600 m\u00b2 a zahrnuje \u0161est velk\u00fdch tematick\u00fdch m\u00edstnost\u00ed;<\/span>\r\n            <\/h2>\r\n                              <div class=\"title-desc\">T\u00edmto velmi p\u016fsobiv\u00fdm a origin\u00e1ln\u00edm zp\u016fsobem se m\u016f\u017eete mimo jin\u00e9 sezn\u00e1mit s geologickou histori\u00ed vzniku Krkono\u0161 a prohl\u00e9dnout si horniny a miner\u00e1ly, kter\u00e9 toto poho\u0159\u00ed tvo\u0159\u00ed. Prostory jsou za\u0159\u00edzeny v tajemn\u00e9 a lehce futuristick\u00e9 atmosf\u00e9\u0159e. Velkou v\u00fdhodou cel\u00e9 expozice \"Klimatick\u00e9 Krkono\u0161e\" je skute\u010dnost, \u017ee si m\u016f\u017eete v\u0161e p\u0159\u00edmo osahat a vyzkou\u0161et, d\u00edky \u010demu\u017e je n\u00e1v\u0161t\u011bva tohoto m\u00edsta neokoukan\u00e1 a velmi pou\u010dn\u00e1.<\/div>\r\n         \r\n         \r\n      <\/div>\r\n   <\/div>\r\n<\/div>\t\t<\/div>\n\t\t\t\t<\/div>\n\t\t\t\t<div class=\"elementor-element elementor-element-c859b96 elementor-widget elementor-widget-gva-heading-block\" data-id=\"c859b96\" data-element_type=\"widget\" data-widget_type=\"gva-heading-block.default\">\n\t\t\t\t<div class=\"elementor-widget-container\">\n\t\t\t<div class=\"gva-element-gva-heading-block gva-element\">   <div class=\"align-left style-1 widget gsc-heading box-align-center auto-responsive\">\r\n      <div class=\"content-inner\">\r\n         \r\n                  \r\n           \r\n         \r\n                     <h2 class=\"title\">\r\n               <span>V\u00fdstava \"Sobiesz\u00f3w Palace\" m\u00e1 rozlohu p\u0159ibli\u017en\u011b 550 m\u00b2 a zahrnuje 8 tematick\u00fdch m\u00edstnost\u00ed.<\/span>\r\n            <\/h2>\r\n                              <div class=\"title-desc\">V\u00fdstava um\u00edst\u011bn\u00e1 v p\u0159\u00edzem\u00ed budovy pal\u00e1ce zve n\u00e1v\u0161t\u011bvn\u00edky na cestu \u010dasem. Jej\u00edm c\u00edlem je p\u0159edstavit historii a geologii slezsk\u00e9ho rodu Schaffgotsch\u016f.<br><br>\nV kancel\u00e1\u0159i spr\u00e1vce si n\u00e1v\u0161t\u011bvn\u00edci mohou prohl\u00e9dnout kopie origin\u00e1l\u016f poz\u016fstalostn\u00edch dokument\u016f. Rodina Schaffgotsch\u016f hospoda\u0159ila v les\u00edch na sv\u00e9m panstv\u00ed a sna\u017eila se tak\u00e9 o ochranu krkono\u0161sk\u00e9 p\u0159\u00edrody. V m\u00edstnosti lesn\u00ed spr\u00e1vy si n\u00e1v\u0161t\u011bvn\u00edci mohou vyzkou\u0161et, jak t\u011b\u017ece pracovali krkono\u0161\u0161t\u00ed d\u0159evorubci v d\u00e1vn\u00fdch dob\u00e1ch.  V dal\u0161\u00ed m\u00edstnosti se mohou n\u00e1v\u0161t\u011bvn\u00edci pod\u00edvat kuk\u00e1tkem ve speci\u00e1ln\u011b zkonstruovan\u00e9m fotopasti na z\u00e1stupce okoln\u00ed p\u0159\u00edrody - na star\u00fdch tisc\u00edch i sou\u010dasn\u00fdch p\u0159\u00edrodopisn\u00fdch filmech. <br><br>Posledn\u00ed v\u00fdstavn\u00ed m\u00edstnost vypr\u00e1v\u00ed o Krkono\u0161sk\u00e9m n\u00e1rodn\u00edm parku, kter\u00fd se jako spr\u00e1vce b\u00fdval\u00e9ho hrab\u011bc\u00edho majetku stal sv\u00fdm zp\u016fsobem d\u011bdicem rodu Schaffgotsch\u016f.\n<\/div>\r\n         \r\n         \r\n      <\/div>\r\n   <\/div>\r\n<\/div>\t\t<\/div>\n\t\t\t\t<\/div>\n\t\t\t\t\t\t<\/div>\n\t\t\t\t\t<\/div>\n\t\t<\/div>\n\t\t\t\t\t\t\t\t<\/div>\n\t\t\t\t\t<\/div>\n\t\t<\/section>\n\t\t\t\t\t\t\t\t\t<\/div>\n\t\t\t<\/div>\n\t\t\t\t\t<\/div>","protected":false},"excerpt":{"rendered":"<p>Miejsca Pa\u0142ac Sobiesz\u00f3w https:\/\/1.musictravels.pl\/wp-content\/uploads\/2023\/12\/Centrum-Natura.mp4 Centrum Przyrodniczo-Edukacyjne Karkonoskiego Parku Narodowego w\u00a0Pa\u0142acu Sobiesz\u00f3w Pa\u0142ac Sobiesz\u00f3w pochodzi z&nbsp;pocz\u0105tku XVIII w. Niegdy\u015b w&nbsp;pa\u0142acu mieszka\u0142a rodzina Schaffgotsch\u00f3w, kt\u00f3ra przez&nbsp;kilka wiek\u00f3w zarz\u0105dza\u0142a dobrami w regionie Karkonoszy wprowadzaj\u0105c pierwsze formy ochrony przyrody, a tak\u017ce wspiera\u0142a rozw\u00f3j kultury. W&nbsp;Centrum Przyrodniczo-Edukacyjnym Karkonoskiego Parku Narodowego czekaj\u0105 dwie interaktywne ekspozycje: \u201eKlimatyczne Karkonosze\u201d oraz \u201ePa\u0142ac Sobiesz\u00f3w\u201d. Pr\u00f3cz [&hellip;]<\/p>","protected":false},"author":1,"featured_media":0,"parent":0,"menu_order":0,"comment_status":"closed","ping_status":"closed","template":"","meta":{"_monsterinsights_skip_tracking":false,"_monsterinsights_sitenote_active":false,"_monsterinsights_sitenote_note":"","_monsterinsights_sitenote_category":0,"footnotes":""},"class_list":["post-1461","page","type-page","status-publish","hentry"],"yoast_head":"<!-- This site is optimized with the Yoast SEO plugin v21.4 - https:\/\/yoast.com\/wordpress\/plugins\/seo\/ -->\n<title>Pa\u0142ac Sobiesz\u00f3w - MusicTravels<\/title>\n<meta name=\"robots\" content=\"index, follow, max-snippet:-1, max-image-preview:large, max-video-preview:-1\" \/>\n<link rel=\"canonical\" href=\"https:\/\/1.musictravels.pl\/cs\/zamek-sobieszow\/\" \/>\n<meta property=\"og:locale\" content=\"cs_CZ\" \/>\n<meta property=\"og:type\" content=\"article\" \/>\n<meta property=\"og:title\" content=\"Pa\u0142ac Sobiesz\u00f3w - MusicTravels\" \/>\n<meta property=\"og:description\" content=\"Miejsca Pa\u0142ac Sobiesz\u00f3w https:\/\/1.musictravels.pl\/wp-content\/uploads\/2023\/12\/Centrum-Natura.mp4 Centrum Przyrodniczo-Edukacyjne Karkonoskiego Parku Narodowego w\u00a0Pa\u0142acu Sobiesz\u00f3w Pa\u0142ac Sobiesz\u00f3w pochodzi z&nbsp;pocz\u0105tku XVIII w. Niegdy\u015b w&nbsp;pa\u0142acu mieszka\u0142a rodzina Schaffgotsch\u00f3w, kt\u00f3ra przez&nbsp;kilka wiek\u00f3w zarz\u0105dza\u0142a dobrami w regionie Karkonoszy wprowadzaj\u0105c pierwsze formy ochrony przyrody, a tak\u017ce wspiera\u0142a rozw\u00f3j kultury. W&nbsp;Centrum Przyrodniczo-Edukacyjnym Karkonoskiego Parku Narodowego czekaj\u0105 dwie interaktywne ekspozycje: \u201eKlimatyczne Karkonosze\u201d oraz \u201ePa\u0142ac Sobiesz\u00f3w\u201d. Pr\u00f3cz [&hellip;]\" \/>\n<meta property=\"og:url\" content=\"https:\/\/1.musictravels.pl\/cs\/zamek-sobieszow\/\" \/>\n<meta property=\"og:site_name\" content=\"My Blog\" \/>\n<meta property=\"article:modified_time\" content=\"2024-01-04T20:23:30+00:00\" \/>\n<meta name=\"twitter:card\" content=\"summary_large_image\" \/>\n<meta name=\"twitter:label1\" content=\"Odhadovan\u00e1 doba \u010dten\u00ed\" \/>\n\t<meta name=\"twitter:data1\" content=\"2 minuty\" \/>\n<script type=\"application\/ld+json\" class=\"yoast-schema-graph\">{\"@context\":\"https:\/\/schema.org\",\"@graph\":[{\"@type\":\"WebPage\",\"@id\":\"https:\/\/1.musictravels.pl\/palac-sobieszow\/\",\"url\":\"https:\/\/1.musictravels.pl\/palac-sobieszow\/\",\"name\":\"Pa\u0142ac Sobiesz\u00f3w - MusicTravels\",\"isPartOf\":{\"@id\":\"https:\/\/1.musictravels.pl\/#website\"},\"datePublished\":\"2023-12-05T08:27:41+00:00\",\"dateModified\":\"2024-01-04T20:23:30+00:00\",\"breadcrumb\":{\"@id\":\"https:\/\/1.musictravels.pl\/palac-sobieszow\/#breadcrumb\"},\"inLanguage\":\"cs\",\"potentialAction\":[{\"@type\":\"ReadAction\",\"target\":[\"https:\/\/1.musictravels.pl\/palac-sobieszow\/\"]}]},{\"@type\":\"BreadcrumbList\",\"@id\":\"https:\/\/1.musictravels.pl\/palac-sobieszow\/#breadcrumb\",\"itemListElement\":[{\"@type\":\"ListItem\",\"position\":1,\"name\":\"Strona g\u0142\u00f3wna\",\"item\":\"https:\/\/1.musictravels.pl\/\"},{\"@type\":\"ListItem\",\"position\":2,\"name\":\"Pa\u0142ac Sobiesz\u00f3w\"}]},{\"@type\":\"WebSite\",\"@id\":\"https:\/\/1.musictravels.pl\/#website\",\"url\":\"https:\/\/1.musictravels.pl\/\",\"name\":\"My Blog\",\"description\":\"My WordPress Blog\",\"potentialAction\":[{\"@type\":\"SearchAction\",\"target\":{\"@type\":\"EntryPoint\",\"urlTemplate\":\"https:\/\/1.musictravels.pl\/?s={search_term_string}\"},\"query-input\":\"required name=search_term_string\"}],\"inLanguage\":\"cs\"}]}<\/script>\n<!-- \/ Yoast SEO plugin. -->","yoast_head_json":{"title":"Pa\u0142ac Sobiesz\u00f3w - MusicTravels","robots":{"index":"index","follow":"follow","max-snippet":"max-snippet:-1","max-image-preview":"max-image-preview:large","max-video-preview":"max-video-preview:-1"},"canonical":"https:\/\/1.musictravels.pl\/cs\/zamek-sobieszow\/","og_locale":"cs_CZ","og_type":"article","og_title":"Pa\u0142ac Sobiesz\u00f3w - MusicTravels","og_description":"Miejsca Pa\u0142ac Sobiesz\u00f3w https:\/\/1.musictravels.pl\/wp-content\/uploads\/2023\/12\/Centrum-Natura.mp4 Centrum Przyrodniczo-Edukacyjne Karkonoskiego Parku Narodowego w\u00a0Pa\u0142acu Sobiesz\u00f3w Pa\u0142ac Sobiesz\u00f3w pochodzi z&nbsp;pocz\u0105tku XVIII w. Niegdy\u015b w&nbsp;pa\u0142acu mieszka\u0142a rodzina Schaffgotsch\u00f3w, kt\u00f3ra przez&nbsp;kilka wiek\u00f3w zarz\u0105dza\u0142a dobrami w regionie Karkonoszy wprowadzaj\u0105c pierwsze formy ochrony przyrody, a tak\u017ce wspiera\u0142a rozw\u00f3j kultury. W&nbsp;Centrum Przyrodniczo-Edukacyjnym Karkonoskiego Parku Narodowego czekaj\u0105 dwie interaktywne ekspozycje: \u201eKlimatyczne Karkonosze\u201d oraz \u201ePa\u0142ac Sobiesz\u00f3w\u201d. Pr\u00f3cz [&hellip;]","og_url":"https:\/\/1.musictravels.pl\/cs\/zamek-sobieszow\/","og_site_name":"My Blog","article_modified_time":"2024-01-04T20:23:30+00:00","twitter_card":"summary_large_image","twitter_misc":{"Odhadovan\u00e1 doba \u010dten\u00ed":"2 minuty"},"schema":{"@context":"https:\/\/schema.org","@graph":[{"@type":"WebPage","@id":"https:\/\/1.musictravels.pl\/palac-sobieszow\/","url":"https:\/\/1.musictravels.pl\/palac-sobieszow\/","name":"Pa\u0142ac Sobiesz\u00f3w - MusicTravels","isPartOf":{"@id":"https:\/\/1.musictravels.pl\/#website"},"datePublished":"2023-12-05T08:27:41+00:00","dateModified":"2024-01-04T20:23:30+00:00","breadcrumb":{"@id":"https:\/\/1.musictravels.pl\/palac-sobieszow\/#breadcrumb"},"inLanguage":"cs","potentialAction":[{"@type":"ReadAction","target":["https:\/\/1.musictravels.pl\/palac-sobieszow\/"]}]},{"@type":"BreadcrumbList","@id":"https:\/\/1.musictravels.pl\/palac-sobieszow\/#breadcrumb","itemListElement":[{"@type":"ListItem","position":1,"name":"Strona g\u0142\u00f3wna","item":"https:\/\/1.musictravels.pl\/"},{"@type":"ListItem","position":2,"name":"Pa\u0142ac Sobiesz\u00f3w"}]},{"@type":"WebSite","@id":"https:\/\/1.musictravels.pl\/#website","url":"https:\/\/1.musictravels.pl\/","name":"My Blog","description":"My WordPress Blog","potentialAction":[{"@type":"SearchAction","target":{"@type":"EntryPoint","urlTemplate":"https:\/\/1.musictravels.pl\/?s={search_term_string}"},"query-input":"required name=search_term_string"}],"inLanguage":"cs"}]}},"_links":{"self":[{"href":"https:\/\/1.musictravels.pl\/cs\/wp-json\/wp\/v2\/pages\/1461","targetHints":{"allow":["GET"]}}],"collection":[{"href":"https:\/\/1.musictravels.pl\/cs\/wp-json\/wp\/v2\/pages"}],"about":[{"href":"https:\/\/1.musictravels.pl\/cs\/wp-json\/wp\/v2\/types\/page"}],"author":[{"embeddable":true,"href":"https:\/\/1.musictravels.pl\/cs\/wp-json\/wp\/v2\/users\/1"}],"replies":[{"embeddable":true,"href":"https:\/\/1.musictravels.pl\/cs\/wp-json\/wp\/v2\/comments?post=1461"}],"version-history":[{"count":44,"href":"https:\/\/1.musictravels.pl\/cs\/wp-json\/wp\/v2\/pages\/1461\/revisions"}],"predecessor-version":[{"id":2573,"href":"https:\/\/1.musictravels.pl\/cs\/wp-json\/wp\/v2\/pages\/1461\/revisions\/2573"}],"wp:attachment":[{"href":"https:\/\/1.musictravels.pl\/cs\/wp-json\/wp\/v2\/media?parent=1461"}],"curies":[{"name":"wp","href":"https:\/\/api.w.org\/{rel}","templated":true}]}}