{"id":1449,"date":"2023-12-05T08:12:31","date_gmt":"2023-12-05T08:12:31","guid":{"rendered":"https:\/\/1.musictravels.pl\/?page_id=1449"},"modified":"2023-12-25T13:07:36","modified_gmt":"2023-12-25T13:07:36","slug":"palac-wojanow","status":"publish","type":"page","link":"https:\/\/1.musictravels.pl\/cs\/palac-wojanow\/","title":{"rendered":"Z\u00e1mek Wojan\u00f3w"},"content":{"rendered":"<div data-elementor-type=\"wp-page\" data-elementor-id=\"1449\" class=\"elementor elementor-1449\">\n\t\t\t\t\t\t<div class=\"elementor-inner\">\n\t\t\t\t<div class=\"elementor-section-wrap\">\n\t\t\t\t\t\t\t\t\t<section class=\"elementor-section elementor-top-section elementor-element elementor-element-027b947 elementor-section-full_width elementor-section-height-default elementor-section-height-default row-top\" data-id=\"027b947\" data-element_type=\"section\">\n\t\t\t\t\t\t<div class=\"elementor-container elementor-column-gap-default\">\n\t\t\t\t\t\t\t<div class=\"elementor-row\">\n\t\t\t\t\t<div class=\"elementor-column elementor-col-100 elementor-top-column elementor-element elementor-element-d0bf791\" data-id=\"d0bf791\" data-element_type=\"column\">\n\t\t\t<div class=\"elementor-column-wrap elementor-element-populated\">\n\t\t\t\t\t\t\t<div class=\"elementor-widget-wrap\">\n\t\t\t\t\t\t<section class=\"elementor-section elementor-inner-section elementor-element elementor-element-01bc3a9 elementor-section-boxed elementor-section-height-default elementor-section-height-default row-top\" data-id=\"01bc3a9\" data-element_type=\"section\">\n\t\t\t\t\t\t<div class=\"elementor-container elementor-column-gap-default\">\n\t\t\t\t\t\t\t<div class=\"elementor-row\">\n\t\t\t\t\t<div class=\"elementor-column elementor-col-100 elementor-inner-column elementor-element elementor-element-639c088\" data-id=\"639c088\" data-element_type=\"column\">\n\t\t\t<div class=\"elementor-column-wrap elementor-element-populated\">\n\t\t\t\t\t\t\t<div class=\"elementor-widget-wrap\">\n\t\t\t\t\t\t<div class=\"elementor-element elementor-element-7938ee5 elementor-widget elementor-widget-gva-heading-block\" data-id=\"7938ee5\" data-element_type=\"widget\" data-widget_type=\"gva-heading-block.default\">\n\t\t\t\t<div class=\"elementor-widget-container\">\n\t\t\t<div class=\"gva-element-gva-heading-block gva-element\">   <div class=\"align-center style-1 widget gsc-heading box-align-center auto-responsive\">\r\n      <div class=\"content-inner\">\r\n         \r\n                  \r\n                     <div class=\"sub-title\"><span>Str\u00e1nky<\/span><\/div>\r\n           \r\n         \r\n                     <h2 class=\"title\">\r\n               <span>Z\u00e1mek Wojan\u00f3w<\/span>\r\n            <\/h2>\r\n                  \r\n         \r\n      <\/div>\r\n   <\/div>\r\n<\/div>\t\t<\/div>\n\t\t\t\t<\/div>\n\t\t\t\t\t\t<\/div>\n\t\t\t\t\t<\/div>\n\t\t<\/div>\n\t\t\t\t\t\t\t\t<\/div>\n\t\t\t\t\t<\/div>\n\t\t<\/section>\n\t\t\t\t<div class=\"elementor-element elementor-element-b92a5d5 elementor-widget elementor-widget-video\" data-id=\"b92a5d5\" data-element_type=\"widget\" data-settings=\"{&quot;video_type&quot;:&quot;hosted&quot;,&quot;autoplay&quot;:&quot;yes&quot;,&quot;play_on_mobile&quot;:&quot;yes&quot;,&quot;controls&quot;:&quot;yes&quot;}\" data-widget_type=\"video.default\">\n\t\t\t\t<div class=\"elementor-widget-container\">\n\t\t\t<style>\/*! elementor - v3.16.0 - 17-10-2023 *\/\n.elementor-widget-video .elementor-widget-container{overflow:hidden;transform:translateZ(0)}.elementor-widget-video .elementor-wrapper{aspect-ratio:var(--video-aspect-ratio)}.elementor-widget-video .elementor-wrapper iframe,.elementor-widget-video .elementor-wrapper video{height:100%;width:100%;display:flex;border:none;background-color:#000}@supports not (aspect-ratio:1\/1){.elementor-widget-video .elementor-wrapper{position:relative;overflow:hidden;height:0;padding-bottom:calc(100% \/ var(--video-aspect-ratio))}.elementor-widget-video .elementor-wrapper iframe,.elementor-widget-video .elementor-wrapper video{position:absolute;top:0;right:0;bottom:0;left:0}}.elementor-widget-video .elementor-open-inline .elementor-custom-embed-image-overlay{position:absolute;top:0;right:0;bottom:0;left:0;background-size:cover;background-position:50%}.elementor-widget-video .elementor-custom-embed-image-overlay{cursor:pointer;text-align:center}.elementor-widget-video .elementor-custom-embed-image-overlay:hover .elementor-custom-embed-play i{opacity:1}.elementor-widget-video .elementor-custom-embed-image-overlay img{display:block;width:100%;aspect-ratio:var(--video-aspect-ratio);-o-object-fit:cover;object-fit:cover;-o-object-position:center center;object-position:center center}@supports not (aspect-ratio:1\/1){.elementor-widget-video .elementor-custom-embed-image-overlay{position:relative;overflow:hidden;height:0;padding-bottom:calc(100% \/ var(--video-aspect-ratio))}.elementor-widget-video .elementor-custom-embed-image-overlay img{position:absolute;top:0;right:0;bottom:0;left:0}}.elementor-widget-video .e-hosted-video .elementor-video{-o-object-fit:cover;object-fit:cover}.e-con-inner>.elementor-widget-video,.e-con>.elementor-widget-video{width:var(--container-widget-width);--flex-grow:var(--container-widget-flex-grow)}<\/style>\t\t<div class=\"e-hosted-video elementor-wrapper elementor-open-inline\">\n\t\t\t\t\t<video class=\"elementor-video\" src=\"https:\/\/1.musictravels.pl\/wp-content\/uploads\/2023\/12\/Wojanow.mp4\" autoplay=\"\" controls=\"\" playsinline=\"\" controlslist=\"nodownload\"><\/video>\n\t\t\t\t<\/div>\n\t\t\t\t<\/div>\n\t\t\t\t<\/div>\n\t\t\t\t\t\t<\/div>\n\t\t\t\t\t<\/div>\n\t\t<\/div>\n\t\t\t\t\t\t\t\t<\/div>\n\t\t\t\t\t<\/div>\n\t\t<\/section>\n\t\t\t\t<section class=\"elementor-section elementor-top-section elementor-element elementor-element-cfe9709 elementor-section-boxed elementor-section-height-default elementor-section-height-default row-top\" data-id=\"cfe9709\" data-element_type=\"section\">\n\t\t\t\t\t\t<div class=\"elementor-container elementor-column-gap-default\">\n\t\t\t\t\t\t\t<div class=\"elementor-row\">\n\t\t\t\t\t<div class=\"elementor-column elementor-col-100 elementor-top-column elementor-element elementor-element-b600727\" data-id=\"b600727\" data-element_type=\"column\">\n\t\t\t<div class=\"elementor-column-wrap elementor-element-populated\">\n\t\t\t\t\t\t\t<div class=\"elementor-widget-wrap\">\n\t\t\t\t\t\t<div class=\"elementor-element elementor-element-3ce9dddb elementor-widget elementor-widget-gva-heading-block\" data-id=\"3ce9dddb\" data-element_type=\"widget\" data-widget_type=\"gva-heading-block.default\">\n\t\t\t\t<div class=\"elementor-widget-container\">\n\t\t\t<div class=\"gva-element-gva-heading-block gva-element\">   <div class=\"align-left style-1 widget gsc-heading box-align-center auto-responsive\">\r\n      <div class=\"content-inner\">\r\n         \r\n                  \r\n           \r\n         \r\n                     <h2 class=\"title\">\r\n               <span>Z\u00e1mek Wojan\u00f3w<\/span>\r\n            <\/h2>\r\n                              <div class=\"title-desc\">Z\u00e1mek Wojan\u00f3w je kr\u00e1sn\u00fd park a z\u00e1meck\u00fd komplex, kter\u00fd se nach\u00e1z\u00ed na \u0159ece B\u00f3br v mal\u00e9 obci Wojan\u00f3w v Doln\u00edm Slezsku, asi 10 km od Jelen\u00ed Hory. Stavba vynik\u00e1 poh\u00e1dkov\u00fdm vzhledem i rozsahem - spolu se sousedn\u00edmi budovami a parkem se rozkl\u00e1d\u00e1 na plo\u0161e 16 hektar\u016f. V sou\u010dasn\u00e9 dob\u011b slou\u017e\u00ed pal\u00e1c jako konferen\u010dn\u00ed a hotelov\u00e9 za\u0159\u00edzen\u00ed. Hotelov\u00e1 z\u00e1kladna disponuje v\u00edce ne\u017e 180 l\u016f\u017eky v\u010detn\u011b apartm\u00e1n\u016f, pokoj\u016f Premium a standardn\u00edch pokoj\u016f. Sou\u010d\u00e1st\u00ed pal\u00e1ce jsou dv\u011b restaurace s kapacitou 200 a 50 m\u00edst. Ve v\u011bt\u0161\u00ed z restaurac\u00ed je dob\u0159e z\u00e1soben\u00fd bufet a tane\u010dn\u00ed parket s dobrou hudbou. D\u00e1le je zde kav\u00e1rna, vin\u00e1rna, l\u00e1zn\u011b s okouzluj\u00edc\u00edm velk\u00fdm baz\u00e9nem, v\u00ed\u0159ivkou, mas\u00e1\u017en\u00edmi m\u00edstnostmi a v\u00edce\u00fa\u010delovou posilovnou a venkovn\u00ed tenisov\u00e9 kurty. Pro nejr\u016fzn\u011bj\u0161\u00ed kulturn\u00ed aktivity jsou k dispozici dva koncertn\u00ed s\u00e1ly s kapacitou 200 a 50 m\u00edst.<\/div>\r\n         \r\n         \r\n      <\/div>\r\n   <\/div>\r\n<\/div>\t\t<\/div>\n\t\t\t\t<\/div>\n\t\t\t\t<div class=\"elementor-element elementor-element-d16ddd7 elementor-widget elementor-widget-gva-heading-block\" data-id=\"d16ddd7\" data-element_type=\"widget\" data-widget_type=\"gva-heading-block.default\">\n\t\t\t\t<div class=\"elementor-widget-container\">\n\t\t\t<div class=\"gva-element-gva-heading-block gva-element\">   <div class=\"align-left style-1 widget gsc-heading box-align-center auto-responsive\">\r\n      <div class=\"content-inner\">\r\n         \r\n                  \r\n           \r\n         \r\n                     <h2 class=\"title\">\r\n               <span>Historie<\/span>\r\n            <\/h2>\r\n                              <div class=\"title-desc\">Prvn\u00ed zm\u00ednka o panstv\u00ed Wojan\u00f3w poch\u00e1z\u00ed z roku 1281, kdy pozemky vlastnil Eberhard von Schildau. Prvn\u00ed pal\u00e1c zde byl postaven v roce 1607. Jeho stavbu inicioval Nikolaus von Zedlitz und Nimmersatt, s\u00eddlo v\u0161ak bylo zcela zni\u010deno b\u011bhem \u0161v\u00e9dsk\u00e9 potopy. Pal\u00e1c - v barokn\u00ed podob\u011b, kterou dnes m\u016f\u017eeme obdivovat pouze v interi\u00e9rech - nechal postavit Christoph von Zedlitz v roce 1667. \n<br><br>\nV roce 1754 z\u00edskal Wojanow obchodn\u00edk Daniel von Buchs, kter\u00fd nechal pal\u00e1c barokn\u011b p\u0159estav\u011bt. V roce 1817 z\u00edskal panstv\u00ed Wojan\u00f3w Karl Sigismund von Rothkirch a po n\u011bm v letech 1832-1833 Karl Albrecht Ike, kter\u00fd pal\u00e1c zmodernizoval a zalo\u017eil zde krajin\u00e1\u0159sk\u00fd park. Budova byla p\u0159estav\u011bna v duchu novogotick\u00e9ho klasicismu. Autorem projektu byl architekt z okruhu Karla Friedricha Schinkela.<br><br>Od 18. stolet\u00ed panstv\u00ed n\u011bkolikr\u00e1t zm\u011bnilo majitele. V prvn\u00ed polovin\u011b 19. stolet\u00ed byl exteri\u00e9r panstv\u00ed d\u00edky n\u00e1padu dal\u0161\u00edho majitele Karla Albrechta Ikeho p\u0159estav\u011bn v novogotick\u00e9m stylu. Ten tak\u00e9 zalo\u017eil rozs\u00e1hl\u00fd krajin\u00e1\u0159sk\u00fd park.<br><br>\nV roce 1839 dostala pal\u00e1c Wojan\u00f3w darem od sv\u00e9ho otce, prusk\u00e9ho kr\u00e1le Fridricha Vil\u00e9ma III., nizozemsk\u00e1 princezna Luisa. Tehdy bylo rozhodnuto o p\u0159estavb\u011b pal\u00e1ce a p\u0159izp\u016fsoben\u00ed rezidence jej\u00ed nov\u00e9 funkci. Ve 30. a 40. letech 19. stolet\u00ed byl park p\u0159ebudov\u00e1n podle pl\u00e1n\u016f Petera Josefa Lenneho.  V rukou kr\u00e1lovsk\u00e9 rodiny z\u016fstal pal\u00e1c a\u017e do roku 1908, kdy jej posledn\u00ed d\u011bdi\u010dka Maria zu Wied prodala.<br><br>\nPo druh\u00e9 sv\u011btov\u00e9 v\u00e1lce se rezidence stala majetkem st\u00e1tu. Od roku 2004 je pal\u00e1c v soukrom\u00e9m vlastnictv\u00ed a rekonstrukce proveden\u00e1 v letech 2005-2007 mu navr\u00e1tila jeho n\u011bkdej\u0161\u00ed sl\u00e1vu.<\/div>\r\n         \r\n         \r\n      <\/div>\r\n   <\/div>\r\n<\/div>\t\t<\/div>\n\t\t\t\t<\/div>\n\t\t\t\t\t\t<\/div>\n\t\t\t\t\t<\/div>\n\t\t<\/div>\n\t\t\t\t\t\t\t\t<\/div>\n\t\t\t\t\t<\/div>\n\t\t<\/section>\n\t\t\t\t\t\t\t\t\t<\/div>\n\t\t\t<\/div>\n\t\t\t\t\t<\/div>","protected":false},"excerpt":{"rendered":"<p>Miejsca Pa\u0142ac Wojan\u00f3w https:\/\/1.musictravels.pl\/wp-content\/uploads\/2023\/12\/Wojanow.mp4 Pa\u0142ac Wojan\u00f3w Pa\u0142ac Wojan\u00f3w to przepi\u0119kny kompleks parkowo-pa\u0142acowy, po\u0142o\u017cony nad rzek\u0105 B\u00f3br, w niewielkiej wsi Wojan\u00f3w na Dolnym \u015al\u0105sku, ok. 10 km od Jeleniej G\u00f3ry. Obiekt wyr\u00f3\u017cnia si\u0119 bajkowym wygl\u0105dem, a tak\u017ce swoj\u0105 skal\u0105 \u2013 wraz s\u0105siaduj\u0105cymi budynkami i parkiem, zajmuje powierzchni\u0119 16 hektar\u00f3w. Obecnie pa\u0142ac pe\u0142ni funkcj\u0119 konferencyjno-hotelow\u0105. Baza hotelowa [&hellip;]<\/p>","protected":false},"author":1,"featured_media":0,"parent":0,"menu_order":0,"comment_status":"closed","ping_status":"closed","template":"","meta":{"_monsterinsights_skip_tracking":false,"_monsterinsights_sitenote_active":false,"_monsterinsights_sitenote_note":"","_monsterinsights_sitenote_category":0,"footnotes":""},"class_list":["post-1449","page","type-page","status-publish","hentry"],"yoast_head":"<!-- This site is optimized with the Yoast SEO plugin v21.4 - https:\/\/yoast.com\/wordpress\/plugins\/seo\/ -->\n<title>Pa\u0142ac Wojan\u00f3w - MusicTravels<\/title>\n<meta name=\"robots\" content=\"index, follow, max-snippet:-1, max-image-preview:large, max-video-preview:-1\" \/>\n<link rel=\"canonical\" href=\"https:\/\/1.musictravels.pl\/cs\/palac-wojanow\/\" \/>\n<meta property=\"og:locale\" content=\"cs_CZ\" \/>\n<meta property=\"og:type\" content=\"article\" \/>\n<meta property=\"og:title\" content=\"Pa\u0142ac Wojan\u00f3w - MusicTravels\" \/>\n<meta property=\"og:description\" content=\"Miejsca Pa\u0142ac Wojan\u00f3w https:\/\/1.musictravels.pl\/wp-content\/uploads\/2023\/12\/Wojanow.mp4 Pa\u0142ac Wojan\u00f3w Pa\u0142ac Wojan\u00f3w to przepi\u0119kny kompleks parkowo-pa\u0142acowy, po\u0142o\u017cony nad rzek\u0105 B\u00f3br, w niewielkiej wsi Wojan\u00f3w na Dolnym \u015al\u0105sku, ok. 10 km od Jeleniej G\u00f3ry. Obiekt wyr\u00f3\u017cnia si\u0119 bajkowym wygl\u0105dem, a tak\u017ce swoj\u0105 skal\u0105 \u2013 wraz s\u0105siaduj\u0105cymi budynkami i parkiem, zajmuje powierzchni\u0119 16 hektar\u00f3w. Obecnie pa\u0142ac pe\u0142ni funkcj\u0119 konferencyjno-hotelow\u0105. Baza hotelowa [&hellip;]\" \/>\n<meta property=\"og:url\" content=\"https:\/\/1.musictravels.pl\/cs\/palac-wojanow\/\" \/>\n<meta property=\"og:site_name\" content=\"My Blog\" \/>\n<meta property=\"article:modified_time\" content=\"2023-12-25T13:07:36+00:00\" \/>\n<meta name=\"twitter:card\" content=\"summary_large_image\" \/>\n<meta name=\"twitter:label1\" content=\"Odhadovan\u00e1 doba \u010dten\u00ed\" \/>\n\t<meta name=\"twitter:data1\" content=\"3 minuty\" \/>\n<script type=\"application\/ld+json\" class=\"yoast-schema-graph\">{\"@context\":\"https:\/\/schema.org\",\"@graph\":[{\"@type\":\"WebPage\",\"@id\":\"https:\/\/1.musictravels.pl\/palac-wojanow\/\",\"url\":\"https:\/\/1.musictravels.pl\/palac-wojanow\/\",\"name\":\"Pa\u0142ac Wojan\u00f3w - MusicTravels\",\"isPartOf\":{\"@id\":\"https:\/\/1.musictravels.pl\/#website\"},\"datePublished\":\"2023-12-05T08:12:31+00:00\",\"dateModified\":\"2023-12-25T13:07:36+00:00\",\"breadcrumb\":{\"@id\":\"https:\/\/1.musictravels.pl\/palac-wojanow\/#breadcrumb\"},\"inLanguage\":\"cs\",\"potentialAction\":[{\"@type\":\"ReadAction\",\"target\":[\"https:\/\/1.musictravels.pl\/palac-wojanow\/\"]}]},{\"@type\":\"BreadcrumbList\",\"@id\":\"https:\/\/1.musictravels.pl\/palac-wojanow\/#breadcrumb\",\"itemListElement\":[{\"@type\":\"ListItem\",\"position\":1,\"name\":\"Strona g\u0142\u00f3wna\",\"item\":\"https:\/\/1.musictravels.pl\/\"},{\"@type\":\"ListItem\",\"position\":2,\"name\":\"Pa\u0142ac Wojan\u00f3w\"}]},{\"@type\":\"WebSite\",\"@id\":\"https:\/\/1.musictravels.pl\/#website\",\"url\":\"https:\/\/1.musictravels.pl\/\",\"name\":\"My Blog\",\"description\":\"My WordPress Blog\",\"potentialAction\":[{\"@type\":\"SearchAction\",\"target\":{\"@type\":\"EntryPoint\",\"urlTemplate\":\"https:\/\/1.musictravels.pl\/?s={search_term_string}\"},\"query-input\":\"required name=search_term_string\"}],\"inLanguage\":\"cs\"}]}<\/script>\n<!-- \/ Yoast SEO plugin. -->","yoast_head_json":{"title":"Pa\u0142ac Wojan\u00f3w - MusicTravels","robots":{"index":"index","follow":"follow","max-snippet":"max-snippet:-1","max-image-preview":"max-image-preview:large","max-video-preview":"max-video-preview:-1"},"canonical":"https:\/\/1.musictravels.pl\/cs\/palac-wojanow\/","og_locale":"cs_CZ","og_type":"article","og_title":"Pa\u0142ac Wojan\u00f3w - MusicTravels","og_description":"Miejsca Pa\u0142ac Wojan\u00f3w https:\/\/1.musictravels.pl\/wp-content\/uploads\/2023\/12\/Wojanow.mp4 Pa\u0142ac Wojan\u00f3w Pa\u0142ac Wojan\u00f3w to przepi\u0119kny kompleks parkowo-pa\u0142acowy, po\u0142o\u017cony nad rzek\u0105 B\u00f3br, w niewielkiej wsi Wojan\u00f3w na Dolnym \u015al\u0105sku, ok. 10 km od Jeleniej G\u00f3ry. Obiekt wyr\u00f3\u017cnia si\u0119 bajkowym wygl\u0105dem, a tak\u017ce swoj\u0105 skal\u0105 \u2013 wraz s\u0105siaduj\u0105cymi budynkami i parkiem, zajmuje powierzchni\u0119 16 hektar\u00f3w. Obecnie pa\u0142ac pe\u0142ni funkcj\u0119 konferencyjno-hotelow\u0105. Baza hotelowa [&hellip;]","og_url":"https:\/\/1.musictravels.pl\/cs\/palac-wojanow\/","og_site_name":"My Blog","article_modified_time":"2023-12-25T13:07:36+00:00","twitter_card":"summary_large_image","twitter_misc":{"Odhadovan\u00e1 doba \u010dten\u00ed":"3 minuty"},"schema":{"@context":"https:\/\/schema.org","@graph":[{"@type":"WebPage","@id":"https:\/\/1.musictravels.pl\/palac-wojanow\/","url":"https:\/\/1.musictravels.pl\/palac-wojanow\/","name":"Pa\u0142ac Wojan\u00f3w - MusicTravels","isPartOf":{"@id":"https:\/\/1.musictravels.pl\/#website"},"datePublished":"2023-12-05T08:12:31+00:00","dateModified":"2023-12-25T13:07:36+00:00","breadcrumb":{"@id":"https:\/\/1.musictravels.pl\/palac-wojanow\/#breadcrumb"},"inLanguage":"cs","potentialAction":[{"@type":"ReadAction","target":["https:\/\/1.musictravels.pl\/palac-wojanow\/"]}]},{"@type":"BreadcrumbList","@id":"https:\/\/1.musictravels.pl\/palac-wojanow\/#breadcrumb","itemListElement":[{"@type":"ListItem","position":1,"name":"Strona g\u0142\u00f3wna","item":"https:\/\/1.musictravels.pl\/"},{"@type":"ListItem","position":2,"name":"Pa\u0142ac Wojan\u00f3w"}]},{"@type":"WebSite","@id":"https:\/\/1.musictravels.pl\/#website","url":"https:\/\/1.musictravels.pl\/","name":"My Blog","description":"My WordPress Blog","potentialAction":[{"@type":"SearchAction","target":{"@type":"EntryPoint","urlTemplate":"https:\/\/1.musictravels.pl\/?s={search_term_string}"},"query-input":"required name=search_term_string"}],"inLanguage":"cs"}]}},"_links":{"self":[{"href":"https:\/\/1.musictravels.pl\/cs\/wp-json\/wp\/v2\/pages\/1449","targetHints":{"allow":["GET"]}}],"collection":[{"href":"https:\/\/1.musictravels.pl\/cs\/wp-json\/wp\/v2\/pages"}],"about":[{"href":"https:\/\/1.musictravels.pl\/cs\/wp-json\/wp\/v2\/types\/page"}],"author":[{"embeddable":true,"href":"https:\/\/1.musictravels.pl\/cs\/wp-json\/wp\/v2\/users\/1"}],"replies":[{"embeddable":true,"href":"https:\/\/1.musictravels.pl\/cs\/wp-json\/wp\/v2\/comments?post=1449"}],"version-history":[{"count":44,"href":"https:\/\/1.musictravels.pl\/cs\/wp-json\/wp\/v2\/pages\/1449\/revisions"}],"predecessor-version":[{"id":2370,"href":"https:\/\/1.musictravels.pl\/cs\/wp-json\/wp\/v2\/pages\/1449\/revisions\/2370"}],"wp:attachment":[{"href":"https:\/\/1.musictravels.pl\/cs\/wp-json\/wp\/v2\/media?parent=1449"}],"curies":[{"name":"wp","href":"https:\/\/api.w.org\/{rel}","templated":true}]}}